{"id":2772,"date":"2023-09-29T12:44:56","date_gmt":"2023-09-29T12:44:56","guid":{"rendered":"https:\/\/satmediawp.edv-kroiss.com\/?page_id=2772"},"modified":"2023-09-29T12:47:03","modified_gmt":"2023-09-29T12:47:03","slug":"retouren","status":"publish","type":"page","link":"https:\/\/satmediawp.edv-kroiss.com\/en\/retouren\/","title":{"rendered":"Returns"},"content":{"rendered":"<p>Du bist mit einem Produkt nicht zufrieden, m\u00f6chtest deine Bestellung zur\u00fccksenden oder eine Garantie- bzw. Reparatursendung erstellen? Als Kunde mit einem Kundenkonto kannst du dich einfach einloggen und deine Retoure unter <a href=\"\/en\/my-account\/orders\/\">Bestellungen<\/a> zur jeweiligen Bestellung hinzuf\u00fcgen.<\/p>\n\n\n\n<p>G\u00e4ste nutzen bitte das nachfolgende Formular. Du erh\u00e4lst eine E-Mail mit einem Link \u00fcber den du deine Retoure anlegen kannst. Anschlie\u00dfend pr\u00fcfen wir deine Retoure und setzen uns mit Ihnen in Kontakt.<\/p>\n\n\n<div class=\"woocommerce\"><\/div>\n\n\n<form class=\"woocommerce-form woocommerce-form-return-request return-request\" method=\"post\" action=\"\" >\n\n\t\n\t\n\t<p class=\"form-row form-row-first\">\n\t\t<label for=\"return-request-email\">Order email&nbsp;<span class=\"required\">*<\/span><\/label>\n\t\t<input type=\"text\" class=\"input-text\" name=\"email\" id=\"return-request-email\" autocomplete=\"email\" \/>\n\t<\/p>\n\n\t<p class=\"form-row form-row-last\">\n\t\t<label for=\"return-request-order-id\">Order id&nbsp;<span class=\"required\">*<\/span><\/label>\n\t\t<input type=\"text\" class=\"input-text\" name=\"order_id\" id=\"return-request-order-id\" autocomplete=\"off\" \/>\n\t<\/p>\n\n\t<div class=\"clear\"><\/div>\n\n\t\n\t<p class=\"form-row\">\n\t\t<input type=\"hidden\" id=\"woocommerce-gzd-return-request-nonce\" name=\"woocommerce-gzd-return-request-nonce\" value=\"15bcf3c90e\" \/><input type=\"hidden\" name=\"_wp_http_referer\" value=\"\/en\/wp-json\/wp\/v2\/pages\/2772\" \/>\t\t<button type=\"submit\" class=\"woocommerce-button button woocommerce-form-return_request__submit\" name=\"return_request\" value=\"Submit\">Submit<\/button>\n\t<\/p>\n\n\t<div class=\"clear\"><\/div>\n\n\t\n<input type=\"hidden\" name=\"trp-form-language\" value=\"en\"\/><\/form>","protected":false},"excerpt":{"rendered":"<p>Du bist mit einem Produkt nicht zufrieden, m\u00f6chtest deine Bestellung zur\u00fccksenden oder eine Garantie- bzw. Reparatursendung erstellen? Als Kunde mit einem Kundenkonto [&hellip;]<\/p>","protected":false},"author":1,"featured_media":0,"parent":0,"menu_order":0,"comment_status":"closed","ping_status":"closed","template":"","meta":{"footnotes":""},"_links":{"self":[{"href":"https:\/\/satmediawp.edv-kroiss.com\/en\/wp-json\/wp\/v2\/pages\/2772"}],"collection":[{"href":"https:\/\/satmediawp.edv-kroiss.com\/en\/wp-json\/wp\/v2\/pages"}],"about":[{"href":"https:\/\/satmediawp.edv-kroiss.com\/en\/wp-json\/wp\/v2\/types\/page"}],"author":[{"embeddable":true,"href":"https:\/\/satmediawp.edv-kroiss.com\/en\/wp-json\/wp\/v2\/users\/1"}],"replies":[{"embeddable":true,"href":"https:\/\/satmediawp.edv-kroiss.com\/en\/wp-json\/wp\/v2\/comments?post=2772"}],"version-history":[{"count":0,"href":"https:\/\/satmediawp.edv-kroiss.com\/en\/wp-json\/wp\/v2\/pages\/2772\/revisions"}],"wp:attachment":[{"href":"https:\/\/satmediawp.edv-kroiss.com\/en\/wp-json\/wp\/v2\/media?parent=2772"}],"curies":[{"name":"wp","href":"https:\/\/api.w.org\/{rel}","templated":true}]}}