{"id":2949,"date":"2023-11-21T14:33:54","date_gmt":"2023-11-21T13:33:54","guid":{"rendered":"https:\/\/satmediawp.edv-kroiss.com\/?page_id=2949"},"modified":"2024-05-08T12:15:12","modified_gmt":"2024-05-08T10:15:12","slug":"haendlerregistrierung","status":"publish","type":"page","link":"https:\/\/satmediawp.edv-kroiss.com\/en\/haendlerregistrierung\/","title":{"rendered":"H\u00e4ndlerregistrierung"},"content":{"rendered":"<p style=\"font-size:16px\">Bitte f\u00fcllen Sie das Anmeldeformular f\u00fcr die Registrierung aus.<br>Ihre Freischaltung erfolgt innerhalb von 1-2 Werktagen!<\/p>\n\n\n\n<div class=\"wp-block-columns is-layout-flex wp-container-core-columns-is-layout-1 wp-block-columns-is-layout-flex\">\n<div class=\"wp-block-column is-layout-flow wp-block-column-is-layout-flow\" style=\"flex-basis:60%\">\n<h3 class=\"wp-block-heading\">Anmeldeformular<\/h3>\n\n\n\n<div style=\"height:1px\" aria-hidden=\"true\" class=\"wp-block-spacer\"><\/div>\n\n\n<style id=\"whx_form_css\"> :root { --wsx-input-color: #343A46;\n--wsx-input-bg: #FFF;\n--wsx-input-border-color: #E9E9F0;\n--wsx-input-placeholder-color: #6C6E77;\n--wsx-form-label-color: #343A46;\n--wsx-input-focus-color: #343A46;\n--wsx-input-focus-bg: #FFF;\n--wsx-input-focus-border-color: #6C6CFF;\n--wsx-form-label-color-active: #343A46;\n--wsx-input-warning-color: #FF6C6C;\n--wsx-input-warning-bg: #FFF;\n--wsx-input-warning-border-color: #FF6C6C;\n--wsx-form-label-color-warning: #343A46;\n--wsx-login-input-color: #343A46;\n--wsx-login-input-bg: #FFF;\n--wsx-login-input-border-color: #E9E9F0;\n--wsx-login-input-placeholder-color: #6C6E77;\n--wsx-login-form-label-color: #343A46;\n--wsx-login-input-focus-color: #343A46;\n--wsx-login-input-focus-bg: #FFF;\n--wsx-login-input-focus-border-color: #6C6CFF;\n--wsx-login-form-label-color-active: #343A46;\n--wsx-login-input-warning-color: #FF6C6C;\n--wsx-login-input-warning-bg: #FFF;\n--wsx-login-input-warning-border-color: #FF6C6C;\n--wsx-login-form-label-color-warning: #343A46;\n--wsx-form-button-color: #fff;\n--wsx-form-button-bg: #6C6CFF;\n--wsx-form-button-border-color: ;\n--wsx-form-button-hover-color: #fff;\n--wsx-form-button-hover-bg: #1a1ac3;\n--wsx-form-button-hover-border-color: ;\n--wsx-login-form-button-color: #fff;\n--wsx-login-form-button-bg: #6C6CFF;\n--wsx-login-form-button-border-color: ;\n--wsx-login-form-button-hover-color: #fff;\n--wsx-login-form-button-hover-bg: #1a1ac3;\n--wsx-login-form-button-hover-border-color: ;\n--wsx-form-container-bg: #FFF;\n--wsx-form-container-border-color: #E9E9F0;\n--wsx-form-reg-bg: #FFF;\n--wsx-form-reg-border-color: ;\n--wsx-login-bg: #FFF;\n--wsx-login-border-color: ;\n--wsx-form-label-font-size: 14px;\n--wsx-form-label-weight: 500;\n--wsx-form-label-case-transform: px;\n--wsx-input-font-size: 14px;\n--wsx-input-weight: 400;\n--wsx-input-case-transform: ;\n--wsx-form-button-font-size: 14px;\n--wsx-form-button-weight: 500;\n--wsx-form-button-case-transform: ;\n--wsx-input-padding: 16px;\n--wsx-input-width: 395px;\n--wsx-input-border-width: 1px;\n--wsx-input-border-radius: 2px;\n--wsx-form-button-padding: 13px;\n--wsx-form-button-width: 50%;\n--wsx-form-button-border-width: 0px;\n--wsx-form-button-border-radius: 2px;\n--wsx-form-button-align: left;\n--wsx-form-container-width: 1200px;\n--wsx-form-container-border-width: 1px;\n--wsx-form-container-border-radius: 16px;\n--wsx-form-container-padding: 0px;\n--wsx-form-container-separator: 1px;\n--wsx-login-width: px;\n--wsx-login-border-width: 0px;\n--wsx-login-padding: 54px;\n--wsx-login-border-radius: 16px;\n--wsx-form-reg-width: px;\n--wsx-form-reg-border-width: 0px;\n--wsx-form-reg-padding: 54px;\n--wsx-form-reg-border-radius: 16px;\n--wsx-login-title-font-size: 24px;\n--wsx-login-title-case-transform: ;\n--wsx-login-title-font-weight: 500;\n--wsx-login-title-color: #343A46;\n--wsx-login-description-font-size: 14px;\n--wsx-login-description-case-transform: ;\n--wsx-login-description-font-weight: 400;\n--wsx-login-description-color: #343A46;\n--wsx-reg-title-font-size: 24px;\n--wsx-reg-title-case-transform: ;\n--wsx-reg-title-font-weight: 500;\n--wsx-reg-title-color: #343A46;\n--wsx-reg-description-font-size: 14px;\n--wsx-reg-description-case-transform: ;\n--wsx-reg-description-font-weight: 400;\n--wsx-reg-description-color: #343A46; } <\/style><div class=\"woocommerce-notices-wrapper\"><\/div>\t\t\t<div class=\"wholesalex-form-wrapper wsx-form-wrapper_frontend wsx-without-login wsx_variation_1\">\r\n\t\t\t<div class=\"wholesalex_circular_loading__wrapper\">\r\n\t\t\t\t<div class=\"wholesalex_loading_spinner\">\r\n\t\t\t\t\t<svg viewbox=\"25 25 50 50\" class=\"move_circular\">\r\n\t\t\t\t\t\t<circle\r\n\t\t\t\t\t\t\tcx=\"50\"\r\n\t\t\t\t\t\t\tcy=\"50\"\r\n\t\t\t\t\t\t\tr=\"20\"\r\n\t\t\t\t\t\t\tfill=\"none\"\r\n\t\t\t\t\t\t\tclass=\"wholesalex_circular_loading_icon\"\r\n\t\t\t\t\t\t><\/circle>\r\n\t\t\t\t\t<\/svg>\r\n\t\t\t\t<\/div>\r\n\t\t\t<\/div>\r\n\t\t\t\t\t<form class=\"wholesalex-registration-form\" enctype=\"multipart\/form-data\" action=\"\">\r\n\t\t\t\t\t\t\t\t\t<div class=\"wholesalex-fields-wrapper wsx-reg-fields wsx-fields-container\">\r\n\t\t\t\t\t\t\t\t<div class=\"wsx-reg-form-row\">\r\n\t\t\t\t\t\t\t\t\t\t<div data-wsx-exclude=\"\" class=\"wholesalex-registration-form-column left wsx-field wsx-field-required wsx-field-user_email\" style=\"\"> \r\n\t\t\t\t\t\t\r\n\t\t\t\t\t\t\t\t\t\t\t\t<div  class=\"wsx-form-field\">\r\n\t\t\t\t\t\t\t\t\t\t\t\t\t\t\t<div class=\"wsx-field-heading\">\r\n\t\t\t\t\t\t\t\t\t\t\t\t\t\t\t\t\t<label class='wsx-form-label' for=\"user_email\">\r\n\t\t\t\t\t\t\t\t\t\tEmail\t\t\t\t\t\t\t\t\t\t  \r\n                                                 <span aria-label=\"required\">*<\/span>\r\n                                                \t\t\t\t\t\t\t\t\t<\/label>\r\n\t\t\t\t\t\t\t\t\t\t\t\t\t\t\t\t<\/div>\r\n\t\t\t\t\t\t\t\t\t\t\t\t\t\t\t\r\n\t\t\t\t\t\t\t<input id=\"user_email\" type=\"email\" name=\"user_email\"  placeholder=\"example@example.com\" \/>\r\n\t\t\t\t\t\t<\/div>\r\n\t\t\t\t\t\t\r\n\t\t\t\t\t\t\t\t\t\t\t\t<span class='wsx-form-field-warning-message user_email'><\/span>\r\n\t\t\t\t\t\t\t\t\t\t\t\t<\/div>\r\n\t\t\t\t\t\t\t\t\t<\/div>\r\n\t\t\t\t\t\t<div class=\"wsx-reg-form-row\">\r\n\t\t\t\t\t\t\t\t\t\t<div data-wsx-exclude=\"\" class=\"wholesalex-registration-form-column left wsx-field wsx-field-required wsx-field-user_pass\" style=\"\"> \r\n\t\t\t\t\t\t\r\n\t\t\t\t\t\t\t\t\t\t\t\t<div class=\"wsx-form-field\">\r\n\t\t\t\t\t\t\t\t\t\t\t\t\t\t\t\t<div class=\"wsx-field-heading\">\r\n\t\t\t\t\t\t\t\t\t\t\t\t\t\t\t\t\t\t\t\t\t<label class='wsx-form-label' for=\"user_pass\">\r\n\t\t\t\t\t\t\t\t\t\t\t\tPassword\t\t\t\t\t\t\t\t\t\t\t\t  \r\n                                                 <span aria-label=\"required\">*<\/span>\r\n                                                \t\t\t\t\t\t\t\t\t\t\t<\/label>\r\n\t\t\t\t\t\t\t\t\t\t\t\t\t\t\t\t\t\t\t<\/div>\r\n\t\t\t\t\t\t\t\t\t\t\t\t\t\t\t\t\r\n\t\t\t\t\t\t\t<input id=\"user_pass\" type='password' name=\"user_pass\"  minlength=\"\" maxlength=\"\" size=\"\"  placeholder=\"Passwort\" \/>\r\n\t\t\t\t\t\t<\/div>\r\n\t\t\t\t\t\t\t\t\t\t\t\t\t\t\t\t\t\t<span class='wsx-form-field-warning-message user_pass'><\/span>\r\n\t\t\t\t\t\t\t\t\t\t\t\t<\/div>\r\n\t\t\t\t\t\t\t\t\t<\/div>\r\n\t\t\t\t\t\t<div class=\"wsx-reg-form-row\">\r\n\t\t\t\t\t\t\t\t\t\t<div data-wsx-exclude=\"\" class=\"wholesalex-registration-form-column left wsx-field  wsx-field-first_name\" style=\"\"> \r\n\t\t\t\t\t\t\r\n\t\t\t\t\t\t\t\t\t\t\t\t<div  class=\"wsx-form-field\">\r\n\t\t\t\t\t\t\t\t\t\t\t\t\t\t\t<div class=\"wsx-field-heading\">\r\n\t\t\t\t\t\t\t\t\t\t\t\t\t\t\t\t\t<label class='wsx-form-label' for=\"first_name\">\r\n\t\t\t\t\t\t\t\t\t\tFirst Name\t\t\t\t\t\t\t\t\t\t\t\t\t\t\t\t\t\t\t<\/label>\r\n\t\t\t\t\t\t\t\t\t\t\t\t\t\t\t\t<\/div>\r\n\t\t\t\t\t\t\t\t\t\t\t\t\t\t\t\r\n\t\t\t\t\t\t\t<input id=\"first_name\" type=\"text\" name=\"first_name\"  placeholder=\"Vorname\" \/>\r\n\t\t\t\t\t\t<\/div>\r\n\t\t\t\t\t\t\r\n\t\t\t\t\t\t\t\t\t\t\t\t<span class='wsx-form-field-warning-message first_name'><\/span>\r\n\t\t\t\t\t\t\t\t\t\t\t\t<\/div>\r\n\t\t\t\t\t\t\t\t\t<\/div>\r\n\t\t\t\t\t\t<div class=\"wsx-reg-form-row\">\r\n\t\t\t\t\t\t\t\t\t\t<div data-wsx-exclude=\"\" class=\"wholesalex-registration-form-column left wsx-field  wsx-field-last_name\" style=\"\"> \r\n\t\t\t\t\t\t\r\n\t\t\t\t\t\t\t\t\t\t\t\t<div  class=\"wsx-form-field\">\r\n\t\t\t\t\t\t\t\t\t\t\t\t\t\t\t<div class=\"wsx-field-heading\">\r\n\t\t\t\t\t\t\t\t\t\t\t\t\t\t\t\t\t<label class='wsx-form-label' for=\"last_name\">\r\n\t\t\t\t\t\t\t\t\t\tLast Name\t\t\t\t\t\t\t\t\t\t\t\t\t\t\t\t\t\t\t<\/label>\r\n\t\t\t\t\t\t\t\t\t\t\t\t\t\t\t\t<\/div>\r\n\t\t\t\t\t\t\t\t\t\t\t\t\t\t\t\r\n\t\t\t\t\t\t\t<input id=\"last_name\" type=\"text\" name=\"last_name\"  placeholder=\"Nachname\" \/>\r\n\t\t\t\t\t\t<\/div>\r\n\t\t\t\t\t\t\r\n\t\t\t\t\t\t\t\t\t\t\t\t<span class='wsx-form-field-warning-message last_name'><\/span>\r\n\t\t\t\t\t\t\t\t\t\t\t\t<\/div>\r\n\t\t\t\t\t\t\t\t\t<\/div>\r\n\t\t\t\t\t\t<div class=\"wsx-reg-form-row\">\r\n\t\t\t\t\t\t\t\t\t\t<div data-wsx-exclude=\"\" class=\"wholesalex-registration-form-column left wsx-field  wsx-field-nickname\" style=\"\"> \r\n\t\t\t\t\t\t\r\n\t\t\t\t\t\t\t\t\t\t\t\t<div  class=\"wsx-form-field\">\r\n\t\t\t\t\t\t\t\t\t\t\t\t\t\t\t<div class=\"wsx-field-heading\">\r\n\t\t\t\t\t\t\t\t\t\t\t\t\t\t\t\t\t<label class='wsx-form-label' for=\"nickname\">\r\n\t\t\t\t\t\t\t\t\t\tCompany Name\t\t\t\t\t\t\t\t\t\t\t\t\t\t\t\t\t\t\t<\/label>\r\n\t\t\t\t\t\t\t\t\t\t\t\t\t\t\t\t<\/div>\r\n\t\t\t\t\t\t\t\t\t\t\t\t\t\t\t\r\n\t\t\t\t\t\t\t<input id=\"nickname\" type=\"text\" name=\"nickname\"  placeholder=\"Firmenname\" \/>\r\n\t\t\t\t\t\t<\/div>\r\n\t\t\t\t\t\t\r\n\t\t\t\t\t\t\t\t\t\t\t\t<span class='wsx-form-field-warning-message nickname'><\/span>\r\n\t\t\t\t\t\t\t\t\t\t\t\t<\/div>\r\n\t\t\t\t\t\t\t\t\t<\/div>\r\n\t\t\t\t\t\t<div class=\"wsx-reg-form-row\">\r\n\t\t\t\t\t\t\t\t\t\t<div data-wsx-exclude=\"\" class=\"wholesalex-registration-form-column left wsx-field  wsx-field-display_name\" style=\"\"> \r\n\t\t\t\t\t\t\r\n\t\t\t\t\t\t\t\t\t\t\t\t<div  class=\"wsx-form-field\">\r\n\t\t\t\t\t\t\t\t\t\t\t\t\t\t\t<div class=\"wsx-field-heading\">\r\n\t\t\t\t\t\t\t\t\t\t\t\t\t\t\t\t\t<label class='wsx-form-label' for=\"display_name\">\r\n\t\t\t\t\t\t\t\t\t\tUID\/VAT Number\t\t\t\t\t\t\t\t\t\t\t\t\t\t\t\t\t\t\t<\/label>\r\n\t\t\t\t\t\t\t\t\t\t\t\t\t\t\t\t<\/div>\r\n\t\t\t\t\t\t\t\t\t\t\t\t\t\t\t\r\n\t\t\t\t\t\t\t<input id=\"display_name\" type=\"text\" name=\"display_name\"  placeholder=\"Umsatzsteuer ID Nummer\" \/>\r\n\t\t\t\t\t\t<\/div>\r\n\t\t\t\t\t\t\r\n\t\t\t\t\t\t\t\t\t\t\t\t<span class='wsx-form-field-warning-message display_name'><\/span>\r\n\t\t\t\t\t\t\t\t\t\t\t\t<\/div>\r\n\t\t\t\t\t\t\t\t\t<\/div>\r\n\t\t\t\t\t\t<div class=\"wsx-reg-form-row\">\r\n\t\t\t\t\t\t\t\t\t\t<div data-wsx-exclude=\"\" class=\"wholesalex-registration-form-column left wsx-field wsx-field-required wsx-field-wholesalex_registration_role\" style=\"\"> \r\n\t\t\t\t\t\t\r\n\t\t\t\t\t\t\t\t\t\t\t\t<div class=\"wsx-form-field\">\r\n\t\t\t\t\t\t\t\t\t\t\t\t\t\t\t\t<div class=\"wsx-field-heading\">\r\n\t\t\t\t\t\t\t\t\t\t\t\t\t\t\t\t\t\t\t<label class='wsx-form-label' for=\"wholesalex_registration_role\">\r\n\t\t\t\t\t\t\t\t\t\t\tSelect Registration Roles\t\t\t\t\t\t\t\t\t\t\t  \r\n                                                 <span aria-label=\"required\">*<\/span>\r\n                                                \t\t\t\t\t\t\t\t\t\t<\/label>\r\n\t\t\t\t\t\t\t\t\t\t\t\t\t\t\t\t\t<\/div>\r\n\t\t\t\t\t\t\t\t\t\t\t\t\t\t\t\r\n\t\t\t\t\t\t\t<select name=\"wholesalex_registration_role\" id=\"wholesalex_registration_role\">\r\n\t\t\t\t\t\t\t\t\t\t\t\t\t\t\t\t\t<option value=\"\">Select Role<\/option>\r\n\t\t\t\t\t\t\t\t\t\t\t\t\t\t\t\t\t<option value=\"wholesalex_b2b_role_1693557162752\">H\u00e4ndler<\/option>\r\n\t\t\t\t\t\t\t\t\t\t\t\t\t\t\t<\/select>\r\n\t\t\t\t\t\t<\/div>\r\n\t\t\t\t\t\t\t\t\t\t\t\t<span class='wsx-form-field-warning-message wholesalex_registration_role'><\/span>\r\n\t\t\t\t\t\t\t\t\t\t\t\t<\/div>\r\n\t\t\t\t\t\t\t\t\t<\/div>\r\n\t\t\t\t\t\t\t\t<\/div>\r\n\r\n\t\t\t\t\t<input type=\"hidden\" name=\"action\" value=\"wholesalex_process_registration\" \/>\r\n\r\n\t\t\t\t\t<input type=\"hidden\" id=\"wholesalex-registration-nonce\" name=\"wholesalex-registration-nonce\" value=\"c3835c2618\" \/><input type=\"hidden\" name=\"_wp_http_referer\" value=\"\/en\/wp-json\/wp\/v2\/pages\/2949\" \/><div class=\"wsx-form-btn-wrapper\"><button class=\"wsx-register-btn\">Register<\/button><\/div>\t\t\t\t\t\r\n\t\t\t<input type=\"hidden\" name=\"trp-form-language\" value=\"en\"\/><\/form>\r\n\t\t\t\t\t<\/div>\r\n\t\t\n<\/div>\n\n\n\n<div class=\"wp-block-column is-layout-flow wp-block-column-is-layout-flow\" style=\"flex-basis:40%\">\n<h4 class=\"wp-block-heading\">Satmedia Austria<\/h4>\n\n\n\n<div style=\"height:15px\" aria-hidden=\"true\" class=\"wp-block-spacer\"><\/div>\n\n\n\n<p>Holzh\u00e4useln 6, 4681 Rottenbach<\/p>\n\n\n\n<p class=\"smallmargin has-small-font-size\">PHONE:<br><\/p>\n\n\n\n<p><a href=\"tel:0043773229283\" data-type=\"tel\" data-id=\"tel:0123456789\">+43 7732 29283<\/a><\/p>\n\n\n\n<p class=\"smallmargin has-small-font-size\">E-MAIL:<\/p>\n\n\n\n<p><a href=\"mailto:info@satmedia.at\">info@satmedia.at<\/a><\/p>\n\n\n\n<div style=\"height:1px\" aria-hidden=\"true\" class=\"wp-block-spacer\"><\/div>\n\n\n\n<h4 class=\"wp-block-heading\">\u00d6ffnungszeiten:<\/h4>\n\n\n\n<div style=\"height:15px\" aria-hidden=\"true\" class=\"wp-block-spacer\"><\/div>\n\n\n\n<p class=\"smallmargin\">Abholung nur nach Terminverinbarung!<\/p>\n\n\n\n<p>Mo &#8211; Di: 09:00-12:00 \/ 13:30-16:30<br>Do &#8211; Fr: 09:00-12:00 \/ 13:30-16:30<\/p>\n<\/div>\n<\/div>","protected":false},"excerpt":{"rendered":"<p>Bitte f\u00fcllen Sie das Anmeldeformular f\u00fcr die Registrierung aus.Ihre Freischaltung erfolgt innerhalb von 1-2 Werktagen! Anmeldeformular Satmedia Austria Holzh\u00e4useln 6, 4681 Rottenbach [&hellip;]<\/p>","protected":false},"author":1,"featured_media":0,"parent":0,"menu_order":0,"comment_status":"closed","ping_status":"closed","template":"","meta":{"footnotes":""},"_links":{"self":[{"href":"https:\/\/satmediawp.edv-kroiss.com\/en\/wp-json\/wp\/v2\/pages\/2949"}],"collection":[{"href":"https:\/\/satmediawp.edv-kroiss.com\/en\/wp-json\/wp\/v2\/pages"}],"about":[{"href":"https:\/\/satmediawp.edv-kroiss.com\/en\/wp-json\/wp\/v2\/types\/page"}],"author":[{"embeddable":true,"href":"https:\/\/satmediawp.edv-kroiss.com\/en\/wp-json\/wp\/v2\/users\/1"}],"replies":[{"embeddable":true,"href":"https:\/\/satmediawp.edv-kroiss.com\/en\/wp-json\/wp\/v2\/comments?post=2949"}],"version-history":[{"count":5,"href":"https:\/\/satmediawp.edv-kroiss.com\/en\/wp-json\/wp\/v2\/pages\/2949\/revisions"}],"predecessor-version":[{"id":3727,"href":"https:\/\/satmediawp.edv-kroiss.com\/en\/wp-json\/wp\/v2\/pages\/2949\/revisions\/3727"}],"wp:attachment":[{"href":"https:\/\/satmediawp.edv-kroiss.com\/en\/wp-json\/wp\/v2\/media?parent=2949"}],"curies":[{"name":"wp","href":"https:\/\/api.w.org\/{rel}","templated":true}]}}