{"id":508,"date":"2023-08-31T13:50:38","date_gmt":"2023-08-31T13:50:38","guid":{"rendered":"https:\/\/satmediawp.edv-kroiss.com\/informationspflichten-beim-fernabsetzvertrag\/"},"modified":"2023-09-22T09:50:52","modified_gmt":"2023-09-22T09:50:52","slug":"informationspflichten-beim-fernabsetzvertrag","status":"publish","type":"page","link":"https:\/\/satmediawp.edv-kroiss.com\/en\/informationspflichten-beim-fernabsetzvertrag\/","title":{"rendered":"Informationspflichten beim Fernabsetzvertrag"},"content":{"rendered":"<p><b>Kundeninformationen zum Abschluss von Fernabsatzvertr\u00e4gen<\/b><\/p>\n<p>Die nachfolgenden Informationen f\u00fcr Fernabsetzvertr\u00e4ge stellen keine Vertragsbedingungen dar. Die Vertragsbedingungen sind in unseren AGB enthalten.<\/p>\n<p>Alle Kundeninformationen erhalten Sie sp\u00e4testens bei Lieferung der Ware (auf dem Lieferschein) in Textform. Sie k\u00f6nnen sich diese Kundeninformationen auch ausdrucken oder abspeichern und hier als PDF-Datei herunterladen.<\/p>\n<p><b>1. Identit\u00e4t des Verk\u00e4ufers<\/b><\/p>\n<p>Sie schlie\u00dfen Fernabsetzvertr\u00e4ge mit der Firma Sat- und Metalltechnik, Inhaber Kroi\u00df Roland.<\/p>\n<p><b>2. Anschrift des Verk\u00e4ufers<\/b><\/p>\n<p>Sat- und Metalltechnik, Inhaber Kroi\u00df Roland<\/p>\n<p>Holzh\u00e4useln 6, 4681 Rottenbach<\/p>\n<p><b>3. Vertragsschluss<\/b><\/p>\n<p>Auf unserer Website und in unseren Printmedien (Kataloge, Werbebrosch\u00fcren, etc.) informieren wir Sie \u00fcber die Konditionen und Merkmale der Waren.\u00a0 Die Darstellung der Waren stellt kein Vertragsangebot dar, sondern eine unverbindliche Aufforderung an sie, bei uns Waren zu bestellen. Mit Ihrer Bestellung (telefonisch, per Fax, E-Mail oder per Post) erkl\u00e4ren Sie Ihr Vertragsangebot zum Abschluss eines Kaufvertrages. Wir werden den Zugang Ihrer Bestellung unverz\u00fcglich best\u00e4tigen. Die Zugangsbest\u00e4tigung stellt jedoch keine Annahme Ihres Angebots dar. Wir sind berechtigt, das in Ihrer Bestellung liegende Angebot innerhalb von zwei Wochen anzunehmen. Weitere Informationen zum Vertragsabschluss enthalten unsere AGB, die Vertragsbestandteil sind.<\/p>\n<p><b>4. Warenpreis<\/b><\/p>\n<p>Alle angegebenen Preise sind Endpreise in \u20ac und enthalten die gesetzliche Mehrwertsteuer in H\u00f6he von zurzeit 20% f\u00fcr alle Artikel. Befristete Sonderangebote werden als solche im Rahmen der Darstellung der einzelnen Waren auf unserer Website und in unseren Printmedien ausgewiesen. Weiter Einzelheiten enthalten unsere AGB, die Sie hier abrufen k\u00f6nnen.<\/p>\n<p><b>5. Liefer- und Versandkosten<\/b><\/p>\n<p>Unsere Liefer- und Versandkosten stellen wir zus\u00e4tzlich zu den genannten Endpreisen in Rechnung. Die Liefer- und Versandkosten k\u00f6nnen von Land zu Land unterschiedlich sein. F\u00fcr genaue Ausk\u00fcnfte \u00fcber die jeweilige H\u00f6he der Kosten stehen wir Ihnen gerne per E-Mail zur Verf\u00fcgung.<\/p>\n<p><b>6. Art und Weise der Zahlung<\/b><\/p>\n<p>Die von Ihnen bestellten Waren k\u00f6nnen Sie per \u00dcberweisung, Nachnahme, Paypal oder auch per Kreditkarte bezahlen. Bei der Bezahlung per \u00dcberweisung liefern wir die bestellte Ware, sobald die Zahlung bei uns eingegangen ist.<\/p>\n<p><b>7. R\u00fccktrittsrecht<\/b><\/p>\n<p>Dem Verbraucher steht ein R\u00fccktrittsrecht zu. Die Frist beginnt fr\u00fchestens am Tag nach Erhalt der R\u00fccktrittsbelehrung. Um Ihr R\u00fccktrittsrecht geltend zu machen, m\u00fcssen Sie uns innerhalb von zwei Wochen nach Eingang der Waren von Ihrem R\u00fccktritt unterrichten. Der R\u00fccktritt muss keine Begr\u00fcndung erhalten und in Textform oder durch R\u00fccksendung der Ware erkl\u00e4rt werden. Zur Wahrung der Frist gen\u00fcgt die rechtzeitige Absendung der R\u00fccktrittserkl\u00e4rung oder der Ware an:<\/p>\n<p>Sat- und Metalltechnik, Inhaber Kroi\u00df Roland<\/p>\n<p>Holzh\u00e4useln 6, 4681 Rottenbach<\/p>\n<p>Paketversandfertige Waren m\u00fcssen vollst\u00e4ndig, d.h. einschlie\u00dflich aller Zubeh\u00f6rteile, Bedienungsanleitungen und originalverpackt, jedenfalls aber in einer geeigneten Transportverpackung zur\u00fcckgesandt werden. Die R\u00fccksendung erfolgt auf Kundenkosten.<\/p>\n<p>Das R\u00fccktrittsrecht ist ausgeschlossen bei der Lieferung von Waren nach Ihren Spezifikationen oder bei \u00d6ffnung von geschlossener Ware.<\/p>\n<p>Mit der fristgem\u00e4\u00dfen Aus\u00fcbung Ihres R\u00fccktrittsrechtes wird der zwischen uns geschlossene Vertrag aufgel\u00f6st. Bereits erhaltene und erbrachte Leistungen sind zur\u00fcckzugeben und zur\u00fcckzuzahlen, gezogene Nutzungen sind herauszugeben. Sie d\u00fcrfen die Waren in dem Ma\u00dfe pr\u00fcfen, wie es in einem Ladengesch\u00e4ft m\u00f6glich gewesen w\u00e4re. Wir m\u00fcssen Sie darauf ausdr\u00fccklich hinweisen, dass Sie Wertersatz zu leisten haben, wenn Sie uns die Ware ganz oder teilweise nicht zur\u00fcckgew\u00e4hren k\u00f6nnen oder wenn sich die Ware durch die bestimmungsgem\u00e4\u00dfe Ingebrauchnahme verschlechtert hat. Wenn Sie die Zahlung eines Wertersatzes vermeiden m\u00f6chten, sollten Sie die Ware nicht wie ein Eigent\u00fcmer in Gebrauch nehmen und alles unterlassen, was den Wert der Ware beeintr\u00e4chtigen k\u00f6nnte. F\u00fcr Verschlechterungen ist z.B. dann Wertersatz zu leisten, wenn die Ware oder Zubeh\u00f6rteile besch\u00e4digt sind oder wenn Teile der Ware fehlen oder unverh\u00e4ltnism\u00e4\u00dfig verunreinigt sind.<\/p>\n<p><b>8. G\u00fcltigkeitsdauer befristeter Angebote<\/b><\/p>\n<p>Die G\u00fcltigkeitsdauer befristeter Angebote wird im Rahmen der Darstellung der einzelnen Waren auf unserer Website ausgewiesen.<\/p>\n<p><b>9. Gew\u00e4hrleistungsbedingungen<\/b><\/p>\n<p>Sie haben M\u00e4ngelanspr\u00fcche aufgrund der gesetzlichen Vorschriften. Die Gew\u00e4hrleistungsfrist betr\u00e4gt bei Waren 2 Jahre. Offenkundige M\u00e4ngel m\u00fcssen Sie uns unverz\u00fcglich schriftlich mitteilen, anderenfalls ist die Geltendmachung von Gew\u00e4hrleistungsanspr\u00fcchen ausgeschlossen. Es ist ausreichend, wenn Sie uns \u00fcber offenkundige M\u00e4ngel per E-Mail unterrichten. \u00dcber die gesetzlichen Gew\u00e4hrleistungsbestimmungen hinaus \u00fcbernehmen wir keine Garantien. Die Einzelheiten zur Gew\u00e4hrleistung erhalten Sie in unseren AGB, die Bestandteil des Vertrages sind.<\/p>\n<p><b>10. Kundendienst<\/b><\/p>\n<p>Unter der folgenden Anschrift k\u00f6nnen Sie Beanstandungen vorbringen:<\/p>\n<p>Sat- und Metalltechnik, Inhaber Kroi\u00df Roland<\/p>\n<p>Holzh\u00e4useln 6, 4681 Rottenbach<\/p>","protected":false},"excerpt":{"rendered":"<p>Kundeninformationen zum Abschluss von Fernabsatzvertr\u00e4gen Die nachfolgenden Informationen f\u00fcr Fernabsetzvertr\u00e4ge stellen keine Vertragsbedingungen dar. Die Vertragsbedingungen sind in unseren AGB enthalten. Alle [&hellip;]<\/p>","protected":false},"author":1,"featured_media":0,"parent":0,"menu_order":1,"comment_status":"closed","ping_status":"closed","template":"","meta":{"footnotes":""},"_links":{"self":[{"href":"https:\/\/satmediawp.edv-kroiss.com\/en\/wp-json\/wp\/v2\/pages\/508"}],"collection":[{"href":"https:\/\/satmediawp.edv-kroiss.com\/en\/wp-json\/wp\/v2\/pages"}],"about":[{"href":"https:\/\/satmediawp.edv-kroiss.com\/en\/wp-json\/wp\/v2\/types\/page"}],"author":[{"embeddable":true,"href":"https:\/\/satmediawp.edv-kroiss.com\/en\/wp-json\/wp\/v2\/users\/1"}],"replies":[{"embeddable":true,"href":"https:\/\/satmediawp.edv-kroiss.com\/en\/wp-json\/wp\/v2\/comments?post=508"}],"version-history":[{"count":0,"href":"https:\/\/satmediawp.edv-kroiss.com\/en\/wp-json\/wp\/v2\/pages\/508\/revisions"}],"wp:attachment":[{"href":"https:\/\/satmediawp.edv-kroiss.com\/en\/wp-json\/wp\/v2\/media?parent=508"}],"curies":[{"name":"wp","href":"https:\/\/api.w.org\/{rel}","templated":true}]}}