{"id":510,"date":"2023-08-31T13:50:38","date_gmt":"2023-08-31T13:50:38","guid":{"rendered":"https:\/\/satmediawp.edv-kroiss.com\/versand-zahlung\/"},"modified":"2023-08-31T13:50:38","modified_gmt":"2023-08-31T13:50:38","slug":"versand-zahlung","status":"publish","type":"page","link":"https:\/\/satmediawp.edv-kroiss.com\/en\/versand-zahlung\/","title":{"rendered":"Delivery &amp; Payment"},"content":{"rendered":"<p><b>Selbstabholung (4681 Rottenbach):<\/b><\/p>\n<p>kostenlos &#8211; Nur nach Terminabsprache m\u00f6glich!<\/p>\n<p><b>Versand innerhalb \u00d6sterreichs:<\/b><\/p>\n<p>\u00d6sterreichische Post: <br \/>Pro Paket: 5,40 \u20ac<br \/>ab 299 \u20ac Bestellwert versandkostenfrei!<\/p>\n<p>Express B2B \u00d6sterreichische Post: <br \/>Pro Paket: 9,60 \u20ac<br \/>ab 299 \u20ac Bestellwert: 5,40 \u20ac!<\/p>\n<p>Post Sperrgut (Sat-Antennen klein): 13,80 \u20ac<br \/>Post Sperrgut (Sat-Antennen Gro\u00df): 24,00 \u20ac<\/p>\n<p><b>Versand Deutschland:<\/b><\/p>\n<p>Pro Paket (ohne Sperrgut): 11,90 \u20ac<\/p>\n<p><\/p>\n<p><b>Versand EU:<\/b><\/p>\n<p>Pro Paket (ohne Sperrgut): 15,00 \u20ac<\/p>\n<p><\/p>\n<p><b>Elektronischer Versand (Gutscheine):<\/b><\/p>\n<p>kostenlos<\/p>\n<p><\/p>\n<p><b>Wir akzeptieren folgende Zahlungsarten:<\/b><\/p>\n<p>&nbsp;&nbsp;&nbsp; Bank\u00fcberweisung \/ Vorauskasse <b>(-2% Rabatt)<\/b><br \/>&nbsp;&nbsp;&nbsp; Paypal, Kreditkarte, Sofort<br \/>&nbsp;&nbsp;&nbsp; Nachnahme<br \/>&nbsp;&nbsp;&nbsp; BAR &amp; Bankomat (Bei Abholung)<\/p>","protected":false},"excerpt":{"rendered":"<p>Selbstabholung (4681 Rottenbach): kostenlos &#8211; Nur nach Terminabsprache m\u00f6glich! Versand innerhalb \u00d6sterreichs: \u00d6sterreichische Post: Pro Paket: 5,40 \u20acab 299 \u20ac Bestellwert versandkostenfrei! [&hellip;]<\/p>","protected":false},"author":1,"featured_media":0,"parent":0,"menu_order":2,"comment_status":"closed","ping_status":"closed","template":"","meta":{"footnotes":""},"_links":{"self":[{"href":"https:\/\/satmediawp.edv-kroiss.com\/en\/wp-json\/wp\/v2\/pages\/510"}],"collection":[{"href":"https:\/\/satmediawp.edv-kroiss.com\/en\/wp-json\/wp\/v2\/pages"}],"about":[{"href":"https:\/\/satmediawp.edv-kroiss.com\/en\/wp-json\/wp\/v2\/types\/page"}],"author":[{"embeddable":true,"href":"https:\/\/satmediawp.edv-kroiss.com\/en\/wp-json\/wp\/v2\/users\/1"}],"replies":[{"embeddable":true,"href":"https:\/\/satmediawp.edv-kroiss.com\/en\/wp-json\/wp\/v2\/comments?post=510"}],"version-history":[{"count":0,"href":"https:\/\/satmediawp.edv-kroiss.com\/en\/wp-json\/wp\/v2\/pages\/510\/revisions"}],"wp:attachment":[{"href":"https:\/\/satmediawp.edv-kroiss.com\/en\/wp-json\/wp\/v2\/media?parent=510"}],"curies":[{"name":"wp","href":"https:\/\/api.w.org\/{rel}","templated":true}]}}