{"id":1040,"date":"2012-03-12T15:24:50","date_gmt":"2012-03-12T15:24:50","guid":{"rendered":"https:\/\/satmediawp.edv-kroiss.com\/produkt\/jack-module-programmer\/"},"modified":"2024-05-17T11:20:38","modified_gmt":"2024-05-17T09:20:38","slug":"jack-module-programmer","status":"publish","type":"product","link":"https:\/\/satmediawp.edv-kroiss.com\/en\/product\/jack-module-programmer\/","title":{"rendered":"Jack Module Programmer"},"content":{"rendered":"<p>Programmierger\u00e4t f\u00fcr das Jack Modul. Einfach per USB an einen PC anschlie\u00dfen und den Programmer bespielen. <br \/>Modulupdate funktioniert direkt im Receiver ohne PC.<\/p>","protected":false},"excerpt":{"rendered":"<p>Programmierger\u00e4t f\u00fcr das Jack Modul. Einfach per USB an einen PC anschlie\u00dfen und den Programmer bespielen. Modulupdate funktioniert direkt im Receiver ohne [&hellip;]<\/p>","protected":false},"featured_media":1038,"template":"","meta":[],"product_cat":[45,94],"product_tag":[],"_links":{"self":[{"href":"https:\/\/satmediawp.edv-kroiss.com\/en\/wp-json\/wp\/v2\/product\/1040"}],"collection":[{"href":"https:\/\/satmediawp.edv-kroiss.com\/en\/wp-json\/wp\/v2\/product"}],"about":[{"href":"https:\/\/satmediawp.edv-kroiss.com\/en\/wp-json\/wp\/v2\/types\/product"}],"wp:featuredmedia":[{"embeddable":true,"href":"https:\/\/satmediawp.edv-kroiss.com\/en\/wp-json\/wp\/v2\/media\/1038"}],"wp:attachment":[{"href":"https:\/\/satmediawp.edv-kroiss.com\/en\/wp-json\/wp\/v2\/media?parent=1040"}],"wp:term":[{"taxonomy":"product_cat","embeddable":true,"href":"https:\/\/satmediawp.edv-kroiss.com\/en\/wp-json\/wp\/v2\/product_cat?post=1040"},{"taxonomy":"product_tag","embeddable":true,"href":"https:\/\/satmediawp.edv-kroiss.com\/en\/wp-json\/wp\/v2\/product_tag?post=1040"}],"curies":[{"name":"wp","href":"https:\/\/api.w.org\/{rel}","templated":true}]}}