{"id":1046,"date":"2012-04-02T16:27:55","date_gmt":"2012-04-02T16:27:55","guid":{"rendered":"https:\/\/satmediawp.edv-kroiss.com\/produkt\/clarke-tech-sfp-2012-combo-messgeraet-ausstellungsstueck\/"},"modified":"2024-05-17T11:20:38","modified_gmt":"2024-05-17T09:20:38","slug":"clarke-tech-sfp-2012-combo-messgeraet-ausstellungsstueck","status":"publish","type":"product","link":"https:\/\/satmediawp.edv-kroiss.com\/en\/product\/clarke-tech-sfp-2012-combo-messgeraet-ausstellungsstueck\/","title":{"rendered":"Clarke-Tech SFP 2012 Combo Messger\u00e4t &#8211; Ausstellungsst\u00fcck"},"content":{"rendered":"<p>Neues Ausstellungsst\u00fcck mit voller Garantie &#8211; Nur im Innenbereich verwendet zur Demonstration!<\/p>\n<p>CLARKE-TECH SFP 2012 Combo digitaler DVB-S Satfinder + DVB-T Spectrum Analyzer<\/p>\n<p>Bei dem C-Tech SFP Combo 2012 handelt es sich um ein digitales Messger\u00e4t welches \u00fcber 2 getrennte Eing\u00e4nge, Satellit DVB-S und Terrestrisch DVB-T , verf\u00fcgt. Das \u00fcbersichtliche 3,5\u201c Farbdisplay erm\u00f6glicht ein klare Darstellung aller Signalwerte sowie TV Betrieb mit Auto- und Transponder Scan. <\/p>\n<p>autom. Satellitenerkennung 4h Akku Spectrum Analyzer, Digitales Messger\u00e4t f\u00fcr Satellit (DVB-S) und Terrestrisch (DVB-T)<\/p>\n<p>Das Ger\u00e4t \u00fcberzeugt durch folgende technische Besonderheiten:<br \/> \tEingangsfrequenz: 950 \u2013 2150 MHz ( DVB-S )<br \/> \t46 &#8211; 868 MHz ( DVB-T )<br \/> \tEingangsimpedanz: 75 Ohm,<br \/> \tEingangspegel: -65 ~ &#8211; 25 dBm<br \/> \tPegelmessung: DVB-S in dB\/uV, BER, S\/N, FEC<br \/> \tPegelmessung: DVB-T in dB\/uV, BER, S\/N, CON<br \/> \tAuto-, Manuell-, Blind-, NIT-, Suchlauf ( DVB-S )<br \/> \tTransponder (TP)-, Frequenz Suchlauf ( DVB-T )<br \/> \tDiSEqC 1.0 \/ 1.1 \/ 1.2, USALS, Unicable Unterst\u00fctzung ( DVB-S )<br \/> \t13V \/ 18V, 22KHz (DVB-S), 5V \/ 12V \/ 18V \/ 24V Spannungsgest\u00fctzt ( DVB-T )<br \/> \tEchtzeit &amp; Mehrfach Spectrumanalyzer ( DVB-S &amp; DVB-T )<br \/> \tWinkelrechner f\u00fcr Motorantennenbetrieb ( DVB-S )<br \/> \tMehrsprachen OSD (on screen display ), English, Deutsch, Franz\u00f6sisch, Italienisch,Spanisch, Schwedisch,Russisch,Arabisch, etc.<br \/> \tUmfassende Satellitenliste ( DVB-S ) sowie UHF \u2013 VHF<br \/> \tFrequenzliste ( DVB-T )<br \/> \tLED und Akustische Signalkennung<br \/> \tSatellitenname und automatische, visuelle Grad Erfassung ( DVB-S )<br \/> \tRCA ( Cinch \u2013 Y \u2013 Audio \/ AV Eingang )<br \/> \tSerielle Datenschnittstelle USB<br \/> \tAkkubetrieb Lithium Ionen<br \/> \tSCR (Unicable Function)<br \/> \tReal Spectrum<\/p>\n<p> \tIm Lieferumfang sind enthalten: Feuchtigkeitsgesch\u00fctzte Tasche, Compass, Adapter,<br \/> \tFernbedienung<\/p>","protected":false},"excerpt":{"rendered":"<p>Neues Ausstellungsst\u00fcck mit voller Garantie &#8211; Nur im Innenbereich verwendet zur Demonstration! CLARKE-TECH SFP 2012 Combo digitaler DVB-S Satfinder + DVB-T Spectrum [&hellip;]<\/p>","protected":false},"featured_media":1045,"template":"","meta":[],"product_cat":[49,136],"product_tag":[],"_links":{"self":[{"href":"https:\/\/satmediawp.edv-kroiss.com\/en\/wp-json\/wp\/v2\/product\/1046"}],"collection":[{"href":"https:\/\/satmediawp.edv-kroiss.com\/en\/wp-json\/wp\/v2\/product"}],"about":[{"href":"https:\/\/satmediawp.edv-kroiss.com\/en\/wp-json\/wp\/v2\/types\/product"}],"wp:featuredmedia":[{"embeddable":true,"href":"https:\/\/satmediawp.edv-kroiss.com\/en\/wp-json\/wp\/v2\/media\/1045"}],"wp:attachment":[{"href":"https:\/\/satmediawp.edv-kroiss.com\/en\/wp-json\/wp\/v2\/media?parent=1046"}],"wp:term":[{"taxonomy":"product_cat","embeddable":true,"href":"https:\/\/satmediawp.edv-kroiss.com\/en\/wp-json\/wp\/v2\/product_cat?post=1046"},{"taxonomy":"product_tag","embeddable":true,"href":"https:\/\/satmediawp.edv-kroiss.com\/en\/wp-json\/wp\/v2\/product_tag?post=1046"}],"curies":[{"name":"wp","href":"https:\/\/api.w.org\/{rel}","templated":true}]}}