{"id":1047,"date":"2012-04-12T16:18:47","date_gmt":"2012-04-12T16:18:47","guid":{"rendered":"https:\/\/satmediawp.edv-kroiss.com\/produkt\/universal-usb-hub-2fach\/"},"modified":"2024-05-17T11:20:37","modified_gmt":"2024-05-17T09:20:37","slug":"universal-usb-hub-2fach","status":"publish","type":"product","link":"https:\/\/satmediawp.edv-kroiss.com\/en\/product\/universal-usb-hub-2fach\/","title":{"rendered":"Universal USB-Hub (2fach)"},"content":{"rendered":"<p>Passender USB-HUB f\u00fcr Clarke-Tech, OptiBox, VU+, Mara und f\u00fcr alle anderen Linux Receiver. <br \/>Machen Sie aus einer USB-Schnittstelle 2 Anschl\u00fcsse. <br \/> Der Hub kommt ohne externer Stromversorgung aus.<br \/>Bequemes anschlie\u00dfen von 2 USB-Ger\u00e4ten gleichzeitig m\u00f6glich!<\/p>","protected":false},"excerpt":{"rendered":"<p>Passender USB-HUB f\u00fcr Clarke-Tech, OptiBox, VU+, Mara und f\u00fcr alle anderen Linux Receiver. Machen Sie aus einer USB-Schnittstelle 2 Anschl\u00fcsse. Der Hub [&hellip;]<\/p>","protected":false},"featured_media":577,"template":"","meta":[],"product_cat":[50,101],"product_tag":[],"_links":{"self":[{"href":"https:\/\/satmediawp.edv-kroiss.com\/en\/wp-json\/wp\/v2\/product\/1047"}],"collection":[{"href":"https:\/\/satmediawp.edv-kroiss.com\/en\/wp-json\/wp\/v2\/product"}],"about":[{"href":"https:\/\/satmediawp.edv-kroiss.com\/en\/wp-json\/wp\/v2\/types\/product"}],"wp:featuredmedia":[{"embeddable":true,"href":"https:\/\/satmediawp.edv-kroiss.com\/en\/wp-json\/wp\/v2\/media\/577"}],"wp:attachment":[{"href":"https:\/\/satmediawp.edv-kroiss.com\/en\/wp-json\/wp\/v2\/media?parent=1047"}],"wp:term":[{"taxonomy":"product_cat","embeddable":true,"href":"https:\/\/satmediawp.edv-kroiss.com\/en\/wp-json\/wp\/v2\/product_cat?post=1047"},{"taxonomy":"product_tag","embeddable":true,"href":"https:\/\/satmediawp.edv-kroiss.com\/en\/wp-json\/wp\/v2\/product_tag?post=1047"}],"curies":[{"name":"wp","href":"https:\/\/api.w.org\/{rel}","templated":true}]}}