{"id":1064,"date":"2012-06-11T11:38:48","date_gmt":"2012-06-11T11:38:48","guid":{"rendered":"https:\/\/satmediawp.edv-kroiss.com\/produkt\/amiko-shd-8240-cicxe-dvb-c-cabel\/"},"modified":"2024-05-17T11:20:37","modified_gmt":"2024-05-17T09:20:37","slug":"amiko-shd-8240-cicxe-dvb-c-cabel","status":"publish","type":"product","link":"https:\/\/satmediawp.edv-kroiss.com\/en\/product\/amiko-shd-8240-cicxe-dvb-c-cabel\/","title":{"rendered":"Amiko SHD-8240 CICXE DVB-C Cabel"},"content":{"rendered":"<p>Amiko &#8211; Unser Preis\/Leistungs Tipp !<\/p>\n<p>Beste Ausstattung in dieser Preisklasse: FullHD, LED Display, 2xUSB PVR\/Mediaplayer, Wifi (\u00dcber USB m\u00f6glich), Common Interface, Kartenleser, Spitzen EPG, Firmware programmierbar \u00fcber USB, Online-Netzwerk (Ethernet, USB-Wifi), RS232, uvm&#8230;. <\/p>\n<p>Im Detail: <br \/>&nbsp;MPEG DVB-C (H.264) Full HD      Full HD (1080p) Output via HDMI <br \/>&nbsp;Common Interface      Conax Kartenleser eingebaut <br \/>&nbsp;LED Display <br \/>&nbsp;2 High Speed USB 2.0 Anschl\u00fcsse (Vorne\/Hinten) <br \/>&nbsp;RTC (Real-Time-Clock)      5000 Kanalspeicher (TV und Radio)<br \/>&nbsp;Ethernet Netzwerkanschluss <br \/>&nbsp;USB WiFi m\u00f6glich (Nicht im Lieferumfang &#8211; Ralink RT5370 Chipsatz)<br \/>&nbsp;YouTube, RSS Reader &amp; Wetter Plugin (Ethernet oder WiFi       Internetverbindung erforderlich) <br \/>&nbsp;PVR Aufnahmefunktion auf externe Festplatte\/USB-Stick <br \/>&nbsp;Timeshift Funktion      Senderaufnahme &amp; Timeshift gleichzeitig <br \/>&nbsp;Kanalumschaltgeschwindigkeit &lt; 1 sec      True-color, <br \/>&nbsp;Benutzerfreundliches On-Screen Display (OSD) <br \/>&nbsp;Full Picture In Men\u00fc (PIG) Funktion <br \/>&nbsp;Spitzen Elektronischer Programm Guide (EPG) mit mehreren Ansichten <br \/>&nbsp;Untertitelsupport <br \/>&nbsp;Teletextsupport <br \/>&nbsp;Jugendschutz f\u00fcr Kan\u00e4le und Men\u00fc <br \/>&nbsp;Firmware und Senderlisten transfer von Ger\u00e4t zu Ger\u00e4t, Ger\u00e4t zu\/von <br \/>&nbsp;USB      Spiele integriert <br \/>&nbsp;S\/PDIF Dolby Digital Ausgang <br \/>&nbsp;DiSEqC 1.0, 1.1, 1.2 und USALS Motorsteuerung <br \/>&nbsp;Mehrsprachiges Men\u00fc <br \/>&nbsp;Eco Stand-By: &lt;1W     <\/p>","protected":false},"excerpt":{"rendered":"<p>Amiko &#8211; Unser Preis\/Leistungs Tipp ! Beste Ausstattung in dieser Preisklasse: FullHD, LED Display, 2xUSB PVR\/Mediaplayer, Wifi (\u00dcber USB m\u00f6glich), Common Interface, [&hellip;]<\/p>","protected":false},"featured_media":1062,"template":"","meta":[],"product_cat":[43,61],"product_tag":[],"_links":{"self":[{"href":"https:\/\/satmediawp.edv-kroiss.com\/en\/wp-json\/wp\/v2\/product\/1064"}],"collection":[{"href":"https:\/\/satmediawp.edv-kroiss.com\/en\/wp-json\/wp\/v2\/product"}],"about":[{"href":"https:\/\/satmediawp.edv-kroiss.com\/en\/wp-json\/wp\/v2\/types\/product"}],"wp:featuredmedia":[{"embeddable":true,"href":"https:\/\/satmediawp.edv-kroiss.com\/en\/wp-json\/wp\/v2\/media\/1062"}],"wp:attachment":[{"href":"https:\/\/satmediawp.edv-kroiss.com\/en\/wp-json\/wp\/v2\/media?parent=1064"}],"wp:term":[{"taxonomy":"product_cat","embeddable":true,"href":"https:\/\/satmediawp.edv-kroiss.com\/en\/wp-json\/wp\/v2\/product_cat?post=1064"},{"taxonomy":"product_tag","embeddable":true,"href":"https:\/\/satmediawp.edv-kroiss.com\/en\/wp-json\/wp\/v2\/product_tag?post=1064"}],"curies":[{"name":"wp","href":"https:\/\/api.w.org\/{rel}","templated":true}]}}