{"id":1077,"date":"2012-08-03T12:54:55","date_gmt":"2012-08-03T12:54:55","guid":{"rendered":"https:\/\/satmediawp.edv-kroiss.com\/produkt\/invacom-stacker-destacker-mit-diseqc\/"},"modified":"2024-05-17T11:20:37","modified_gmt":"2024-05-17T09:20:37","slug":"invacom-stacker-destacker-mit-diseqc","status":"publish","type":"product","link":"https:\/\/satmediawp.edv-kroiss.com\/en\/product\/invacom-stacker-destacker-mit-diseqc\/","title":{"rendered":"Invacom Stacker\/Destacker mit DiseqC"},"content":{"rendered":"<p>Nachfolgeprodukt verf\u00fcgbar siehe:<\/p>\n<p><a href=\"https:\/\/shop.satmedia.at\/index.php?route=product\/product&amp;path=860_635_831&amp;product_id=2679\">UNICABLE STACKER UCP 21 (EN50494) 2 FACH EINKABELL\u00d6SUNG F\u00dcR TWIN TUNER<\/a><\/p>","protected":false},"excerpt":{"rendered":"<p>Nachfolgeprodukt verf\u00fcgbar siehe: UNICABLE STACKER UCP 21 (EN50494) 2 FACH EINKABELL\u00d6SUNG F\u00dcR TWIN TUNER<\/p>","protected":false},"featured_media":1076,"template":"","meta":[],"product_cat":[48,123],"product_tag":[],"_links":{"self":[{"href":"https:\/\/satmediawp.edv-kroiss.com\/en\/wp-json\/wp\/v2\/product\/1077"}],"collection":[{"href":"https:\/\/satmediawp.edv-kroiss.com\/en\/wp-json\/wp\/v2\/product"}],"about":[{"href":"https:\/\/satmediawp.edv-kroiss.com\/en\/wp-json\/wp\/v2\/types\/product"}],"wp:featuredmedia":[{"embeddable":true,"href":"https:\/\/satmediawp.edv-kroiss.com\/en\/wp-json\/wp\/v2\/media\/1076"}],"wp:attachment":[{"href":"https:\/\/satmediawp.edv-kroiss.com\/en\/wp-json\/wp\/v2\/media?parent=1077"}],"wp:term":[{"taxonomy":"product_cat","embeddable":true,"href":"https:\/\/satmediawp.edv-kroiss.com\/en\/wp-json\/wp\/v2\/product_cat?post=1077"},{"taxonomy":"product_tag","embeddable":true,"href":"https:\/\/satmediawp.edv-kroiss.com\/en\/wp-json\/wp\/v2\/product_tag?post=1077"}],"curies":[{"name":"wp","href":"https:\/\/api.w.org\/{rel}","templated":true}]}}