{"id":1085,"date":"2012-09-27T10:53:05","date_gmt":"2012-09-27T10:53:05","guid":{"rendered":"https:\/\/satmediawp.edv-kroiss.com\/produkt\/f-kompressionsstecker-rg6-7mm\/"},"modified":"2024-05-17T11:20:36","modified_gmt":"2024-05-17T09:20:36","slug":"f-kompressionsstecker-rg6-7mm","status":"publish","type":"product","link":"https:\/\/satmediawp.edv-kroiss.com\/en\/product\/f-kompressionsstecker-rg6-7mm\/","title":{"rendered":"F compression connector RG6 7mm"},"content":{"rendered":"<p>High Quality F-compression plug is simply inserted on the cable and is after the crushing process (pliers required) immediately fixed with the cable connected.  <br \/>Stecker ist f\u00fcr Kabelaussendurchmesser von 6,8-7,2mm geeignet.    <\/p>\n<p>Features:   <br \/>Einteiliger F-Stecker Aussenk\u00f6rper gleitet \u00fcber den O Ring und sch\u00fctzt vor UV Strahlung   Standard 7\/16 Zoll Sechskantmutter, Messing vernickelt   <br \/>Superior RFI test results Excellent results in a resistance test against water according to the S. C. T. E. <\/p>\n<p>Norm   Verwendung f\u00fcr: 2 &#8211; 4-fach geschirmtes Kabel     <br \/>Zum Quetschen des Stecker wird unbedingt die passende F-Kompress Zange ben\u00f6tigt.<\/p>","protected":false},"excerpt":{"rendered":"<p>Der High Quality F-Kompressions Stecker wird lediglich auf das Kabel aufgesteckt und ist nach dem Quetschvorgang (Zange erforderlich) sofort fest mit dem [&hellip;]<\/p>","protected":false},"featured_media":1084,"template":"","meta":[],"product_cat":[49,128],"product_tag":[],"_links":{"self":[{"href":"https:\/\/satmediawp.edv-kroiss.com\/en\/wp-json\/wp\/v2\/product\/1085"}],"collection":[{"href":"https:\/\/satmediawp.edv-kroiss.com\/en\/wp-json\/wp\/v2\/product"}],"about":[{"href":"https:\/\/satmediawp.edv-kroiss.com\/en\/wp-json\/wp\/v2\/types\/product"}],"wp:featuredmedia":[{"embeddable":true,"href":"https:\/\/satmediawp.edv-kroiss.com\/en\/wp-json\/wp\/v2\/media\/1084"}],"wp:attachment":[{"href":"https:\/\/satmediawp.edv-kroiss.com\/en\/wp-json\/wp\/v2\/media?parent=1085"}],"wp:term":[{"taxonomy":"product_cat","embeddable":true,"href":"https:\/\/satmediawp.edv-kroiss.com\/en\/wp-json\/wp\/v2\/product_cat?post=1085"},{"taxonomy":"product_tag","embeddable":true,"href":"https:\/\/satmediawp.edv-kroiss.com\/en\/wp-json\/wp\/v2\/product_tag?post=1085"}],"curies":[{"name":"wp","href":"https:\/\/api.w.org\/{rel}","templated":true}]}}