{"id":1107,"date":"2012-11-08T13:43:25","date_gmt":"2012-11-08T13:43:25","guid":{"rendered":"https:\/\/satmediawp.edv-kroiss.com\/produkt\/antenne-tecatel-k180bp-180cm-alu-profi-line\/"},"modified":"2024-05-17T11:20:36","modified_gmt":"2024-05-17T09:20:36","slug":"antenne-tecatel-k180bp-180cm-alu-profi-line","status":"publish","type":"product","link":"https:\/\/satmediawp.edv-kroiss.com\/en\/product\/antenne-tecatel-k180bp-180cm-alu-profi-line\/","title":{"rendered":"Antenne Tecatel K180BP 180cm ALU Profi-Line"},"content":{"rendered":"<p>Gro\u00df, gr\u00f6\u00dfer am gr\u00f6\u00dften &#8211; \u00d6sterreichs gr\u00f6\u00dfte Antennen ab Lager abholbereit!<\/p>\n<p>Die Profi-Line Antennen MADE IN SPAIN.&nbsp;<br \/>Bestens geeignet f\u00fcr schwache Satelliten!&nbsp;<\/p>\n<p>Inklusive Bodenst\u00fctze aus hochfestem Stahl \u00d8 80 mm \/ L\u00e4nge 1000 mm<\/p>\n<p><\/p>\n<p>Durchmesser: 1800 mm (1940 mm x 1790 mm)<br \/> \tBrennpunkt: 736 mm<br \/> \tAntennenart: Parabol<br \/> \tMaterial: Aluminium<br \/> \tOberfl\u00e4chenbearbeitung: Epoxi-polyester<br \/> \tBeambreite: &lt; 0.9\u00ba<br \/> \tWindkraft: 150 km\/h<br \/> \tReflektor Materialdicke: 2 mm<br \/> \tGewicht Total: 32 kg<br \/> \tGain\/Gewinn bei 12.5 GHz: 45,6 dbi<br \/> \tFD Verh\u00e4ltnis: 0.37<br \/>Wirkungsgrad: 65%<br \/>Elevation: 0\u00b0 &#8211; 90\u00b0<br \/>Max. Mastdurchmesser: 80 mm<\/p>","protected":false},"excerpt":{"rendered":"<p>Gro\u00df, gr\u00f6\u00dfer am gr\u00f6\u00dften &#8211; \u00d6sterreichs gr\u00f6\u00dfte Antennen ab Lager abholbereit! Die Profi-Line Antennen MADE IN SPAIN.&nbsp;Bestens geeignet f\u00fcr schwache Satelliten!&nbsp; Inklusive [&hellip;]<\/p>","protected":false},"featured_media":1106,"template":"","meta":[],"product_cat":[41,75,46,116],"product_tag":[],"_links":{"self":[{"href":"https:\/\/satmediawp.edv-kroiss.com\/en\/wp-json\/wp\/v2\/product\/1107"}],"collection":[{"href":"https:\/\/satmediawp.edv-kroiss.com\/en\/wp-json\/wp\/v2\/product"}],"about":[{"href":"https:\/\/satmediawp.edv-kroiss.com\/en\/wp-json\/wp\/v2\/types\/product"}],"wp:featuredmedia":[{"embeddable":true,"href":"https:\/\/satmediawp.edv-kroiss.com\/en\/wp-json\/wp\/v2\/media\/1106"}],"wp:attachment":[{"href":"https:\/\/satmediawp.edv-kroiss.com\/en\/wp-json\/wp\/v2\/media?parent=1107"}],"wp:term":[{"taxonomy":"product_cat","embeddable":true,"href":"https:\/\/satmediawp.edv-kroiss.com\/en\/wp-json\/wp\/v2\/product_cat?post=1107"},{"taxonomy":"product_tag","embeddable":true,"href":"https:\/\/satmediawp.edv-kroiss.com\/en\/wp-json\/wp\/v2\/product_tag?post=1107"}],"curies":[{"name":"wp","href":"https:\/\/api.w.org\/{rel}","templated":true}]}}