{"id":1109,"date":"2012-11-08T13:52:23","date_gmt":"2012-11-08T13:52:23","guid":{"rendered":"https:\/\/satmediawp.edv-kroiss.com\/produkt\/antenne-tecatel-k135fnz1-135cm-profi-line\/"},"modified":"2024-05-17T11:20:36","modified_gmt":"2024-05-17T09:20:36","slug":"antenne-tecatel-k135fnz1-135cm-profi-line","status":"publish","type":"product","link":"https:\/\/satmediawp.edv-kroiss.com\/en\/product\/antenne-tecatel-k135fnz1-135cm-profi-line\/","title":{"rendered":"Antenne Tecatel K135FNZ1 135cm Profi-Line"},"content":{"rendered":"<p>Gro\u00df, gr\u00f6\u00dfer am gr\u00f6\u00dften &#8211; \u00d6sterreichs gr\u00f6\u00dfte Antennen ab Lager abholbereit!<\/p>\n<p>Die Profi-Line Antennen MADE IN SPAIN.&nbsp;<br \/>Bestens geeignet f\u00fcr schwache Satelliten! <\/p>\n<p>Durchmesser: 1350 mm (1370 mm x 1220 mm) <br \/> \tMastaufnahme: 70 mm<br \/> \tMaterial: Stahl verzinkt galvanisiert<br \/> \tOberfl\u00e4chenbearbeitung: Epoxi-polyester<br \/> \tBeambreite: &lt; 1.1\u00ba<br \/> \tWindkraft: 180 km\/h<br \/> \tWirkungsgrad: 80 %<br \/> \tGewicht Total: 20 kg<br \/> \tGain\/Gewinn bei 12.5 GHz: 43 dbi<br \/> \tFD Verh\u00e4ltnis: 0.52 <br \/>Elevation: 20\u00b0-65\u00b0<\/p>","protected":false},"excerpt":{"rendered":"<p>Gro\u00df, gr\u00f6\u00dfer am gr\u00f6\u00dften &#8211; \u00d6sterreichs gr\u00f6\u00dfte Antennen ab Lager abholbereit! Die Profi-Line Antennen MADE IN SPAIN.&nbsp;Bestens geeignet f\u00fcr schwache Satelliten! Durchmesser: [&hellip;]<\/p>","protected":false},"featured_media":1108,"template":"","meta":[],"product_cat":[41,75,46,116],"product_tag":[],"_links":{"self":[{"href":"https:\/\/satmediawp.edv-kroiss.com\/en\/wp-json\/wp\/v2\/product\/1109"}],"collection":[{"href":"https:\/\/satmediawp.edv-kroiss.com\/en\/wp-json\/wp\/v2\/product"}],"about":[{"href":"https:\/\/satmediawp.edv-kroiss.com\/en\/wp-json\/wp\/v2\/types\/product"}],"wp:featuredmedia":[{"embeddable":true,"href":"https:\/\/satmediawp.edv-kroiss.com\/en\/wp-json\/wp\/v2\/media\/1108"}],"wp:attachment":[{"href":"https:\/\/satmediawp.edv-kroiss.com\/en\/wp-json\/wp\/v2\/media?parent=1109"}],"wp:term":[{"taxonomy":"product_cat","embeddable":true,"href":"https:\/\/satmediawp.edv-kroiss.com\/en\/wp-json\/wp\/v2\/product_cat?post=1109"},{"taxonomy":"product_tag","embeddable":true,"href":"https:\/\/satmediawp.edv-kroiss.com\/en\/wp-json\/wp\/v2\/product_tag?post=1109"}],"curies":[{"name":"wp","href":"https:\/\/api.w.org\/{rel}","templated":true}]}}