{"id":1111,"date":"2012-11-08T14:00:40","date_gmt":"2012-11-08T14:00:40","guid":{"rendered":"https:\/\/satmediawp.edv-kroiss.com\/produkt\/antenne-tecatel-k120p1-120cm-profi-line\/"},"modified":"2024-05-17T11:20:36","modified_gmt":"2024-05-17T09:20:36","slug":"antenne-tecatel-k120p1-120cm-profi-line","status":"publish","type":"product","link":"https:\/\/satmediawp.edv-kroiss.com\/en\/product\/antenne-tecatel-k120p1-120cm-profi-line\/","title":{"rendered":"Antenne Tecatel K120P1 120cm Profi-Line"},"content":{"rendered":"<p>Gro\u00df, gr\u00f6\u00dfer am gr\u00f6\u00dften &#8211; \u00d6sterreichs gr\u00f6\u00dfte Antennen ab Lager! <\/p>\n<p>Die Profi-Line Antennen MADE IN SPAIN. <br \/>Bestens geeignet f\u00fcr schwache Satelliten!&nbsp;<\/p>\n<p>Durchmesser: 1200 mm (1200 mm x 1100 mm)<br \/> \tMastaufnahme max.  70 mm<br \/> \tMaterial: Stahl verzinkt galvanisiert<br \/> \tOberfl\u00e4chenbearbeitung: Epoxi-polyester<br \/> \tBeambreite:  &lt; 1.55\u00ba<br \/> \tWindkraft : 200 km\/h<br \/> \tWirkungsgrad:  80 %<br \/> \tGewicht Total : 12 kg<br \/> \tGain\/Gewinn (12.5 GHz): 42.2 dbi<br \/> \tFD Verh\u00e4ltnis:  0.57<br \/>Elevation: 5\u00b0 &#8211; 57\u00b0<br \/>LNB-Aufnahme: 40mm<\/p>","protected":false},"excerpt":{"rendered":"<p>Gro\u00df, gr\u00f6\u00dfer am gr\u00f6\u00dften &#8211; \u00d6sterreichs gr\u00f6\u00dfte Antennen ab Lager! Die Profi-Line Antennen MADE IN SPAIN. Bestens geeignet f\u00fcr schwache Satelliten!&nbsp; Durchmesser: [&hellip;]<\/p>","protected":false},"featured_media":1110,"template":"","meta":[],"product_cat":[41,75,46,116],"product_tag":[],"_links":{"self":[{"href":"https:\/\/satmediawp.edv-kroiss.com\/en\/wp-json\/wp\/v2\/product\/1111"}],"collection":[{"href":"https:\/\/satmediawp.edv-kroiss.com\/en\/wp-json\/wp\/v2\/product"}],"about":[{"href":"https:\/\/satmediawp.edv-kroiss.com\/en\/wp-json\/wp\/v2\/types\/product"}],"wp:featuredmedia":[{"embeddable":true,"href":"https:\/\/satmediawp.edv-kroiss.com\/en\/wp-json\/wp\/v2\/media\/1110"}],"wp:attachment":[{"href":"https:\/\/satmediawp.edv-kroiss.com\/en\/wp-json\/wp\/v2\/media?parent=1111"}],"wp:term":[{"taxonomy":"product_cat","embeddable":true,"href":"https:\/\/satmediawp.edv-kroiss.com\/en\/wp-json\/wp\/v2\/product_cat?post=1111"},{"taxonomy":"product_tag","embeddable":true,"href":"https:\/\/satmediawp.edv-kroiss.com\/en\/wp-json\/wp\/v2\/product_tag?post=1111"}],"curies":[{"name":"wp","href":"https:\/\/api.w.org\/{rel}","templated":true}]}}