{"id":1118,"date":"2012-11-09T15:48:00","date_gmt":"2012-11-09T15:48:00","guid":{"rendered":"https:\/\/satmediawp.edv-kroiss.com\/produkt\/standfuss-ps-70-850-bis-135cm-antenne\/"},"modified":"2024-05-17T11:20:36","modified_gmt":"2024-05-17T09:20:36","slug":"standfuss-ps-70-850-bis-135cm-antenne","status":"publish","type":"product","link":"https:\/\/satmediawp.edv-kroiss.com\/en\/product\/standfuss-ps-70-850-bis-135cm-antenne\/","title":{"rendered":"Standfu\u00df PS-70\/850 bis 135cm Antenne"},"content":{"rendered":"<p>Standfu\u00df geeignet f\u00fcr bis zu 135cm Antennen. <br \/>Seine hochwertige Verarbeitung aus Stahl macht ihn extrem stabil und standfest.<br \/>     Mastl\u00e4nge ca. 850mm  <br \/>Rohrdurchmesser 70mm <\/p>","protected":false},"excerpt":{"rendered":"<p>Standfu\u00df geeignet f\u00fcr bis zu 135cm Antennen. Seine hochwertige Verarbeitung aus Stahl macht ihn extrem stabil und standfest. Mastl\u00e4nge ca. 850mm Rohrdurchmesser [&hellip;]<\/p>","protected":false},"featured_media":1112,"template":"","meta":[],"product_cat":[41,75,49,135],"product_tag":[],"_links":{"self":[{"href":"https:\/\/satmediawp.edv-kroiss.com\/en\/wp-json\/wp\/v2\/product\/1118"}],"collection":[{"href":"https:\/\/satmediawp.edv-kroiss.com\/en\/wp-json\/wp\/v2\/product"}],"about":[{"href":"https:\/\/satmediawp.edv-kroiss.com\/en\/wp-json\/wp\/v2\/types\/product"}],"wp:featuredmedia":[{"embeddable":true,"href":"https:\/\/satmediawp.edv-kroiss.com\/en\/wp-json\/wp\/v2\/media\/1112"}],"wp:attachment":[{"href":"https:\/\/satmediawp.edv-kroiss.com\/en\/wp-json\/wp\/v2\/media?parent=1118"}],"wp:term":[{"taxonomy":"product_cat","embeddable":true,"href":"https:\/\/satmediawp.edv-kroiss.com\/en\/wp-json\/wp\/v2\/product_cat?post=1118"},{"taxonomy":"product_tag","embeddable":true,"href":"https:\/\/satmediawp.edv-kroiss.com\/en\/wp-json\/wp\/v2\/product_tag?post=1118"}],"curies":[{"name":"wp","href":"https:\/\/api.w.org\/{rel}","templated":true}]}}