{"id":1126,"date":"2012-11-16T13:41:46","date_gmt":"2012-11-16T13:41:46","guid":{"rendered":"https:\/\/satmediawp.edv-kroiss.com\/produkt\/lichtbirne-lm360-w4e27-aktion\/"},"modified":"2024-05-17T11:20:35","modified_gmt":"2024-05-17T09:20:35","slug":"lichtbirne-lm360-w4e27-aktion","status":"publish","type":"product","link":"https:\/\/satmediawp.edv-kroiss.com\/en\/product\/lichtbirne-lm360-w4e27-aktion\/","title":{"rendered":"Light bulb LM360 W4E27 *ACTION*"},"content":{"rendered":"<p>Preis nur g\u00fcltig solange Lagervorrat reicht!  LichtBirne mit echtem 2700K Warmwei\u00df Farbton !  Mit neuester MCOB Technologie und hochwertigstem Toyoda LED Chipsatz.  Bei nur 4 Watt Verbrauch erreicht die LichtBirne bereits einen Lichtstrom von   360 Lumen.  Dies ist gleichzusetzen mit dem Lichtstrom einer 35Watt Gl\u00fchbirne des   Klassikers.  Wohlf\u00fchllicht &#8211; Der angenehm warme Lichtton der LichtBirne beinhaltet keine IR-   bzw. UV Strahlung.  Die LichtBirne beinhaltet keine Schwermetalle wie Quecksilber oder andere   gesundheitssch\u00e4dliche Stoffe!  &nbsp;          Modell Nr.      LM360 W4E27              Leistungsaufnahme      4 Watt              Lichtstrom      360 lumen              Entspricht Gl\u00fchbirnenleistung      35 Watt              Farbtemperatur      2700K Warmwei\u00df Wohlf\u00fchllicht              Eingangsspannung      AC 185-265V              PF      &gt; 0,8              CRI      &gt; 80 Ra              Abstrahlwinkel      180 Grad              Betriebstemperatur      -30 ~ 50 \u00b0 C              Lebensdauer      40 000h              Garantie      2 Jahre Austausch              Energie-Label      A              Dimmbar      nein              Sockel      E27              Abmessungen (L\u00e4nge x Durchmesser)      L 103mm x \u00f8 54mm      <\/p>","protected":false},"excerpt":{"rendered":"<p>Preis nur g\u00fcltig solange Lagervorrat reicht! LichtBirne mit echtem 2700K Warmwei\u00df Farbton ! Mit neuester MCOB Technologie und hochwertigstem Toyoda LED Chipsatz. [&hellip;]<\/p>","protected":false},"featured_media":1124,"template":"","meta":[],"product_cat":[145,146],"product_tag":[],"_links":{"self":[{"href":"https:\/\/satmediawp.edv-kroiss.com\/en\/wp-json\/wp\/v2\/product\/1126"}],"collection":[{"href":"https:\/\/satmediawp.edv-kroiss.com\/en\/wp-json\/wp\/v2\/product"}],"about":[{"href":"https:\/\/satmediawp.edv-kroiss.com\/en\/wp-json\/wp\/v2\/types\/product"}],"wp:featuredmedia":[{"embeddable":true,"href":"https:\/\/satmediawp.edv-kroiss.com\/en\/wp-json\/wp\/v2\/media\/1124"}],"wp:attachment":[{"href":"https:\/\/satmediawp.edv-kroiss.com\/en\/wp-json\/wp\/v2\/media?parent=1126"}],"wp:term":[{"taxonomy":"product_cat","embeddable":true,"href":"https:\/\/satmediawp.edv-kroiss.com\/en\/wp-json\/wp\/v2\/product_cat?post=1126"},{"taxonomy":"product_tag","embeddable":true,"href":"https:\/\/satmediawp.edv-kroiss.com\/en\/wp-json\/wp\/v2\/product_tag?post=1126"}],"curies":[{"name":"wp","href":"https:\/\/api.w.org\/{rel}","templated":true}]}}