{"id":1129,"date":"2012-11-16T13:57:45","date_gmt":"2012-11-16T13:57:45","guid":{"rendered":"https:\/\/satmediawp.edv-kroiss.com\/produkt\/led-hq-lm350-5watt-e14\/"},"modified":"2024-05-17T11:20:35","modified_gmt":"2024-05-17T09:20:35","slug":"led-hq-lm350-5watt-e14","status":"publish","type":"product","link":"https:\/\/satmediawp.edv-kroiss.com\/en\/product\/led-hq-lm350-5watt-e14\/","title":{"rendered":"LED HQ LM350 5Watt E14"},"content":{"rendered":"<p>Tropfenf\u00f6rmige LED-Lampe mit E14-Fassung, 350 Lumen und besonders niedrigem Stromverbrauch von 5 Watt als Ersatz f\u00fcr herk\u00f6mmliche Gl\u00fchlampen, um sofort Energie zu sparen.  Sie gibt ein warmes, wei\u00dfes Licht mit einer Farbtemperatur von 2.700 Kelvin ab.<\/p>","protected":false},"excerpt":{"rendered":"<p>Tropfenf\u00f6rmige LED-Lampe mit E14-Fassung, 350 Lumen und besonders niedrigem Stromverbrauch von 5 Watt als Ersatz f\u00fcr herk\u00f6mmliche Gl\u00fchlampen, um sofort Energie zu [&hellip;]<\/p>","protected":false},"featured_media":1128,"template":"","meta":[],"product_cat":[145,147],"product_tag":[],"_links":{"self":[{"href":"https:\/\/satmediawp.edv-kroiss.com\/en\/wp-json\/wp\/v2\/product\/1129"}],"collection":[{"href":"https:\/\/satmediawp.edv-kroiss.com\/en\/wp-json\/wp\/v2\/product"}],"about":[{"href":"https:\/\/satmediawp.edv-kroiss.com\/en\/wp-json\/wp\/v2\/types\/product"}],"wp:featuredmedia":[{"embeddable":true,"href":"https:\/\/satmediawp.edv-kroiss.com\/en\/wp-json\/wp\/v2\/media\/1128"}],"wp:attachment":[{"href":"https:\/\/satmediawp.edv-kroiss.com\/en\/wp-json\/wp\/v2\/media?parent=1129"}],"wp:term":[{"taxonomy":"product_cat","embeddable":true,"href":"https:\/\/satmediawp.edv-kroiss.com\/en\/wp-json\/wp\/v2\/product_cat?post=1129"},{"taxonomy":"product_tag","embeddable":true,"href":"https:\/\/satmediawp.edv-kroiss.com\/en\/wp-json\/wp\/v2\/product_tag?post=1129"}],"curies":[{"name":"wp","href":"https:\/\/api.w.org\/{rel}","templated":true}]}}