{"id":1133,"date":"2012-11-16T14:41:12","date_gmt":"2012-11-16T14:41:12","guid":{"rendered":"https:\/\/satmediawp.edv-kroiss.com\/produkt\/lichtbirne-lm240-w4gu10-aktion\/"},"modified":"2024-05-17T11:20:34","modified_gmt":"2024-05-17T09:20:34","slug":"lichtbirne-lm240-w4gu10-aktion","status":"publish","type":"product","link":"https:\/\/satmediawp.edv-kroiss.com\/en\/product\/lichtbirne-lm240-w4gu10-aktion\/","title":{"rendered":"Light bulb LM240 W4GU10 *ACTION*"},"content":{"rendered":"<p>Preis nur g\u00fcltig solange Lagervorrat reicht!  LichtBirne mit echtem 2700K Warmwei\u00df Farbton !  Mit neuester MCOB Technologie und hochwertigstem Toyoda LED Chipsatz.  Bei nur 4 Watt Verbrauch erreicht die LichtBirne bereits einen Lichtstrom von 240 Lumen.  Dies ist gleichzusetzen mit dem Lichtstrom einer 25Watt Gl\u00fchbirne des   Klassikers.  Wohlf\u00fchllicht &#8211; Der angenehm warme Lichtton der LichtBirne beinhaltet keine IR-   bzw. UV Strahlung.  Die LichtBirne beinhaltet keine Schwermetalle wie Quecksilber oder andere   gesundheitssch\u00e4dliche Stoffe!  &nbsp;          Modell Nr.      LM240 W4GU10              Leistungsaufnahme      4 Watt              Lichtstrom      240 lumen              Entspricht Gl\u00fchbirnenleistung      25 Watt              Farbtemperatur      2700K Warmwei\u00df Wohlf\u00fchllicht              Eingangsspannung      AC 185-265V              PF      &gt; 0,8              CRI      &gt; 80 Ra              Abstrahlwinkel      180 Grad              Betriebstemperatur      -30 ~ 50 \u00b0 C              Lebensdauer      40 000h              Garantie      2 Jahre Austausch              Energie-Label      A              Dimmbar      nein              Sockel      GU10              Abmessungen (L\u00e4nge x Durchmesser)      L 53mm x \u00f8 50mm        &nbsp;<\/p>","protected":false},"excerpt":{"rendered":"<p>Preis nur g\u00fcltig solange Lagervorrat reicht! LichtBirne mit echtem 2700K Warmwei\u00df Farbton ! Mit neuester MCOB Technologie und hochwertigstem Toyoda LED Chipsatz. [&hellip;]<\/p>","protected":false},"featured_media":1132,"template":"","meta":[],"product_cat":[145,148],"product_tag":[],"_links":{"self":[{"href":"https:\/\/satmediawp.edv-kroiss.com\/en\/wp-json\/wp\/v2\/product\/1133"}],"collection":[{"href":"https:\/\/satmediawp.edv-kroiss.com\/en\/wp-json\/wp\/v2\/product"}],"about":[{"href":"https:\/\/satmediawp.edv-kroiss.com\/en\/wp-json\/wp\/v2\/types\/product"}],"wp:featuredmedia":[{"embeddable":true,"href":"https:\/\/satmediawp.edv-kroiss.com\/en\/wp-json\/wp\/v2\/media\/1132"}],"wp:attachment":[{"href":"https:\/\/satmediawp.edv-kroiss.com\/en\/wp-json\/wp\/v2\/media?parent=1133"}],"wp:term":[{"taxonomy":"product_cat","embeddable":true,"href":"https:\/\/satmediawp.edv-kroiss.com\/en\/wp-json\/wp\/v2\/product_cat?post=1133"},{"taxonomy":"product_tag","embeddable":true,"href":"https:\/\/satmediawp.edv-kroiss.com\/en\/wp-json\/wp\/v2\/product_tag?post=1133"}],"curies":[{"name":"wp","href":"https:\/\/api.w.org\/{rel}","templated":true}]}}