{"id":1155,"date":"2013-02-22T13:44:18","date_gmt":"2013-02-22T13:44:18","guid":{"rendered":"https:\/\/satmediawp.edv-kroiss.com\/produkt\/linux-enigma2-e2-restposten-optibox-evo-amiko-axas\/"},"modified":"2024-05-17T11:20:34","modified_gmt":"2024-05-17T09:20:34","slug":"linux-enigma2-e2-restposten-optibox-evo-amiko-axas","status":"publish","type":"product","link":"https:\/\/satmediawp.edv-kroiss.com\/en\/product\/linux-enigma2-e2-restposten-optibox-evo-amiko-axas\/","title":{"rendered":"Linux Enigma2 E2 Restposten (Optibox Evo Amiko Axas)"},"content":{"rendered":"<p>Restposten mit voller Garantie &#8211; Nur solange Vorrat reicht.<br \/>Je nach Verf\u00fcgbarkeit liefern wir entweder den Axas E4HD, die Optibox, den EVO Mini\/Slim oder den Amiko Viper. Alle Ger\u00e4te mit gleichem Prozessor\/E2 OpenATV Betriebssystem und Kartenleser.<\/p>\n<p>Wir pr\u00e4sentieren \u00d6sterreichs g\u00fcnstigsten Linux E2 MIPS (2000 DMIPS) FullHD Digital Receiver auf OpenSource E2 Technologie!<br \/>Dieser g\u00fcnstige Single SAT FullHD Digital Receiver bietet alle Vorz\u00fcge der E2 Linux Betriebssysteme basierend auf MIPS Technologie !  <br \/>Der Anschluss einer externen Festplatte ist \u00fcber 2 USB Schnittstellen  oder \u00fcber Netzwerk m\u00f6glich. <br \/>Neben einen Ethernet 10\/100 Netzwerk Anschluss besteht auch die Option per USB W-Lan WiFi Stick um das Ger\u00e4t mit dem  heimischen Netzwerk zu verbinden. <br \/>TOP: Insgesamt 512 MB Speicher (256MB RAM + 256MB Flash !!)<\/p>","protected":false},"excerpt":{"rendered":"<p>Restposten mit voller Garantie &#8211; Nur solange Vorrat reicht.Je nach Verf\u00fcgbarkeit liefern wir entweder den Axas E4HD, die Optibox, den EVO Mini\/Slim [&hellip;]<\/p>","protected":false},"featured_media":1154,"template":"","meta":[],"product_cat":[43,57],"product_tag":[],"_links":{"self":[{"href":"https:\/\/satmediawp.edv-kroiss.com\/en\/wp-json\/wp\/v2\/product\/1155"}],"collection":[{"href":"https:\/\/satmediawp.edv-kroiss.com\/en\/wp-json\/wp\/v2\/product"}],"about":[{"href":"https:\/\/satmediawp.edv-kroiss.com\/en\/wp-json\/wp\/v2\/types\/product"}],"wp:featuredmedia":[{"embeddable":true,"href":"https:\/\/satmediawp.edv-kroiss.com\/en\/wp-json\/wp\/v2\/media\/1154"}],"wp:attachment":[{"href":"https:\/\/satmediawp.edv-kroiss.com\/en\/wp-json\/wp\/v2\/media?parent=1155"}],"wp:term":[{"taxonomy":"product_cat","embeddable":true,"href":"https:\/\/satmediawp.edv-kroiss.com\/en\/wp-json\/wp\/v2\/product_cat?post=1155"},{"taxonomy":"product_tag","embeddable":true,"href":"https:\/\/satmediawp.edv-kroiss.com\/en\/wp-json\/wp\/v2\/product_tag?post=1155"}],"curies":[{"name":"wp","href":"https:\/\/api.w.org\/{rel}","templated":true}]}}