{"id":1159,"date":"2013-04-17T14:15:54","date_gmt":"2013-04-17T14:15:54","guid":{"rendered":"https:\/\/satmediawp.edv-kroiss.com\/produkt\/c-tech-kartenleser-fuer-hd4100\/"},"modified":"2024-05-17T11:20:33","modified_gmt":"2024-05-17T09:20:33","slug":"c-tech-kartenleser-fuer-hd4100","status":"publish","type":"product","link":"https:\/\/satmediawp.edv-kroiss.com\/en\/product\/c-tech-kartenleser-fuer-hd4100\/","title":{"rendered":"C-Tech Kartenleser f\u00fcr HD4100"},"content":{"rendered":"<p>Nur f\u00fcr Clarke-Tech 4100 mit USB! <br \/>Mit diesem Smartcard Kartenleser k\u00f6nnen Sie Ihren Clarke-Tech 4100 USB ganz leicht mit einem Smartcard-Reader nachr\u00fcsten.<br \/>Der Kartenleser wird einfach im Receiver an das Mainboard angeschlossen. <br \/>Der Kartenleser wird beim n\u00e4chsten Start des Receivers automatisch erkannt &#8211; Es ist kein Softwareupdate notwendig!<\/p>","protected":false},"excerpt":{"rendered":"<p>Nur f\u00fcr Clarke-Tech 4100 mit USB! Mit diesem Smartcard Kartenleser k\u00f6nnen Sie Ihren Clarke-Tech 4100 USB ganz leicht mit einem Smartcard-Reader nachr\u00fcsten.Der [&hellip;]<\/p>","protected":false},"featured_media":1158,"template":"","meta":[],"product_cat":[50,98],"product_tag":[],"_links":{"self":[{"href":"https:\/\/satmediawp.edv-kroiss.com\/en\/wp-json\/wp\/v2\/product\/1159"}],"collection":[{"href":"https:\/\/satmediawp.edv-kroiss.com\/en\/wp-json\/wp\/v2\/product"}],"about":[{"href":"https:\/\/satmediawp.edv-kroiss.com\/en\/wp-json\/wp\/v2\/types\/product"}],"wp:featuredmedia":[{"embeddable":true,"href":"https:\/\/satmediawp.edv-kroiss.com\/en\/wp-json\/wp\/v2\/media\/1158"}],"wp:attachment":[{"href":"https:\/\/satmediawp.edv-kroiss.com\/en\/wp-json\/wp\/v2\/media?parent=1159"}],"wp:term":[{"taxonomy":"product_cat","embeddable":true,"href":"https:\/\/satmediawp.edv-kroiss.com\/en\/wp-json\/wp\/v2\/product_cat?post=1159"},{"taxonomy":"product_tag","embeddable":true,"href":"https:\/\/satmediawp.edv-kroiss.com\/en\/wp-json\/wp\/v2\/product_tag?post=1159"}],"curies":[{"name":"wp","href":"https:\/\/api.w.org\/{rel}","templated":true}]}}