{"id":1165,"date":"2013-09-23T10:02:41","date_gmt":"2013-09-23T10:02:41","guid":{"rendered":"https:\/\/satmediawp.edv-kroiss.com\/produkt\/hdmi-hdmi-kabel-3m-gold-uhd-4k-highspeed-ethernet\/"},"modified":"2024-05-17T11:20:33","modified_gmt":"2024-05-17T09:20:33","slug":"hdmi-hdmi-kabel-3m-gold-uhd-4k-highspeed-ethernet","status":"publish","type":"product","link":"https:\/\/satmediawp.edv-kroiss.com\/en\/product\/hdmi-hdmi-kabel-3m-gold-uhd-4k-highspeed-ethernet\/","title":{"rendered":"HDMI\/HDMI Kabel 3m Gold UHD 4k Highspeed Ethernet"},"content":{"rendered":"<p>HDMI KABEL 19Pin &#8211; 19Pin mit Goldkontakten und kompatibel zu HDMI 1.4 Highspeed Ethernet.  <br \/>High-Definition Multimedia Interface (HDMI) ist der schnelle Anschlu\u00dfstandard f\u00fcr HDTV. <br \/>   HDMI kombiniert hochaufl\u00f6sendes Bild mit Mehrkanalaudio an einer  einzelnen digitalen Schnittstelle und gew\u00e4rleistet kristallklare  digitale Qualit\u00e4t \u00fcber ein einziges Kabel.<br \/>HDMI bietet bedeutende  Vorteile gegen\u00fcber analogen A\/V Anschl\u00fcssen, inklusive der F\u00e4higkeit,  unkomprimierte digitale Video und Audio Inhalte zu \u00fcbertragen. <\/p>\n<p>  L\u00e4nge: 3 m   <br \/>Contacts GOLD  <br \/>FullHD, UHD, 4k\/2k compatible <br \/> Color: Black<\/p>","protected":false},"excerpt":{"rendered":"<p>HDMI KABEL 19Pin &#8211; 19Pin mit Goldkontakten und kompatibel zu HDMI 1.4 Highspeed Ethernet. High-Definition Multimedia Interface (HDMI) ist der schnelle Anschlu\u00dfstandard [&hellip;]<\/p>","protected":false},"featured_media":1164,"template":"","meta":[],"product_cat":[50,100],"product_tag":[],"_links":{"self":[{"href":"https:\/\/satmediawp.edv-kroiss.com\/en\/wp-json\/wp\/v2\/product\/1165"}],"collection":[{"href":"https:\/\/satmediawp.edv-kroiss.com\/en\/wp-json\/wp\/v2\/product"}],"about":[{"href":"https:\/\/satmediawp.edv-kroiss.com\/en\/wp-json\/wp\/v2\/types\/product"}],"wp:featuredmedia":[{"embeddable":true,"href":"https:\/\/satmediawp.edv-kroiss.com\/en\/wp-json\/wp\/v2\/media\/1164"}],"wp:attachment":[{"href":"https:\/\/satmediawp.edv-kroiss.com\/en\/wp-json\/wp\/v2\/media?parent=1165"}],"wp:term":[{"taxonomy":"product_cat","embeddable":true,"href":"https:\/\/satmediawp.edv-kroiss.com\/en\/wp-json\/wp\/v2\/product_cat?post=1165"},{"taxonomy":"product_tag","embeddable":true,"href":"https:\/\/satmediawp.edv-kroiss.com\/en\/wp-json\/wp\/v2\/product_tag?post=1165"}],"curies":[{"name":"wp","href":"https:\/\/api.w.org\/{rel}","templated":true}]}}