{"id":1168,"date":"2013-10-08T11:06:51","date_gmt":"2013-10-08T11:06:51","guid":{"rendered":"https:\/\/satmediawp.edv-kroiss.com\/produkt\/lichtbirne-lm2500-c26-watt-t8-tube-150cm-rotierbar\/"},"modified":"2024-05-17T11:20:33","modified_gmt":"2024-05-17T09:20:33","slug":"lichtbirne-lm2500-c26-watt-t8-tube-150cm-rotierbar","status":"publish","type":"product","link":"https:\/\/satmediawp.edv-kroiss.com\/en\/product\/lichtbirne-lm2500-c26-watt-t8-tube-150cm-rotierbar\/","title":{"rendered":"LichtBirne LM2500 C26 Watt T8 Tube 150cm rotierbar"},"content":{"rendered":"<p>LichtBirne &#8211; Erhellt die Welt!  Neue LED T8 Tube Technologie mit rotierbarem Sockel, Lieferung inklusive LED-Starter!  Bei nur 26 Watt Verbrauch erreicht die LichtBirne Tube bereits einen Lichtstrom von  2500 Lumen.  Dies ist gleichzusetzen mit dem Lichtstrom einer 58Watt Tube (+ Vorschaltger\u00e4t)  von herk\u00f6mmlichen Leuchtstoffr\u00f6hren.  Die LichtBirne Tube bieten wir im klassischen Cool-White Lichttone mit 5700K an. Dies garantiert beste Lichtkraft f\u00fcr den Arbeitsbereich.  Die LichtBirne beinhaltet keine IR- bzw. UV Strahlung und keine Schwermetalle wie Quecksilber oder andere   gesundheitssch\u00e4dliche Stoffe!  &nbsp;          Modell      LM2500 C26T8 Cool              Leistungsaufnahme      26 Watt              Lichtstrom      2500 Lumen              Entspricht Leuchtstoffr\u00f6hre      58 Watt              Farbtemperatur      5700K Warmwei\u00df              Eingangsspannung      AC 185-265V              PF      &gt; 0,8              CRI      &gt; 75 Ra              Abstrahlwinkel      120 Grad, rotierbar              Betriebstemperatur      -30 ~ 50 \u00b0 C              Lebensdauer      40 000h              Garantie      2 Jahre Austausch              Energie-Label      A              Dimmbar      nein              Sockel      T8 (G13), rotierbar              Abmessungen (L\u00e4nge x Durchmesser)      L 1500mm x \u00f8 28,4mm      <\/p>","protected":false},"excerpt":{"rendered":"<p>LichtBirne &#8211; Erhellt die Welt! Neue LED T8 Tube Technologie mit rotierbarem Sockel, Lieferung inklusive LED-Starter! Bei nur 26 Watt Verbrauch erreicht [&hellip;]<\/p>","protected":false},"featured_media":1166,"template":"","meta":[],"product_cat":[145,151],"product_tag":[],"_links":{"self":[{"href":"https:\/\/satmediawp.edv-kroiss.com\/en\/wp-json\/wp\/v2\/product\/1168"}],"collection":[{"href":"https:\/\/satmediawp.edv-kroiss.com\/en\/wp-json\/wp\/v2\/product"}],"about":[{"href":"https:\/\/satmediawp.edv-kroiss.com\/en\/wp-json\/wp\/v2\/types\/product"}],"wp:featuredmedia":[{"embeddable":true,"href":"https:\/\/satmediawp.edv-kroiss.com\/en\/wp-json\/wp\/v2\/media\/1166"}],"wp:attachment":[{"href":"https:\/\/satmediawp.edv-kroiss.com\/en\/wp-json\/wp\/v2\/media?parent=1168"}],"wp:term":[{"taxonomy":"product_cat","embeddable":true,"href":"https:\/\/satmediawp.edv-kroiss.com\/en\/wp-json\/wp\/v2\/product_cat?post=1168"},{"taxonomy":"product_tag","embeddable":true,"href":"https:\/\/satmediawp.edv-kroiss.com\/en\/wp-json\/wp\/v2\/product_tag?post=1168"}],"curies":[{"name":"wp","href":"https:\/\/api.w.org\/{rel}","templated":true}]}}