{"id":1173,"date":"2013-10-21T14:01:14","date_gmt":"2013-10-21T14:01:14","guid":{"rendered":"https:\/\/satmediawp.edv-kroiss.com\/produkt\/ab-ipbox-prismcube-ruby-2tb-hdd-aussteller\/"},"modified":"2024-05-17T11:20:33","modified_gmt":"2024-05-17T09:20:33","slug":"ab-ipbox-prismcube-ruby-2tb-hdd-aussteller","status":"publish","type":"product","link":"https:\/\/satmediawp.edv-kroiss.com\/en\/product\/ab-ipbox-prismcube-ruby-2tb-hdd-aussteller\/","title":{"rendered":"AB IPBox PRISMCUBE Ruby 2TB HDD Aussteller"},"content":{"rendered":"<p>Ausstellungsst\u00fcck wie neu mit voller Garantie und original Zubeh\u00f6r.<br \/>Vorprogrammiert mit aktuellster Firmware\/Plugins und \u00d6sterreich-Senderliste!<br \/>&nbsp;<br \/>Unser TOP Twin-Tuner Receiver mit dem leistungsf\u00e4higen und einfach zu bedienenden XBMC Betriebssystem inkl. 2TB\/2000GB interner 2,5&#8220; HDD.<\/p>\n<p>Der VU+ Hersteller Marusys setzt mit dem XBMC Receiver Betriebssystem neue Ma\u00dfst\u00e4be in Sachen Bedienung, Oberfl\u00e4che, Entwicklung!<\/p>\n<p>  Die AB IPBox Prismcube Ruby ist die wirklich erste Set Top Box mit Open Source  XBMC als Betriebssysten.  Somit beinhaltet dieses Ger\u00e4t einen Linux DVB-S2 Twin Receiver und den wohl  besten Mediaplayer XBMC!   Mit der jahrelangen Erfahrung in der Entwicklung von zuverl\u00e4ssigen und topaktuellen Linuxboxen, kr\u00f6nt Marusys mit einem zukunftsweisender HD Twinreceiver mit PVR Funktion diese Serie. <\/p>\n<p>   XBMC wird oft bei digitalen Media Centern oder in Mediahubs eingesetzt und wird von vielen unabh\u00e4ngigen freiwilligen Entwicklern in der ganzen Welt unterst\u00fctzt.&nbsp; <br \/>Die PRIMSCUBE stellt dadurch eine Plattform bereit, die durch eine riesige Auswahl von Entertainment Angeboten und einem v\u00f6llig neuen Fernseherlebnis besticht.<\/p>\n<p>Die Fernbedienung ist eine Kombination aus normaler Fernbedienung und r\u00fcckseitiger Tastatur! <\/p>\n<p><\/p>","protected":false},"excerpt":{"rendered":"<p>Ausstellungsst\u00fcck wie neu mit voller Garantie und original Zubeh\u00f6r.Vorprogrammiert mit aktuellster Firmware\/Plugins und \u00d6sterreich-Senderliste!&nbsp;Unser TOP Twin-Tuner Receiver mit dem leistungsf\u00e4higen und einfach [&hellip;]<\/p>","protected":false},"featured_media":1169,"template":"","meta":[],"product_cat":[43,59,144],"product_tag":[],"_links":{"self":[{"href":"https:\/\/satmediawp.edv-kroiss.com\/en\/wp-json\/wp\/v2\/product\/1173"}],"collection":[{"href":"https:\/\/satmediawp.edv-kroiss.com\/en\/wp-json\/wp\/v2\/product"}],"about":[{"href":"https:\/\/satmediawp.edv-kroiss.com\/en\/wp-json\/wp\/v2\/types\/product"}],"wp:featuredmedia":[{"embeddable":true,"href":"https:\/\/satmediawp.edv-kroiss.com\/en\/wp-json\/wp\/v2\/media\/1169"}],"wp:attachment":[{"href":"https:\/\/satmediawp.edv-kroiss.com\/en\/wp-json\/wp\/v2\/media?parent=1173"}],"wp:term":[{"taxonomy":"product_cat","embeddable":true,"href":"https:\/\/satmediawp.edv-kroiss.com\/en\/wp-json\/wp\/v2\/product_cat?post=1173"},{"taxonomy":"product_tag","embeddable":true,"href":"https:\/\/satmediawp.edv-kroiss.com\/en\/wp-json\/wp\/v2\/product_tag?post=1173"}],"curies":[{"name":"wp","href":"https:\/\/api.w.org\/{rel}","templated":true}]}}