{"id":1185,"date":"2014-02-13T15:11:56","date_gmt":"2014-02-13T15:11:56","guid":{"rendered":"https:\/\/satmediawp.edv-kroiss.com\/produkt\/zaaptv-hd809-media-player\/"},"modified":"2024-05-17T11:20:33","modified_gmt":"2024-05-17T09:20:33","slug":"zaaptv-hd809-media-player","status":"publish","type":"product","link":"https:\/\/satmediawp.edv-kroiss.com\/en\/product\/zaaptv-hd809-media-player\/","title":{"rendered":"ZaapTV HD809 Media Player"},"content":{"rendered":"<p>Android OTT Mediaplayer Player von ZaapTV!<br \/>Ger\u00e4t kann mit einem ZaapTV Code aktiviert werden. Kein Code im Lieferumfang enthalten.<\/p>\n<p>Als \u00d6sterreich Distributor pr\u00e4sentieren wir das neueste Modell von ZaapTV &#8211; die 809N Box.<br \/>Jetzt noch einfacher in der Bedienung mit schnelleren Umschaltzeiten.   <br \/>Free WebTV Fernsehen \u00fcber Internet &#8211; Keine Satellitensch\u00fcssel, Kein Abo, keine Installation notwendig!    <\/p>\n<p>Die ZaapTV HD809N Box ist die neuste Generation der ultimativen Entertainment-Maschinen mit Anwendungsm\u00f6glichkeiten wie Internet am TV, ZaapTV. <br \/> Der OTT Mediaplayer bietet die M\u00f6glichkeit, freie WEB-TV Inhalte direkt auf dem TV-Ger\u00e4t wiederzugeben.    <br \/>Das Streamingangebot ist abh\u00e4ngig von den im Internet zur Verf\u00fcgung gestellten Streams. <br \/>Lieferung inkl. Netzteil mit Stromadapterstecker f\u00fcr den weltweiten Einsatz geeignet. <\/p>","protected":false},"excerpt":{"rendered":"<p>Android OTT Mediaplayer Player von ZaapTV!Ger\u00e4t kann mit einem ZaapTV Code aktiviert werden. Kein Code im Lieferumfang enthalten. Als \u00d6sterreich Distributor pr\u00e4sentieren [&hellip;]<\/p>","protected":false},"featured_media":1183,"template":"","meta":[],"product_cat":[44,69,71],"product_tag":[],"_links":{"self":[{"href":"https:\/\/satmediawp.edv-kroiss.com\/en\/wp-json\/wp\/v2\/product\/1185"}],"collection":[{"href":"https:\/\/satmediawp.edv-kroiss.com\/en\/wp-json\/wp\/v2\/product"}],"about":[{"href":"https:\/\/satmediawp.edv-kroiss.com\/en\/wp-json\/wp\/v2\/types\/product"}],"wp:featuredmedia":[{"embeddable":true,"href":"https:\/\/satmediawp.edv-kroiss.com\/en\/wp-json\/wp\/v2\/media\/1183"}],"wp:attachment":[{"href":"https:\/\/satmediawp.edv-kroiss.com\/en\/wp-json\/wp\/v2\/media?parent=1185"}],"wp:term":[{"taxonomy":"product_cat","embeddable":true,"href":"https:\/\/satmediawp.edv-kroiss.com\/en\/wp-json\/wp\/v2\/product_cat?post=1185"},{"taxonomy":"product_tag","embeddable":true,"href":"https:\/\/satmediawp.edv-kroiss.com\/en\/wp-json\/wp\/v2\/product_tag?post=1185"}],"curies":[{"name":"wp","href":"https:\/\/api.w.org\/{rel}","templated":true}]}}