{"id":1227,"date":"2014-11-17T11:24:35","date_gmt":"2014-11-17T11:24:35","guid":{"rendered":"https:\/\/satmediawp.edv-kroiss.com\/produkt\/selfsat-h50d-single-uhd\/"},"modified":"2024-05-17T11:20:32","modified_gmt":"2024-05-17T09:20:32","slug":"selfsat-h50d-single-uhd","status":"publish","type":"product","link":"https:\/\/satmediawp.edv-kroiss.com\/en\/product\/selfsat-h50d-single-uhd\/","title":{"rendered":"Selfsat H50D Single UHD"},"content":{"rendered":"<p>Die Satelliten-Antenne die nicht als solche zu erkennen ist, jetzt mit gr\u00f6\u00dferer Bauform neben Astra und Hotbird auch geeignet f\u00fcr die Satelliten von Eutelsat, Sirius, Thor usw.  <br \/>Antennengewinn von 36,1dBi bei 12,7 GHz!  <br \/>Einfachste Installation an Balkon, Wand oder Masthalterung!  <br \/>Single LNB eingebaut &#8211; Direkter Anschluss f\u00fcr einen Receiver   <br \/>Kleine Bauweise &#8211; 54,3cm x 55,5cm x 6,8 cm <br \/>  Leistung entspricht einer 80cm Offset Antenne.<\/p>","protected":false},"excerpt":{"rendered":"<p>Die Satelliten-Antenne die nicht als solche zu erkennen ist, jetzt mit gr\u00f6\u00dferer Bauform neben Astra und Hotbird auch geeignet f\u00fcr die Satelliten [&hellip;]<\/p>","protected":false},"featured_media":1226,"template":"","meta":[],"product_cat":[46,113],"product_tag":[],"_links":{"self":[{"href":"https:\/\/satmediawp.edv-kroiss.com\/en\/wp-json\/wp\/v2\/product\/1227"}],"collection":[{"href":"https:\/\/satmediawp.edv-kroiss.com\/en\/wp-json\/wp\/v2\/product"}],"about":[{"href":"https:\/\/satmediawp.edv-kroiss.com\/en\/wp-json\/wp\/v2\/types\/product"}],"wp:featuredmedia":[{"embeddable":true,"href":"https:\/\/satmediawp.edv-kroiss.com\/en\/wp-json\/wp\/v2\/media\/1226"}],"wp:attachment":[{"href":"https:\/\/satmediawp.edv-kroiss.com\/en\/wp-json\/wp\/v2\/media?parent=1227"}],"wp:term":[{"taxonomy":"product_cat","embeddable":true,"href":"https:\/\/satmediawp.edv-kroiss.com\/en\/wp-json\/wp\/v2\/product_cat?post=1227"},{"taxonomy":"product_tag","embeddable":true,"href":"https:\/\/satmediawp.edv-kroiss.com\/en\/wp-json\/wp\/v2\/product_tag?post=1227"}],"curies":[{"name":"wp","href":"https:\/\/api.w.org\/{rel}","templated":true}]}}