{"id":1272,"date":"2015-09-22T16:04:49","date_gmt":"2015-09-22T16:04:49","guid":{"rendered":"https:\/\/satmediawp.edv-kroiss.com\/produkt\/satmedia-4in1-fernbedienung-usb-programmierbar-lernbar\/"},"modified":"2024-05-17T11:20:29","modified_gmt":"2024-05-17T09:20:29","slug":"satmedia-4in1-fernbedienung-usb-programmierbar-lernbar","status":"publish","type":"product","link":"https:\/\/satmediawp.edv-kroiss.com\/en\/product\/satmedia-4in1-fernbedienung-usb-programmierbar-lernbar\/","title":{"rendered":"Satmedia 4in1 Fernbedienung USB programmierbar\/lernbar"},"content":{"rendered":"<p>USB-Programmierbare Universal 4in1 Fernbedienung mit 49 individuell programmierbaren Tasten &#8211; Speziell ausgelegt f\u00fcr den Betrieb an SAT-Receivern.<br \/>Einfach programmierbar \u00fcber die PC-Software RCCreator. Die Software greift auf eine Universal Datenbank im Internet zu, welche st\u00e4ndig aktualisiert wird.<br \/>Einfach am PC per USB-Kabel (USB auf USB Mini) anschlie\u00dfen, in der Software die zu programmierbaren Ger\u00e4te (TV, DVD, SAT, AUX) ausw\u00e4hlen und schon ist die Fernbedienung programmiert.<\/p>\n<p>Zus\u00e4tzliche Lernfunktion:<br \/>Jeder Tastecode kann individuell auf die Fernbedienung &#8222;erlernt&#8220; werden. Die Software beinhaltet eine Oszillator-Funktion und speichert das Signal der zu erlernenden Fernbedienung.<br \/>Die Tastencodes werden als XML-Daten gespeichert!<br \/>Es k\u00f6nnen alle 49 Tasten jeweils 2x programmiert werden (normaler, langer Tastendruck)<br \/>Somit ist wirklich jede Funktion auf die Fernbedienung belegbar!<\/p>","protected":false},"excerpt":{"rendered":"<p>USB-Programmierbare Universal 4in1 Fernbedienung mit 49 individuell programmierbaren Tasten &#8211; Speziell ausgelegt f\u00fcr den Betrieb an SAT-Receivern.Einfach programmierbar \u00fcber die PC-Software RCCreator. [&hellip;]<\/p>","protected":false},"featured_media":1270,"template":"","meta":[],"product_cat":[50,99],"product_tag":[],"_links":{"self":[{"href":"https:\/\/satmediawp.edv-kroiss.com\/en\/wp-json\/wp\/v2\/product\/1272"}],"collection":[{"href":"https:\/\/satmediawp.edv-kroiss.com\/en\/wp-json\/wp\/v2\/product"}],"about":[{"href":"https:\/\/satmediawp.edv-kroiss.com\/en\/wp-json\/wp\/v2\/types\/product"}],"wp:featuredmedia":[{"embeddable":true,"href":"https:\/\/satmediawp.edv-kroiss.com\/en\/wp-json\/wp\/v2\/media\/1270"}],"wp:attachment":[{"href":"https:\/\/satmediawp.edv-kroiss.com\/en\/wp-json\/wp\/v2\/media?parent=1272"}],"wp:term":[{"taxonomy":"product_cat","embeddable":true,"href":"https:\/\/satmediawp.edv-kroiss.com\/en\/wp-json\/wp\/v2\/product_cat?post=1272"},{"taxonomy":"product_tag","embeddable":true,"href":"https:\/\/satmediawp.edv-kroiss.com\/en\/wp-json\/wp\/v2\/product_tag?post=1272"}],"curies":[{"name":"wp","href":"https:\/\/api.w.org\/{rel}","templated":true}]}}