{"id":1343,"date":"2016-06-30T13:48:12","date_gmt":"2016-06-30T13:48:12","guid":{"rendered":"https:\/\/satmediawp.edv-kroiss.com\/produkt\/maaxtv-ln6000-2-jahre-maaxtv\/"},"modified":"2024-05-17T11:20:27","modified_gmt":"2024-05-17T09:20:27","slug":"maaxtv-ln6000-2-jahre-maaxtv","status":"publish","type":"product","link":"https:\/\/satmediawp.edv-kroiss.com\/en\/product\/maaxtv-ln6000-2-jahre-maaxtv\/","title":{"rendered":"MaaxTV LN6000 &#8211; 2 Jahre MaaxTV"},"content":{"rendered":"<p>Das neue Modell MaaxTV LN6000 sofort lieferbar inklusive 24 Monate MaaxTV Content-Service f\u00fcr vollen TV-Genuss.<\/p>\n<p>FEATUTRES:<\/p>\n<p>\u0095 Full HD 1080p\/4K<br \/>\u0095 vorinstallierte Apps<br \/>\u0095 Installation zus\u00e4tzlicher Apps via Appstore<br \/>\u0095 eingebauter WLAN Adapter<br \/>\u0095 sehr schnelles Umschalten<br \/>\u0095 Super Bluetooth-Fernbedienung<\/p>\n<p>Die herausragende und fortschrittliche Technologie macht MaaxTV zu einem der besten Ger\u00e4te f\u00fcr ethnische Unterhaltung.<br \/>Alle Anwendungen des MaaxTV LN6000 wie Fernsehen, Video-Streaming, Apps und Spiele wurden f\u00fcr gro\u00dfe TV Bildschirme konzipiert.<br \/>Erleben sie mit dem MaaxTV LN6000 die hochaufl\u00f6sende qualit\u00e4t von 1080P (FullHD) \/ 4K UltraHD in Form von Videos, Filmen und Live TV, nat\u00fcrlich in mehreren Sprachen.<br \/>Um in den Genuss dieses qualitativen Smart TV Erlebnisses zu kommen, m\u00fcssen sie lediglich Ihren MaaxTV mit Ihrem Highspeed Internet (WLAN oder Netzwerkkabel) und TV Ger\u00e4t (HDMI) verbinden.<\/p>\n<p>Als \u00d6sterreich Distributor pr\u00e4sentieren wir das Android 4k Flagschiff von MaaxTV &#8211; den LN6000.<br \/>Mit schnellem QUAD Core Prozessor mit 2 GHz und Full-HD Aufl\u00f6sung. Das Ger\u00e4t bietet Zugang zum MaaxTV Market (per Wi-Fi eingebaut oder Netzwerkkabel).<br \/>Plugins wieYoutubeplayer, Facebook, Twitter, Mediaplayer, uvm direkt am TV!<br \/>Free WebTV Fernsehen \u00fcber Internet &#8211; Keine Satellitensch\u00fcssel, Kein Abo (3 Jahre MaaxTV Kanal Service inklusive), Keine Geb\u00fchren, keine Installation notwendig!<\/p>\n<p>Die MEDIABOX LN6000 ist die ultimative Entertainment-Maschinen mit Anwendungsm\u00f6glichkeiten wie Internet am TV, Youtube, MaaxTV.<br \/>Der Mediaplayer LN6000 bietet die M\u00f6glichkeit, freie WEB-TV Inhalte direkt auf dem TV-Ger\u00e4t wiederzugeben.<\/p>\n<p>Das Streamingangebot ist abh\u00e4ngig von den im Internet zur Verf\u00fcgung gestelltenStreams.<br \/>Lieferung inkl. Netzteil mit Stromadapterstecker f\u00fcr den weltweiten Einsatz geeignet. <\/p>\n<p>Technical Data:<\/p>\n<p>HARDWARE SPECIFICATIONS<br \/>CPU AMLogic S905-H Quad Core up to 2.0 Ghz<br \/>Memory 1 GB DDR3<br \/>Flash 8 GB NAND<br \/>WIFI Built-in 802.11 B\/G\/N\/AC 2.4\/5 Ghz<br \/>Bluetooth<\/p>\n<p>POWER SUPPLY SPECIFICATIONS<br \/>Power Supply(Adapter) DC 12V\/2A<br \/>Power Indicator (LED) Power&#8220;On&#8220;: Blue \/ Standby: Red<\/p>\n<p>MAIN FEATURES<br \/>Stream Support RTSP, RTP, HTTP, UDP, IGMP etc.<br \/>DRM Google Widevine , HDCP<br \/>Video Processing H264, H265 up to 1080p@60Hz<br \/>Video Codecs H.265, H.264 AVC, H.264 MVC, MPEG-4 ASP, VC-1, AVS, MPEG-2, MPEG-1<br \/>Video Containers MKV, WMV, MPG, MPEG, DAT, AVI, MOV, ISO, MP4, RM and JPG<br \/>Audio Codecs MP3, AAC, WMA, RM, FLAC, Ogg<br \/>HD video output HD max. 1920\u00d71080 pixels<\/p>\n<p>AUDIO OUT<br \/>Audio Digital-to-analog converter 192kHz\/24-bit<br \/>Digital audio output HDMI<\/p>\n<p>VIDEO OUT<br \/>Video output signal NTSC and PAL TV system<br \/>Analog video output CVBS<br \/>Digital video output HDMI<\/p>\n<p>PRODUCT SPECIFICATIONS<br \/>Length 115mm<br \/>Width 109mm<br \/>Height 25mm<\/p>\n<p>OPERATING SYSTEM<br \/>MaaxTV OS based on Android 5.1.1<\/p>\n<p>CONNECTIVITY<br \/>2x USB Socket and 2x USB Socket Built in<br \/>1x Audio\/Video analog output<br \/>1x HDMI 2.0 Socket<br \/>1x LAN Ethernet 10\/100Mbit\/s<br \/>1x MicroSD card Slot<br \/>Built-in WIFI<\/p>\n<p>OTHER<br \/>1x 12V DC Input Jack<br \/>Power Switch<br \/>Remote Receiver<br \/>Power LED<\/p>\n<p>ACCESSORIES<br \/>Instruction Manual<br \/>110V\/220V Power adaptor with US\/EU\/UK\/AU plug<br \/>RC Remote Control with Batteries<\/p>","protected":false},"excerpt":{"rendered":"<p>Das neue Modell MaaxTV LN6000 sofort lieferbar inklusive 24 Monate MaaxTV Content-Service f\u00fcr vollen TV-Genuss. FEATUTRES: \u0095 Full HD 1080p\/4K\u0095 vorinstallierte Apps\u0095 [&hellip;]<\/p>","protected":false},"featured_media":1342,"template":"","meta":[],"product_cat":[44,70],"product_tag":[],"_links":{"self":[{"href":"https:\/\/satmediawp.edv-kroiss.com\/en\/wp-json\/wp\/v2\/product\/1343"}],"collection":[{"href":"https:\/\/satmediawp.edv-kroiss.com\/en\/wp-json\/wp\/v2\/product"}],"about":[{"href":"https:\/\/satmediawp.edv-kroiss.com\/en\/wp-json\/wp\/v2\/types\/product"}],"wp:featuredmedia":[{"embeddable":true,"href":"https:\/\/satmediawp.edv-kroiss.com\/en\/wp-json\/wp\/v2\/media\/1342"}],"wp:attachment":[{"href":"https:\/\/satmediawp.edv-kroiss.com\/en\/wp-json\/wp\/v2\/media?parent=1343"}],"wp:term":[{"taxonomy":"product_cat","embeddable":true,"href":"https:\/\/satmediawp.edv-kroiss.com\/en\/wp-json\/wp\/v2\/product_cat?post=1343"},{"taxonomy":"product_tag","embeddable":true,"href":"https:\/\/satmediawp.edv-kroiss.com\/en\/wp-json\/wp\/v2\/product_tag?post=1343"}],"curies":[{"name":"wp","href":"https:\/\/api.w.org\/{rel}","templated":true}]}}