{"id":1354,"date":"2016-10-18T11:21:33","date_gmt":"2016-10-18T11:21:33","guid":{"rendered":"https:\/\/satmediawp.edv-kroiss.com\/produkt\/orf-hd-austria-cardless-ci-modul-aktion-orf-freischaltgebuehr-inklusive-bei-umstieg-von-smartcard-auf-cam\/"},"modified":"2024-05-17T11:20:27","modified_gmt":"2024-05-17T09:20:27","slug":"orf-hd-austria-cardless-ci-modul-aktion-orf-freischaltgebuehr-inklusive-bei-umstieg-von-smartcard-auf-cam","status":"publish","type":"product","link":"https:\/\/satmediawp.edv-kroiss.com\/en\/product\/orf-hd-austria-cardless-ci-modul-aktion-orf-freischaltgebuehr-inklusive-bei-umstieg-von-smartcard-auf-cam\/","title":{"rendered":"ORF HD Austria Cardless CI+ Modul Aktion: ORF Freischaltgeb\u00fchr inklusive bei Umstieg von Smartcard auf CAM"},"content":{"rendered":"<p>ORF und HD-Austria Modul mit integrierter Smartcard.  Einfach einstecken und fertig. <br \/> Alle ORF HD Kan\u00e4le sind sofort f\u00fcr 1 Monat freigeschalten. Bei HD-Austria Anmeldung ist der Empfang der ORF Kan\u00e4le kostenlos!  <\/p>\n<p><b>AKTIONSPAKET:<\/b><br \/>18 \u20ac Aktivierungsgeb\u00fchr geschenkt!<br \/>Die 5 Jahre ORF HD Aktivierung bei Umstieg vom einer ORF-Karte auf das Cardless CAM ist kostenlos!<br \/>F\u00fcr den Umstieg einfach die Kartennummer der alten ORF-Karte eingeben und das neue CAM f\u00fcr 5 Jahre ORF HD sofort freischalten lassen.<br \/>Interner Hinweis: Beim Test hatten sogar abgelaufene ORF-Karten funktioniert!<\/p>\n<p>Das Modul kann nat\u00fcrlich auch ohne bestehender ORF-Karte f\u00fcr ORF HD angemeldet werden.<br \/>Hier betr\u00e4gt die Anmeldegeb\u00fchr 17,99\u20ac f\u00fcr 5 Jahre ORF HD Freischaltung.<\/p>\n<p>Voraussetzung ist ein \u00f6sterreichischer Wohnsitz mit GIS Anmeldung!<\/p>\n<p>Bei Anmeldung von HD-Austria ist das Programmangebot die ersten 3 Monate kostenlos. <\/p>\n<p>Dieses CAM funktioniert f\u00fcr die ORF Sender im CI und CI+ Slot.<br \/>F\u00fcr die Programme von HD Austria SAT ist ein CI+ Slot erforderlich.&nbsp;<\/p>","protected":false},"excerpt":{"rendered":"<p>ORF und HD-Austria Modul mit integrierter Smartcard. Einfach einstecken und fertig. Alle ORF HD Kan\u00e4le sind sofort f\u00fcr 1 Monat freigeschalten. Bei [&hellip;]<\/p>","protected":false},"featured_media":1352,"template":"","meta":[],"product_cat":[45,90,92],"product_tag":[],"_links":{"self":[{"href":"https:\/\/satmediawp.edv-kroiss.com\/en\/wp-json\/wp\/v2\/product\/1354"}],"collection":[{"href":"https:\/\/satmediawp.edv-kroiss.com\/en\/wp-json\/wp\/v2\/product"}],"about":[{"href":"https:\/\/satmediawp.edv-kroiss.com\/en\/wp-json\/wp\/v2\/types\/product"}],"wp:featuredmedia":[{"embeddable":true,"href":"https:\/\/satmediawp.edv-kroiss.com\/en\/wp-json\/wp\/v2\/media\/1352"}],"wp:attachment":[{"href":"https:\/\/satmediawp.edv-kroiss.com\/en\/wp-json\/wp\/v2\/media?parent=1354"}],"wp:term":[{"taxonomy":"product_cat","embeddable":true,"href":"https:\/\/satmediawp.edv-kroiss.com\/en\/wp-json\/wp\/v2\/product_cat?post=1354"},{"taxonomy":"product_tag","embeddable":true,"href":"https:\/\/satmediawp.edv-kroiss.com\/en\/wp-json\/wp\/v2\/product_tag?post=1354"}],"curies":[{"name":"wp","href":"https:\/\/api.w.org\/{rel}","templated":true}]}}