{"id":1359,"date":"2016-12-01T14:33:44","date_gmt":"2016-12-01T14:33:44","guid":{"rendered":"https:\/\/satmediawp.edv-kroiss.com\/produkt\/f-stecker-7mm-premium-messing-vergoldet\/"},"modified":"2024-05-17T13:43:04","modified_gmt":"2024-05-17T11:43:04","slug":"f-stecker-7mm-premium-messing-vergoldet","status":"publish","type":"product","link":"https:\/\/satmediawp.edv-kroiss.com\/en\/product\/f-stecker-7mm-premium-messing-vergoldet\/","title":{"rendered":"F-connector 7mm Premium gold plated brass"},"content":{"rendered":"<p>F-Stecker aus Messing in Profi-Ausf\u00fchrung.  <br \/>Vergr\u00f6\u00dferte Schraubfl\u00e4che f\u00fcr perfekte und schnelle Schraub-Montage.  <br \/>Passend f\u00fcr alle unsere RG7 7mm Koax &#8211; Kabel.<\/p>","protected":false},"excerpt":{"rendered":"<p>F-Stecker aus Messing in Profi-Ausf\u00fchrung. Vergr\u00f6\u00dferte Schraubfl\u00e4che f\u00fcr perfekte und schnelle Schraub-Montage. Passend f\u00fcr alle unsere RG7 7mm Koax &#8211; Kabel.<\/p>","protected":false},"featured_media":1358,"template":"","meta":[],"product_cat":[49,128],"product_tag":[],"_links":{"self":[{"href":"https:\/\/satmediawp.edv-kroiss.com\/en\/wp-json\/wp\/v2\/product\/1359"}],"collection":[{"href":"https:\/\/satmediawp.edv-kroiss.com\/en\/wp-json\/wp\/v2\/product"}],"about":[{"href":"https:\/\/satmediawp.edv-kroiss.com\/en\/wp-json\/wp\/v2\/types\/product"}],"wp:featuredmedia":[{"embeddable":true,"href":"https:\/\/satmediawp.edv-kroiss.com\/en\/wp-json\/wp\/v2\/media\/1358"}],"wp:attachment":[{"href":"https:\/\/satmediawp.edv-kroiss.com\/en\/wp-json\/wp\/v2\/media?parent=1359"}],"wp:term":[{"taxonomy":"product_cat","embeddable":true,"href":"https:\/\/satmediawp.edv-kroiss.com\/en\/wp-json\/wp\/v2\/product_cat?post=1359"},{"taxonomy":"product_tag","embeddable":true,"href":"https:\/\/satmediawp.edv-kroiss.com\/en\/wp-json\/wp\/v2\/product_tag?post=1359"}],"curies":[{"name":"wp","href":"https:\/\/api.w.org\/{rel}","templated":true}]}}