{"id":1374,"date":"2017-03-13T10:10:04","date_gmt":"2017-03-13T10:10:04","guid":{"rendered":"https:\/\/satmediawp.edv-kroiss.com\/produkt\/evo-nova-twin-enigma-2\/"},"modified":"2024-05-17T11:20:26","modified_gmt":"2024-05-17T09:20:26","slug":"evo-nova-twin-enigma-2","status":"publish","type":"product","link":"https:\/\/satmediawp.edv-kroiss.com\/en\/product\/evo-nova-twin-enigma-2\/","title":{"rendered":"EVO NOVA Twin Enigma 2"},"content":{"rendered":"<p>DVB-S2 FullHD TWIN Tuner Linux Enigma2 Receiver zum Spitzenpreis. <br \/> \tAusgestattet mit einem Highspeed Dual Core 2000DMIPS Prozessor!<\/p>\n<p>Erleben Sie dank des kraftvollen Dual Core (2000 DMIPS 2 x 742MHz) Prozessors eine un\u00fcbertroffen schnelle und verz\u00f6gerungsfreie Bedienung. Das von Werk ausinstallierten Betriebsystem Linux E2 bietet eine beeindruckende Palette aninnovativen Plugins, die kostenlos heruntergeladen und installiert werden k\u00f6nnen.<\/p>\n<p>Das Herzst\u00fcck des Receivers bildet der schnelle Broadcom 2000DMIPS Dual CoreProzessor.<br \/> \tStreaming von Full HD Content ist somit problemlos m\u00f6glich.<br \/> \tDer integrierte Mediaplayer und die kinderleichte Verbindung mit externen Ger\u00e4ten(Festplatte, SD-Card, USB-Stick, NAS) erm\u00f6glichen ein problemloses Abspielen vonMP3-Dateien, Fotos, Videos und vieles mehr.<br \/> \tEine SD-Card kann im eingebauten Kartenleser als interne Festplatte verwendet werden.<br \/> \tEine externe 2,5&#8220; HDD kann ohne zus\u00e4tzlicher Stromversorgung am USB-Port als Festplatte verwendet werden.<\/p>\n<p><b>Hauptmerkmale: <\/b><br \/> \tLinux Operating System E2<br \/> \tBroadcom  2000 DMIPS Dual Core Prozessor<br \/> \t750 MHz Dual Core<br \/> \tFlash 256 MB<br \/> \tDDR3 Speicher 512 MB<br \/> \tMicro SD Kartenleser!<br \/> \tEthernet LAN 100MBIT<br \/> \tWiFi Support \u00fcber Wi-Fi Stick (als Zubeh\u00f6r)<br \/> \tWOL (Wake-On-LAN)<br \/> \t1x Kartenleser<br \/> \t2 x USB<br \/> \tSchneller Systemstart<br \/> \tSchnelle Umschaltzeiten<br \/> \tZeitversetztes Fernsehen, Aufnahme und Wiedergabe mit externen Speichermedien (NAS, e-SATA oder USB 2.0) <br \/> \tVerschiedene Men\u00fcoberfl\u00e4chen (Skins) inkl. Anpassungsm\u00f6glichkeiten<br \/> \tViele Einstellungsm\u00f6glichkeiten um das System auf die eigenen Bed\u00fcrfnisse anzupassen<br \/> \tBackup \/ Restore Funktion<br \/> \t\u00dcbersichtliche Kanalliste mit Favoriten und Anzeige der nachfolgenden Sendungen<br \/> \tPluginverwaltung<br \/> \tUnterst\u00fctzung von vielen Medienformaten<br \/> \tGro\u00dfe Auswahl an Plugins<br \/> \tPC Programme zum Konvertieren und \u00c4ndern der Senderliste<br \/> \tBildschirmschoner im Radio Modus<br \/> \tFernbedienungstasten frei belegbar<br \/> \tOnlineupdate der Firmware<br \/> \tWebinterface: Steuern und Streamen von AV-Daten (auch Live TV) auf PC und Notebook<br \/> \tApp: Steuern und Streamen von AV-Daten (auch Live TV) auf Android und iOS Smartphones und Tablets<br \/> \tBlind Scan Funktion<br \/> \tIPTV ready (als Client und Server)<br \/> \tIP Streaming<br \/> \tVerschiedene E2 Images installierbar<br \/> \tUnlimitierte Kanalliste f\u00fcr TV\/Radio<br \/> \tUnterst\u00fctzung von Bouquet-Listen<br \/> \tEPG (electronic program guide) Unterst\u00fctzung<br \/> \t4G LTE f\u00e4hig via USB<br \/> \tAirplay Funktion<br \/> \tExternes 12V DC Netzteil<br \/> \tund vieles mehr&#8230;.<\/p>","protected":false},"excerpt":{"rendered":"<p>DVB-S2 FullHD TWIN Tuner Linux Enigma2 Receiver zum Spitzenpreis. Ausgestattet mit einem Highspeed Dual Core 2000DMIPS Prozessor! Erleben Sie dank des kraftvollen [&hellip;]<\/p>","protected":false},"featured_media":1373,"template":"","meta":[],"product_cat":[43,57],"product_tag":[],"_links":{"self":[{"href":"https:\/\/satmediawp.edv-kroiss.com\/en\/wp-json\/wp\/v2\/product\/1374"}],"collection":[{"href":"https:\/\/satmediawp.edv-kroiss.com\/en\/wp-json\/wp\/v2\/product"}],"about":[{"href":"https:\/\/satmediawp.edv-kroiss.com\/en\/wp-json\/wp\/v2\/types\/product"}],"wp:featuredmedia":[{"embeddable":true,"href":"https:\/\/satmediawp.edv-kroiss.com\/en\/wp-json\/wp\/v2\/media\/1373"}],"wp:attachment":[{"href":"https:\/\/satmediawp.edv-kroiss.com\/en\/wp-json\/wp\/v2\/media?parent=1374"}],"wp:term":[{"taxonomy":"product_cat","embeddable":true,"href":"https:\/\/satmediawp.edv-kroiss.com\/en\/wp-json\/wp\/v2\/product_cat?post=1374"},{"taxonomy":"product_tag","embeddable":true,"href":"https:\/\/satmediawp.edv-kroiss.com\/en\/wp-json\/wp\/v2\/product_tag?post=1374"}],"curies":[{"name":"wp","href":"https:\/\/api.w.org\/{rel}","templated":true}]}}