{"id":1384,"date":"2017-03-28T11:48:27","date_gmt":"2017-03-28T11:48:27","guid":{"rendered":"https:\/\/satmediawp.edv-kroiss.com\/produkt\/clarke-tech-c-tech-flat-200-twin-gebraucht\/"},"modified":"2024-05-17T11:20:26","modified_gmt":"2024-05-17T09:20:26","slug":"clarke-tech-c-tech-flat-200-twin-gebraucht","status":"publish","type":"product","link":"https:\/\/satmediawp.edv-kroiss.com\/en\/product\/clarke-tech-c-tech-flat-200-twin-gebraucht\/","title":{"rendered":"Clarke-Tech C-Tech Flat-200 Twin Gebraucht"},"content":{"rendered":"<p>Clarke-Tech Flat-200 &#8211; SAT-EMPFANG ohne SAT-Sch\u00fcssel !<\/p>\n<p>Das Original als Gebrauchtst\u00fcck mit 1 Jahr Garantie und vollem Zubeh\u00f6r inkl. Fensterkralle und 2 Fensterdurchf\u00fchrungskabel.<\/p>\n<p>Clarke-Tech pr\u00e4sentiert die leistungsf\u00e4higste Twin SAT Flat Antenne der Welt.<br \/> \tEndlich ist es m\u00f6glich SAT-TV ohne SAT-Sch\u00fcssel mit ausreichender Qualit\u00e4t zu empfangen.<br \/> \tDank der neuen Hohlleiter-Technologie entspricht die kleine FLAT Antenne einer 70cm Offset Sch\u00fcssel.<br \/> \tOptimal f\u00fcr Wohnungen bei denen SAT-Sch\u00fcsseln nicht erlaubt sind &#8211; eine Fensterbrett-Montage ohne zu Bohren liegt dem Lieferumfang bei!<\/p>\n<p>&#8211; Empfangsstark wie jede herk\u00f6mmliche 70cm Sat Sch\u00fcssel<br \/> \t&#8211; Keine Probleme bei Wind oder Schnee<br \/> \t&#8211; Montagezubeh\u00f6r f\u00fcr Wand\/Balkon\/Fenster\/Mast<br \/> \t&#8211; Unsichtbar &#8211; Ideal f\u00fcr Wohnbauten,&#8230;<br \/> \t&#8211; Direkter Anschluss f\u00fcr 2 Receiver (4k\/HD-Ready)<br \/> \t&#8211; Zukunftssicher f\u00fcr HD und 4k UHD<br \/> \t&#8211; Abmessungen vorne: 505 x 255 x 67 mm<\/p>\n<p><\/p>","protected":false},"excerpt":{"rendered":"<p>Clarke-Tech Flat-200 &#8211; SAT-EMPFANG ohne SAT-Sch\u00fcssel ! Das Original als Gebrauchtst\u00fcck mit 1 Jahr Garantie und vollem Zubeh\u00f6r inkl. Fensterkralle und 2 [&hellip;]<\/p>","protected":false},"featured_media":1380,"template":"","meta":[],"product_cat":[46,113],"product_tag":[],"_links":{"self":[{"href":"https:\/\/satmediawp.edv-kroiss.com\/en\/wp-json\/wp\/v2\/product\/1384"}],"collection":[{"href":"https:\/\/satmediawp.edv-kroiss.com\/en\/wp-json\/wp\/v2\/product"}],"about":[{"href":"https:\/\/satmediawp.edv-kroiss.com\/en\/wp-json\/wp\/v2\/types\/product"}],"wp:featuredmedia":[{"embeddable":true,"href":"https:\/\/satmediawp.edv-kroiss.com\/en\/wp-json\/wp\/v2\/media\/1380"}],"wp:attachment":[{"href":"https:\/\/satmediawp.edv-kroiss.com\/en\/wp-json\/wp\/v2\/media?parent=1384"}],"wp:term":[{"taxonomy":"product_cat","embeddable":true,"href":"https:\/\/satmediawp.edv-kroiss.com\/en\/wp-json\/wp\/v2\/product_cat?post=1384"},{"taxonomy":"product_tag","embeddable":true,"href":"https:\/\/satmediawp.edv-kroiss.com\/en\/wp-json\/wp\/v2\/product_tag?post=1384"}],"curies":[{"name":"wp","href":"https:\/\/api.w.org\/{rel}","templated":true}]}}