{"id":1402,"date":"2017-08-25T13:56:50","date_gmt":"2017-08-25T13:56:50","guid":{"rendered":"https:\/\/satmediawp.edv-kroiss.com\/produkt\/amiko-multitracker-2-messgeraet-2\/"},"modified":"2024-05-17T11:20:26","modified_gmt":"2024-05-17T09:20:26","slug":"amiko-multitracker-2-messgeraet-2","status":"publish","type":"product","link":"https:\/\/satmediawp.edv-kroiss.com\/en\/product\/amiko-multitracker-2-messgeraet-2\/","title":{"rendered":"Amiko MultiTracker 2 Messger\u00e4t"},"content":{"rendered":"<p>Messger\u00e4t mit superschnellem Multi Tuner f\u00fcr DVB-S2\/S\/T\/T2\/C mit eingebautem Kompass und Winkelberechnung in Echtzeit! <\/p>\n<p>Dieses Messger\u00e4t kommt ohne TV-Bildausgabe aus, was aber den Vorteil hat, dass die Signalanzeige ohne Verz\u00f6gerung reagiert! <br \/>Einfach den zu suchenden Satelliten in den Einstellungen ausw\u00e4hlen und fertig! <br \/>8 fertige Transponderdaten sind pro Satellit gespeichert und k\u00f6nnen eigenst\u00e4ndig ge\u00e4ndert werden. <br \/>Somit lassen sich alle Frequenzen am Satelliten scannen. <\/p>\n<p>&nbsp;&#8211; DVB-S \/ S2 \/ T \/ T2 \/ C Einfangssignale<br \/>&nbsp;&#8211; Eingebauter Kompass<br \/>&nbsp;&#8211; 320x240px Farb LCD Display mit geregelter Hintergrundbeleuchtung <br \/>&nbsp;&#8211; Satelliten\/Transponderdatenbank bearbeitbar<br \/>&nbsp;&#8211; Echtzeit Satelliten Winkelberechnung (Azimuth &amp; Elevation)<br \/>&nbsp;&#8211; Satellite Locator   &#8211; Kompass eingebaut<br \/>&nbsp;&#8211; Akkustischer Signalfinder (Ein\/Aus)<br \/>&nbsp;&#8211; DiSEqC 1.0, 1.1, 1.2 &amp; USALS <br \/>&nbsp;&#8211; Firmware + Senderliste aktualisierbar via USB <br \/>&nbsp;&#8211; Li-ion battery &#8211; Schnellladung und bis zu 3 Stunden Dauerbetrieb<br \/>&nbsp;&#8211; DC 12V Stromversorgung<\/p>","protected":false},"excerpt":{"rendered":"<p>Messger\u00e4t mit superschnellem Multi Tuner f\u00fcr DVB-S2\/S\/T\/T2\/C mit eingebautem Kompass und Winkelberechnung in Echtzeit! Dieses Messger\u00e4t kommt ohne TV-Bildausgabe aus, was aber [&hellip;]<\/p>","protected":false},"featured_media":1397,"template":"","meta":[],"product_cat":[78,49,136],"product_tag":[],"_links":{"self":[{"href":"https:\/\/satmediawp.edv-kroiss.com\/en\/wp-json\/wp\/v2\/product\/1402"}],"collection":[{"href":"https:\/\/satmediawp.edv-kroiss.com\/en\/wp-json\/wp\/v2\/product"}],"about":[{"href":"https:\/\/satmediawp.edv-kroiss.com\/en\/wp-json\/wp\/v2\/types\/product"}],"wp:featuredmedia":[{"embeddable":true,"href":"https:\/\/satmediawp.edv-kroiss.com\/en\/wp-json\/wp\/v2\/media\/1397"}],"wp:attachment":[{"href":"https:\/\/satmediawp.edv-kroiss.com\/en\/wp-json\/wp\/v2\/media?parent=1402"}],"wp:term":[{"taxonomy":"product_cat","embeddable":true,"href":"https:\/\/satmediawp.edv-kroiss.com\/en\/wp-json\/wp\/v2\/product_cat?post=1402"},{"taxonomy":"product_tag","embeddable":true,"href":"https:\/\/satmediawp.edv-kroiss.com\/en\/wp-json\/wp\/v2\/product_tag?post=1402"}],"curies":[{"name":"wp","href":"https:\/\/api.w.org\/{rel}","templated":true}]}}