{"id":1420,"date":"2018-04-03T15:31:34","date_gmt":"2018-04-03T15:31:34","guid":{"rendered":"https:\/\/satmediawp.edv-kroiss.com\/produkt\/gigablue-uhd-ue-4k-2xdvb-s2-fbc-tuner\/"},"modified":"2024-05-17T11:20:26","modified_gmt":"2024-05-17T09:20:26","slug":"gigablue-uhd-ue-4k-2xdvb-s2-fbc-tuner","status":"publish","type":"product","link":"https:\/\/satmediawp.edv-kroiss.com\/en\/product\/gigablue-uhd-ue-4k-2xdvb-s2-fbc-tuner\/","title":{"rendered":"GigaBlue UHD UE 4k 2xDVB-S2 FBC Tuner"},"content":{"rendered":"<div>Enigma2 4k Spitzenprodukt &#8211; Unser stabilster Enigma2 Receiver. Ger\u00e4t mit den mit Abstand wenigsten Ausf\u00e4llen der Linux Enigma Receiver!<\/div>\n<p>Linux-Receiver Erfahrung seit 2003, als erster Linux\/Dreambox H\u00e4ndler in \u00d6sterreich!<\/p>\n<p>Gigablue UHD UE 4K. 1 x Ci , 2 x Kartenleser,\u00a0 TFT- Farbdisplay, Gigabit Lan Anschluss, 1 x HDMI, und 3 x USB Schnittstellen zeichnen die neue Serie zum Vorg\u00e4nger aus. TWIN LINUX HD TV Receiver mit Hybrid Eigenschaft. DVB-S2, DVB-C\/C2, DVB-T\/T2 und IPTV bieten eine vielseitige Nutzung.<br \/>\nGer\u00e4t ohne Vorkonfiguration. Siehe Satmedia Homeserver Varianten !!<\/p>\n<p><b>Features<br \/>\n<\/b><\/p>\n<ul>\n<li>Fast processor with 2GB DDR4 RAM<\/li>\n<li>4GB eMMC Flash<\/li>\n<li>2.2&#8243; LCD color display<\/li>\n<li>3 USB (1 front + 2 back)<\/li>\n<li>1 x Ci<\/li>\n<li>2 x Smart Card<\/li>\n<li>1 x HDMI\u00a0 2.0<\/li>\n<li>2 x FBC (DVB-S2)<\/li>\n<li>PnP Gigablue Single DVB-S2x Tuner v.2 (Optional) <span id=\"result_box\" class=\"short_text\" lang=\"en\"><span class=\"\">available from February 2017<\/span><\/span><\/li>\n<li>PnP Gigablue Dual DVB-S2x Tuner v.2 (Optional) <span id=\"result_box\" class=\"short_text\" lang=\"en\"><span class=\"\">available from February 2017<\/span><\/span><\/li>\n<li>PnP Gigablue Single DVB-C\/T2 Tuner v.2 (H. 265) (Optional)<\/li>\n<li>PnP Gigablue Twin DVB-C\/T2 Tuner v.2 (H.265) (Optional)<\/li>\n<li>optical<\/li>\n<li>RS-232,<\/li>\n<li>Ethernet Gigabit LAN (RJ-45\/1000Mbps)<\/li>\n<li>4 x PiP<\/li>\n<li>SAT&gt;iP, Multiroom Serverfunktion bis zu 16 C<span id=\"result_box\" class=\"short_text\" lang=\"en\">lients<\/span><\/li>\n<\/ul>\n<p>&nbsp;<\/p>\n<div class=\"content-0 tabs-motion-content padding active\"><\/div>\n<div class=\"content-0 tabs-motion-content padding active\"><b>Ausstattungsmerkmale<\/b><\/p>\n<p>1 x PnP tuner erm\u00f6glichen eine uneingeschr\u00e4nkte Twin Nutzungso wie 8 Tunern (FBC Tuner). Dar\u00fcber hinaus bieten ein weiterer Tunersteckplatz die M\u00f6glichkeit den Receiver mit DVBS2, DVB-T\/T2 oder DVB-C2 Twin Tuner zu erweitern. Der starke Prozessor bietet dem Betrachter ein 4k hochaufl\u00f6sendes Bildmaterial und eine noch nie erfahrene schnelle Umschaltzeit.<br \/>\n\u00dcber die Gigabit Lan Schnittstelle oder den optional erh\u00e4ltlichen Wifi Stick k\u00f6nnen Sie ihren Receiver direkt mit dem Internet verbinden.<br \/>\nFeatures und Ausstattung: 4 x PiP, 1x USB3.0, 2x USB2.0\u00a0 1 x HDMI 2.0<\/p>\n<p>Besonders nutzerfreundlich zeigt sich der GigaBlue in seinen Bedienm\u00f6glichkeiten. So l\u00e4sst sich der Receiver beispielsweise via GigaBlue Player-App ganz bequem mit dem Smartphone oder Tablet fernsteuern, ohne erst die Ger\u00e4tefernbedienung in die Hand zu nehmen.<\/p>\n<p>Sie haben Full-HD und finden, dass Sie noch nie in so guter Qualit\u00e4t ferngesehen haben? Es gibt noch besser! Ultra HD (UHD oder 4K genannt), dahinter steckt eine viermal h\u00f6here (4&#215;1080) Bildaufl\u00f6sung als bei Full-HD.<\/p>\n<p>Mit dem GigaBlue UHD UE 4K bringt GigaBlue seinen ersten UHD-f\u00e4higen Satelliten-Receiver auf den Markt. Genie\u00dfen Sie TV-Bilder in unerreichter Sch\u00e4rfe und Klarheit und erleben Sie jedes Detail mehr als lebensecht.<\/p>\n<p>GigaBlue UHD UE 4K von ist einfach ein geniales Teil, und definitiv der neueste Stand in Sachen Satelliten-Receiver \u2013 seien Sie dabei!<br \/>\nTwin Tuner Empf\u00e4nger und 4 x PiP<\/p>\n<p><b>Ihre Freude wird verdoppelt.<\/b><\/p>\n<p>Sie k\u00f6nnen entscheiden wann und wieviele Sendung die Sie aufzeichnen wollen oder in PiP schauen. Schauen Sie sich eine Sendung an und zeichnen Sie parallel bis zu 16 weitere Programme auf und bis zu 4 Programm in PiP.<br \/>\nCI Modulschacht f\u00fcr verschl\u00fcsselte Angebote<\/p>\n<p>Sie k\u00f6nnen \u00fcber den Modulschacht den Receiver zum Empfang von verschl\u00fcsselten Premiumangeboten flexibel und einfach nachr\u00fcsten. Einfach Smartcard mit der Modul in den Ci Schacht stecken und Ihr Verw\u00f6hnprogramm starten.<\/p>\n<p><b>Timeshift, pausieren, zeitversetzt fernsehen<\/b><\/p>\n<p>Sie sind der Boss mit der GigaBlue UHD UE 4K.<\/p>\n<p>Lieblingsserie oder Fussball l\u00e4uft und das Telefon klingelt? Dr\u00fccken Sie einfach die Pausetaste und bestimmen Sie selbst, wann Sie weiterschauen wollen. Springen Sie bis zu 2 Stunden zur\u00fcck, genie\u00dfen Sie Szenen so oft Sie m\u00f6gen oder \u00fcberspringen Sie weniger interessante Passagen. Werden Sie zum Herrn \u00fcber Ihr Programm, einfach per Knopfdruck!<br \/>\nSAT&gt;IP Streaming oder Multiroom<\/p>\n<p><b>Satellitenfernsehen \u00fcberall genie\u00dfen.<\/b><\/p>\n<p>\u00dcber netzwerk Ohne zus\u00e4tzliche Verkabelung wird Satellitenfernsehen jetzt auch auf Endger\u00e4ten genie\u00dfbar, die \u00fcber keinen eigenen Sat-Anschluss verf\u00fcgen. Die Sat&gt;IP Technologie des Receivers liefert \u00fcber das Heimnetzwerk erstklassiges Satelliten-TV in jeden Raum des Haushaltes.<br \/>\nLive-Streaming mit der GigaBlue Player<\/p>\n<p><b>Live-Inhalte im ganzen Haus verteilen.<\/b><\/p>\n<p>Die Sonne scheint und Sie w\u00fcrden nichts lieber tun als die Serien oder Fu\u00dfball-Live\u00fcbertragung gem\u00fctlich im Garten zu genie\u00dfen? Kein Problem! Mit dem GigaBlue k\u00f6nnen Sie meherere Live-Sendungen parallel im Heimnetzwerk verteilen und auf Ihre mobilen Endger\u00e4te streamen.<br \/>\nHeimnetzwerkes (Home Networking)<\/p>\n<p>Durch die Einbindung in Ihr Netzwerk via Netzwerkkabel oder WLAN erhalten Sie Zugriff auf all Ihre Medien Daten &#8211; raum\u00fcbergreifend und zeitunabh\u00e4ngig &#8211; mit jedem kompatiblen Endger\u00e4t. Erleben Sie Ihr pers\u00f6nliches Audio- und Video-Vergn\u00fcgen, ganz nat\u00fcrlich auch drahtlos.<br \/>\nFernprogrammierung \u00fcber App oder Webif<\/p>\n<p><b>Programmieren Sie Ihre Aufnahmen ganz einfach von unterwegs.<\/b><\/p>\n<p>Die Arbeit hat mal wieder etwas l\u00e4nger gedauert oder Sie stehen im Stau , Ihre Lieblingssendung wird in wenigen Minutenbeginnen, kein Grund zur Sorge! Programmieren Sie die Aufnahme Ihrer Wunschsendung einfach unterwegs via mobiler App oder dem Computer am Arbeitsplatz.<br \/>\nEPG (Elektronische Programmzeitschrift)<\/p>\n<p><b>Erfahren Sie mehr und im Voraus.<\/b><\/p>\n<p>Ein Tastendruck und Sie wissen es &#8211; das gesamte Fernsehprogramm in perfekter \u00dcbersicht auf Ihrem Bildschirm. Erhalten Sie au\u00dferdem Kurzbeschreibungen oder interessante Informationen zur Sendung (Inhalte sind senderabh\u00e4ngig) und planen Sie Ihre Fernsehabende, inklusive Aufnahmen, f\u00fcr die n\u00e4chsten 14 Tage schon heute &#8211; per Knopfdruck.<br \/>\nPVR (Wiedergabe von Bildern, Musik und Video)<br \/>\n<b><br \/>\nIhre grenzenlose Unterhaltung.<\/b><\/p>\n<p>\u00dcber die USB-Anschl\u00fcsse, Netzwerk oder e-SATA erleben Sie Ihre Urlaubsbilder, Lieblingsmusik oder Videos auf dem angeschlossenen gro\u00dfen HD-Bildschirm. Bleiben Sie sitzen, lehnen Sie sich zur\u00fcck und entspannen Sie sich. Ihre Medien sind nur einen Knopfdruck entfernt.<br \/>\nSurround-Klang<\/p>\n<p><b>Sie werden Kinoatmosph\u00e4re in Ihren zu Hause erleben.<\/b><\/p>\n<p>Live TV, momente, Sporthighlights, Spielfilmen auch nat\u00fcrlich Musik-TV. Verbinden Sie den Receiver \u00fcber den optischen Ausgang (S\/PDIF) mit Ihrer Heimkino-Anlage und erleben Sie satten Sound.<\/p>\n<p>Das Produkt wird in unseren Produktionsst\u00e4tten gebaut und umfasst eine 2 j\u00e4hrige Garantie<\/p><\/div>","protected":false},"excerpt":{"rendered":"<p>Enigma2 4k Spitzenprodukt &#8211; Unser stabilster Enigma2 Receiver. Ger\u00e4t mit den mit Abstand wenigsten Ausf\u00e4llen der Linux Enigma Receiver! Linux-Receiver Erfahrung seit [&hellip;]<\/p>","protected":false},"featured_media":1418,"template":"","meta":[],"product_cat":[43,57],"product_tag":[],"_links":{"self":[{"href":"https:\/\/satmediawp.edv-kroiss.com\/en\/wp-json\/wp\/v2\/product\/1420"}],"collection":[{"href":"https:\/\/satmediawp.edv-kroiss.com\/en\/wp-json\/wp\/v2\/product"}],"about":[{"href":"https:\/\/satmediawp.edv-kroiss.com\/en\/wp-json\/wp\/v2\/types\/product"}],"wp:featuredmedia":[{"embeddable":true,"href":"https:\/\/satmediawp.edv-kroiss.com\/en\/wp-json\/wp\/v2\/media\/1418"}],"wp:attachment":[{"href":"https:\/\/satmediawp.edv-kroiss.com\/en\/wp-json\/wp\/v2\/media?parent=1420"}],"wp:term":[{"taxonomy":"product_cat","embeddable":true,"href":"https:\/\/satmediawp.edv-kroiss.com\/en\/wp-json\/wp\/v2\/product_cat?post=1420"},{"taxonomy":"product_tag","embeddable":true,"href":"https:\/\/satmediawp.edv-kroiss.com\/en\/wp-json\/wp\/v2\/product_tag?post=1420"}],"curies":[{"name":"wp","href":"https:\/\/api.w.org\/{rel}","templated":true}]}}