{"id":1430,"date":"2018-04-13T15:27:22","date_gmt":"2018-04-13T15:27:22","guid":{"rendered":"https:\/\/satmediawp.edv-kroiss.com\/produkt\/satmedia-4k-home-all-in-one-set-q-8-tuner\/"},"modified":"2024-05-17T11:20:26","modified_gmt":"2024-05-17T09:20:26","slug":"satmedia-4k-home-all-in-one-set-q-8-tuner","status":"publish","type":"product","link":"https:\/\/satmediawp.edv-kroiss.com\/en\/product\/satmedia-4k-home-all-in-one-set-q-8-tuner\/","title":{"rendered":"Satmedia 4k Home All-in-One SET #Q (8 Tuner)"},"content":{"rendered":"<p>Das Set Q ist f\u00fcr bestehende Multischalter Anlangen gedacht. Der Unicable Schalter kann in das bestehende System integriert werden.<br \/>Der Satmedia All In One Homeserver Receiver stellt 8 Tuner am Receiver und im Netzwerk zur Verf\u00fcgung.<br \/>Genie\u00dfen Sie Ihre SAT-Programme auf allen Ihren Netzwerkger\u00e4ten (Tablet,  Smartphone, PC) und bieten Sie \u00fcberall im Haus SAT-Empfang \u00fcber  Netzwerk (WLAN, LAN \u00fcber Steckdose, LAN).<br \/>Siehe Schema\/Beschreibung weiter unten.<\/p>\n<p>Wir pr\u00e4sentieren unsere exklusive SAT Home All in one Server L\u00f6sung.<\/p>\n<p>Set bestehend aus:<br \/>&#8211; 1 x Home All in One Server Receiver mit 8-Fach Tuner Giga Blue UE UHD 4k<br \/>&#8211; 2000GB (2TB) 2,5&#8220; HDD eingebaut<br \/>&#8211; 32GB USB-Stick f\u00fcr permanentes Timeshift (Lautlose permanente Aufnahme)<br \/>&#8211; 1 x Unicable Multischalter vorkonfiguriert f\u00fcr 24 Tuner<br \/>&#8211; 1 x 8-fach Verteiler (1 Ausgang f\u00fcr den Home Server, 7 Ausg\u00e4nge noch frei f\u00fcr insgesamt 16 Tuner)<br \/>&#8211; 1 x Quattro LNB (Falls das bestehende LNB nicht geeignet ist)<br \/>&#8211; Alles Plug&amp;Play inkl. Firmwarebackup auf USB-Stick<br \/>&#8211; Client Software f\u00fcr PC\/Android am USB-Stick<\/p>\n<p>Die Vorteile zu anderen Systemen:<\/p>\n<p>&#8211; 8 Tuner werden \u00fcber eine Koax-Leitung zur Verf\u00fcgung gestellt!<br \/>&#8211; Der SAT&gt;Network Server ist im Linux SAT Receiver inkludiert. Mit dem Hauptger\u00e4t kann somit auf 8 Tuner zugeriffen werden.<br \/>&#8211; Das Hauptger\u00e4t ist zugleich eine NAS\/PVR Station. Clients k\u00f6nnen auf Festplatte aufnehmen und Filme von Festplatte ansehen<br \/>&#8211; PAYTV tauglich mit Multicrypt Support. Netzwerkstreams f\u00fcr die Clients werden unverschl\u00fcsselt zur Verf\u00fcgung gestellt. <br \/>&#8211; Multicrypt Support auch direkt am Hauptreceiver (1 Programm ansehen, 7 gleichzeitig entschl\u00fcsselt aufnehmen)<br \/>&#8211; Youtube + Mediatheken Server \u00fcber Internet<br \/>&#8211; Plug\/Play &#8211; Ger\u00e4t wird fertig vorkonfiguriert geliefert inkl. Firmwarebackup auf USB-Stick<br \/>&#8211; UHD 4k System<br \/>&#8211; Weitere zus\u00e4tzliche 16 SAT-Anschl\u00fcsse frei (Unicable)<\/p>\n<p>Unser System ben\u00f6tigt somit nur mehr eine Koax Leitung vom Multischalter (Unicable Schalter) zum Hauptger\u00e4t (Wohnzimmer).<br \/>Das Hauptger\u00e4t wird einfach in das Netzwerk eingebunden und stellt die verf\u00fcgbaren 8 Tuner dynamisch f\u00fcr das Netzwerk frei.<br \/>Das heisst folgendes: Ist der Hauptreceiver im Standby sind 8 Tuner f\u00fcr IP Clients (Linux IP Receiver, Smartphone, Tablet, PC, Notebook) frei. Wird am Hauptreceiver ferngesehen sind es 7, bei TV + gleichzeitiger Aufnahme 6, bei TV + doppelter Aufnahme 5, usw. Am Hauptreceiver k\u00f6nnen 8 Sendungen (inkl. Entschl\u00fcsselung) gleichzeitig aufgenommen werden. In diesem Fall haben weitere 8 Netzwerk Clients Zugriff auf die verwendeten 8 Transponder. Dies sind meistens auch \u00fcber 30 Kan\u00e4le.<\/p>\n<div class=\"content-0 tabs-motion-content padding active\">\n<h4><span style=\"color: rgb(51, 102, 255); font-size: 18px;\">Ausstattungsmerkmale<\/span><\/h4>\n<p>1  x PnP tuner erm\u00f6glichen eine uneingeschr\u00e4nkte Twin Nutzungso wie 8  Tunern (FBC Tuner). Dar\u00fcber hinaus bieten ein weiterer Tunersteckplatz  die M\u00f6glichkeit den Receiver mit DVBS2, DVB-T\/T2 oder DVB-C2 Twin Tuner  zu erweitern. Der starke Prozessor bietet dem Betrachter ein 4k  hochaufl\u00f6sendes Bildmaterial und eine noch nie erfahrene schnelle  Umschaltzeit. <br \/>\u00dcber die Gigabit Lan Schnittstelle oder den optional  erh\u00e4ltlichen Wifi Stick k\u00f6nnen Sie ihren Receiver direkt mit dem  Internet verbinden.<br \/>Features und Ausstattung: 4 x PiP, 1x USB3.0, 2x USB2.0&nbsp; 1 x HDMI 2.0<\/p>\n<p>Besonders  nutzerfreundlich zeigt sich der GigaBlue in seinen Bedienm\u00f6glichkeiten.  So l\u00e4sst sich der Receiver beispielsweise via GigaBlue Player-App ganz  bequem mit dem Smartphone oder Tablet fernsteuern, ohne erst die  Ger\u00e4tefernbedienung in die Hand zu nehmen.<\/p>\n<p>Sie haben Full-HD und  finden, dass Sie noch nie in so guter Qualit\u00e4t ferngesehen haben? Es  gibt noch besser! Ultra HD (UHD oder 4K genannt), dahinter steckt eine  viermal h\u00f6here (4&#215;1080) Bildaufl\u00f6sung als bei Full-HD.<\/p>\n<p>Mit dem  GigaBlue UHD UE 4K bringt GigaBlue seinen ersten UHD-f\u00e4higen  Satelliten-Receiver auf den Markt. Genie\u00dfen Sie TV-Bilder in  unerreichter Sch\u00e4rfe und Klarheit und erleben Sie jedes Detail mehr als  lebensecht.<\/p>\n<p>GigaBlue UHD UE 4K von ist einfach ein geniales Teil,  und definitiv der neueste Stand in Sachen Satelliten-Receiver \u2013 seien  Sie dabei!<\/p>\n<h3><span style=\"color: rgb(51, 102, 255); font-size: 18px;\">Plug &amp; Play &#8211; Einfachste Installation, alles vorkonfiguriert. <br \/><\/span><\/h3>\n<p class=\"txt_type_01\"><strong><span style=\"color: #333333;\">Genervt von viel versprechenden Ger\u00e4ten ohne Konfiguration?<br \/><\/span><\/strong><\/p>\n<p>Unsere All in One Serverbox basiert auf das seit 2008 bestehende Enigma2 Linux System, welches seit Jahren stabil und ausgereift funktioniert.<br \/>F\u00fcr dieses Opensource System sind tausende kostenlose Erweiterungen (direkt download im Men\u00fc) verf\u00fcgbar und wird st\u00e4ndig von hunderten Programmierern weiterentwickelt.<br \/>Als Kunde ist man nicht auf den Support eines Herstellers angewiesen, da das Enigma2 System Receiver\u00fcbergreifend kompatibel ist!<br \/>Sie erhalten die Box fertig vorkonfiguriert mit Senderliste, Multiroom Plugins, Timeshift Plugins, EPGs, usw geliefert.<br \/>Dieses Backup befindet sich auch am mitgelieferten USB-Stick. Updates k\u00f6nnen per USB-Stick oder direkt per Internet eingespielt werden.<\/p>\n<p><span style=\"color: rgb(51, 102, 255); font-size: 18px;\">SET #Q (8 Tuner mit 2 Satelliten)<br \/><\/span><\/p>\n<p class=\"txt_type_01\"><strong><span style=\"color: #333333;\">8 Tuner \u00fcber nur eine Koax-Leitung (Geht das \u00fcberhaupt?)<\/span><\/strong><\/p>\n<p class=\"txt_type_01\"><span style=\"color: #333333;\">Ja, \u00fcber unseren Unicable Multischalter sind sogar 24 Receiver (Tuner) \u00fcber nur eine Koax-Leitung verf\u00fcgbar.<br \/>Im SET #Q installieren Sie den Unicable Schalter vor dem bestehenden Multischalter und schleifen die 4 SAT-Ebenen zum Multischalter einfach durch.<br \/>Somit bleibt Ihre Sat-Anlage f\u00fcr \u00e4ltere Receiver bestehen, und Sie erhalten zus\u00e4tzlich einen 24 Tuner Unicable Ausgang. <br \/>8 Tuner werden vom Satmedia Home AllinOne Receiver verwendet. Die restlichen 16 stehen f\u00fcr weitere Ger\u00e4te zur Verf\u00fcgung.<br \/><\/span><span style=\"color: #333333;\"><br \/><img decoding=\"async\" src=\"http:\/\/satmediawp.edv-kroiss.com\/wp-content\/uploads\/2018\/04\/satmedia_homeserver_set_q.jpg\"><\/p>\n<p><\/span><strong><span style=\"color: #333333;\"><\/span><\/strong><\/p>\n<h3><span style=\"color: rgb(51, 102, 255); font-size: 18px;\">8 fach Octo Tuner Empf\u00e4nger und 4 x Bild in Bild (PiP)<br \/><\/span><\/h3>\n<p class=\"txt_type_01\"><strong><span style=\"color: #333333;\"> Ihre Freude wird verachtfacht. <\/span><\/strong><\/p>\n<p>Sie  k\u00f6nnen entscheiden wann und wieviele Sendungen die Sie aufzeichnen wollen  oder in PiP schauen. Schauen Sie sich eine Sendung an und zeichnen Sie  parallel bis zu 16 weitere Programme (auf 8 unterschiedlichen Tunern) auf und bis zu 4 Programme in Bild in Bild (PiP)<\/p>\n<p><span style=\"color: rgb(51, 102, 255); font-size: 18px;\">CI Modulschacht und Kartenleser f\u00fcr verschl\u00fcsselte Angebote<\/span><\/p>\n<p>Sie  k\u00f6nnen \u00fcber den Modulschacht den Receiver zum Empfang von  verschl\u00fcsselten Premiumangeboten flexibel und einfach einsetzen.  Einfach Smartcard in den Schacht stecken und Ihr  Verw\u00f6hnprogramm starten.<\/p>\n<p><span style=\"color: rgb(51, 102, 255); font-size: 18px;\">Timeshift, pausieren, zeitversetzt fernsehen<\/span><\/p>\n<p><strong><span style=\"color: #333333;\">Sie sind der Boss mit des Satmedia Home All in One Server Receivers. <br \/><\/span><\/strong><\/p>\n<p>Lieblingsserie  oder Fussball l\u00e4uft, das Telefon klingelt und Sie haben vergessen die  Pause taste zu dr\u00fccken? Kein Problem, der All in One Receiver nimmt  automatisch im Hintergrund auf den mitgelieferten lautlosen 32GB  USB-Stick auf. Dr\u00fccken Sie einfach die  R\u00fccklauftaste und bestimmen Sie selbst, wann Sie weiterschauen wollen.  Springen Sie bis zu 4 Stunden zur\u00fcck, genie\u00dfen Sie Szenen so oft Sie  m\u00f6gen oder \u00fcberspringen Sie weniger interessante Passagen. Werden Sie  zum Herrn \u00fcber Ihr Programm, einfach per Knopfdruck!<\/p>\n<h3><span style=\"color: #3366ff;\"><span style=\"font-size: 18px;\">Multiroom SAT&gt;Netzwerk Streaming&nbsp;<\/span><\/span><span style=\"font-size: 18px;\"> <br \/><\/span><\/h3>\n<p class=\"txt_type_01\"><strong> Satellitenfernsehen \u00fcberall genie\u00dfen.<\/strong><\/p>\n<p>\u00dcber Netzwerk ohne zus\u00e4tzliche Verkabelung (zB Wlan) wird Satellitenfernsehen jetzt  auch auf Endger\u00e4ten genie\u00dfbar, die \u00fcber keinen eigenen Sat-Anschluss  verf\u00fcgen. <br \/>Die Multiroom Technologie des Receivers liefert \u00fcber das  Heimnetzwerk erstklassiges Satelliten-TV in jeden Raum des Haushaltes. <br \/>Verf\u00fcgbar f\u00fcr alle g\u00e4ngigen Systeme (Windows, MAC, Linux, Android, iOS)<br \/>Mit dem All in One Server k\u00f6nnen Sie meherere Live-Sendungen parallel im  Heimnetzwerk verteilen und auf Ihre mobilen Endger\u00e4te streamen.<\/p>\n<h3><span style=\"color: rgb(51, 102, 255); font-size: 18px;\">Heimnetzwerkes (Home Networking)<\/span><\/h3>\n<p>Durch  die Einbindung in Ihr Netzwerk via Netzwerkkabel oder WLAN erhalten Sie  Zugriff auf all Ihre Medien Daten &#8211; raum\u00fcbergreifend und zeitunabh\u00e4ngig  &#8211; mit jedem kompatiblen Endger\u00e4t. Erleben Sie Ihr pers\u00f6nliches Audio-  und Video-Vergn\u00fcgen, ganz nat\u00fcrlich auch drahtlos.<\/p>\n<h3><span style=\"color: rgb(51, 102, 255); font-size: 18px;\">FernTV und Fernprogrammierung \u00fcber App oder Webif<\/span><\/h3>\n<p class=\"txt_type_01\"><strong><span style=\"color: #333333;\"> Sehen sie LiveTV und die Aufnahmen von unterwegs, oder programmieren Sie Ihre Aufnahmen ganz einfach von unterwegs. <\/span><\/strong><\/p>\n<p>Der  Satmedia Home All-in-One Server ist auch aus dem Internet erreichbar.  Hierf\u00fcr muss die IP der Box und 3 Ports am Router freigegeben werden. <br \/>Auch sollte auf jeden Fall ein Passwort am Homeserver gesetzt werden. Standardm\u00e4\u00dfig wird kein Passwort ben\u00f6tigt!<br \/>Alle  TV-Programme sind nun weltweit per Internet \u00fcber Home Clients (Software  f\u00fcr Windows, Mac, Linux, Android, iOS, Webinterface) erreichbar. <br \/>Stichwort Transcoding: <br \/>Je  nach Uploadgeschwindigkeit Ihres Internetanschlusses kann f\u00fcr das  Streamen der TV-Programme die Qualit\u00e4t pro Sender auf zB 2 MBit (oder  jeder andere Wert) begrenzt werden. <br \/>Dies erm\u00f6glicht einen ruckelfreien Upload. F\u00fcr den Download des TV-Programms werden ebenfalls nur 2MBit Internetspeed ben\u00f6tigt.<\/p>\n<p>Im  Webinterface k\u00f6nnen Sie auch ganz einfach Sendungen im EPG  programmieren, welche anschlie\u00dfend aufgenommen werden. Alle Aufnahmen  sind ebenfalls \u00fcber die Home Clients verf\u00fcgbar.<\/p>\n<p>Wichtiger Hinweis: <br \/>Die  Freigabe der IP Adresse und das \u00d6ffnen der Ports im Router stellt ein  Sicherheitsrisiko dar, welches von Hackern genutzt werden kann um auf  Ihr Netzwerk zuzugreifen.<br \/>Die Freigabe sollte daher nur bei  Verwendung erteilt werden und anschlie\u00dfend wieder deaktiviert werden.  Ein sicheres Passwort ist unbedingt einzusetzen!<\/p>\n<h3><span style=\"color: rgb(51, 102, 255); font-size: 18px;\">EPG (Elektronische Programmzeitschrift)<\/span><\/h3>\n<p class=\"txt_type_01\"><strong><span style=\"color: #333333;\"> Erfahren Sie mehr und im Voraus. <\/span><\/strong><\/p>\n<p>Ein  Tastendruck und Sie wissen es &#8211; das gesamte Fernsehprogramm in  perfekter \u00dcbersicht auf Ihrem Bildschirm. Erhalten Sie au\u00dferdem  Kurzbeschreibungen oder interessante Informationen zur Sendung (Inhalte  sind senderabh\u00e4ngig) und planen Sie Ihre Fernsehabende, inklusive  Aufnahmen, f\u00fcr die n\u00e4chsten 14 Tage schon heute &#8211; per Knopfdruck.<\/p>\n<h3><span style=\"color: rgb(51, 102, 255); font-size: 18px;\">PVR (Wiedergabe von Bildern, Musik und Video)<\/span><\/h3>\n<p class=\"txt_type_01\"><strong><span style=\"color: #333333;\"> Ihre grenzenlose Unterhaltung. <\/span><\/strong><\/p>\n<p>\u00dcber  die USB-Anschl\u00fcsse, Netzwerk oder e-SATA erleben Sie Ihre  Urlaubsbilder, Lieblingsmusik oder Videos auf dem angeschlossenen gro\u00dfen  HD-Bildschirm. Bleiben Sie sitzen, lehnen Sie sich zur\u00fcck und  entspannen Sie sich. Ihre Medien sind nur einen Knopfdruck entfernt.<\/p>\n<h3><span style=\"color: rgb(51, 102, 255); font-size: 18px;\">4k UHD und Surround-Klang<\/span><\/h3>\n<p class=\"txt_type_01\"><strong><span style=\"color: #333333;\"> Sie werden Kinoatmosph\u00e4re in Ihren zu Hause erleben. <\/span><\/strong><\/p>\n<p>Live  TV, momente, Sporthighlights, Spielfilmen auch nat\u00fcrlich Musik-TV in  brillianten Farben und gestochen scharfer Aufl\u00f6sung dank UHD\/4k.<br \/>Nat\u00fcrlich  k\u00f6nnen Sie die neuen 4k UHD Sender auch auf FullHD 1080p TV Ger\u00e4ten  ansehen. Auch \u00fcber die 1080p Aufl\u00f6sung ein tolles Bild!<\/p>\n<p>Verbinden Sie den Receiver \u00fcber den optischen Ausgang (S\/PDIF) mit Ihrer  Heimkino-Anlage und erleben Sie satten Sound.<\/p>\n<p>Das Produkt wird in unseren Produktionsst\u00e4tten fertig konfiguriert und umfasst eine 2 j\u00e4hrige Garantie.<\/p>\n<\/div>","protected":false},"excerpt":{"rendered":"<p>Das Set Q ist f\u00fcr bestehende Multischalter Anlangen gedacht. Der Unicable Schalter kann in das bestehende System integriert werden.Der Satmedia All In [&hellip;]<\/p>","protected":false},"featured_media":1428,"template":"","meta":[],"product_cat":[43,165,121],"product_tag":[],"_links":{"self":[{"href":"https:\/\/satmediawp.edv-kroiss.com\/en\/wp-json\/wp\/v2\/product\/1430"}],"collection":[{"href":"https:\/\/satmediawp.edv-kroiss.com\/en\/wp-json\/wp\/v2\/product"}],"about":[{"href":"https:\/\/satmediawp.edv-kroiss.com\/en\/wp-json\/wp\/v2\/types\/product"}],"wp:featuredmedia":[{"embeddable":true,"href":"https:\/\/satmediawp.edv-kroiss.com\/en\/wp-json\/wp\/v2\/media\/1428"}],"wp:attachment":[{"href":"https:\/\/satmediawp.edv-kroiss.com\/en\/wp-json\/wp\/v2\/media?parent=1430"}],"wp:term":[{"taxonomy":"product_cat","embeddable":true,"href":"https:\/\/satmediawp.edv-kroiss.com\/en\/wp-json\/wp\/v2\/product_cat?post=1430"},{"taxonomy":"product_tag","embeddable":true,"href":"https:\/\/satmediawp.edv-kroiss.com\/en\/wp-json\/wp\/v2\/product_tag?post=1430"}],"curies":[{"name":"wp","href":"https:\/\/api.w.org\/{rel}","templated":true}]}}