{"id":1450,"date":"2018-04-19T10:15:20","date_gmt":"2018-04-19T10:15:20","guid":{"rendered":"https:\/\/satmediawp.edv-kroiss.com\/produkt\/24-fach-unicable-multischalter-2-satelliten-set-inkl-lnbs\/"},"modified":"2024-05-17T11:20:25","modified_gmt":"2024-05-17T09:20:25","slug":"24-fach-unicable-multischalter-2-satelliten-set-inkl-lnbs","status":"publish","type":"product","link":"https:\/\/satmediawp.edv-kroiss.com\/en\/product\/24-fach-unicable-multischalter-2-satelliten-set-inkl-lnbs\/","title":{"rendered":"24 fach Unicable-Multischalter (2 Satelliten SET inkl. LNBs)"},"content":{"rendered":"<p>Dieser Unicable Multischalter unterst\u00fctzt sowohl das Unicable I als auch das Unicable II Protokoll.<br \/>Somit k\u00f6nnen \u00fcber diesem Schalter bis zu 8 \u00e4ltere Sat Receiver (Unicable I) und 16 SAT-Receiver mit Unicable II Protokoll (fast alle Ger\u00e4te ab 2013) angeschlossen werden.<\/p>\n<p>Insgesamt somit 24 Receiver an nur einer Koax-Leitung. Ein 8-fach Splitter zur besseren Verteilung liegt unserem Angebot bei.<br \/>Nat\u00fcrlich k\u00f6nnen mit diesem Unicable System auch Mehrfach Tuner Receiver (Twin Tuner, 4-fach Tuner, Octo FBC Tuner) \u00fcber eine Koax Leitung betrieben werden. <\/p>\n<p>Dieses System erm\u00f6glicht den Empfang von 2 Satelliten mit nur 4 Koax Leitungen kommend von des SAT-Antenne.<br \/>Die beiden ben\u00f6tigten Wideband LNBs liegen dem Lieferumfang bei und k\u00f6nnen in eine bestehende (Quattro\/Quad) Anlage bestens integriert werden, da nur 4 Koax-Leitung von der SAT-Antenne zum Unicalbe Multischalter ben\u00f6tigt werden.<br \/>Eine Multiuniversal 2-fach LNB Halterung liegt unserem SET ebenfalls bei.<\/p>\n<p>Wichtig:<br \/>Zum Weiterschleifen der Koax-Leitung kann entweder eine  Unicable taugliche SAT-Dose mit DC-Durchlass oder ein Unicable  tauglicher SAT-Splitter verwendet werden.<br \/>Ein 8fach Splitter liegt unserem SET bereits bei.<\/p>\n<p>Scope of delivery:<br \/>1 x 24fach Unicable Multischalter inkl. Netzteil &#8211; Programmiert auf Unicable I\/II<br \/>2 x Wideband LNBs<br \/>1 x Multi Universal 2-fach LNB Halterung<br \/>1 x 8-fach Splitter<br \/>1 x F-Verbindung Quick<\/p>","protected":false},"excerpt":{"rendered":"<p>Dieser Unicable Multischalter unterst\u00fctzt sowohl das Unicable I als auch das Unicable II Protokoll.Somit k\u00f6nnen \u00fcber diesem Schalter bis zu 8 \u00e4ltere [&hellip;]<\/p>","protected":false},"featured_media":1449,"template":"","meta":[],"product_cat":[48,123,125],"product_tag":[],"_links":{"self":[{"href":"https:\/\/satmediawp.edv-kroiss.com\/en\/wp-json\/wp\/v2\/product\/1450"}],"collection":[{"href":"https:\/\/satmediawp.edv-kroiss.com\/en\/wp-json\/wp\/v2\/product"}],"about":[{"href":"https:\/\/satmediawp.edv-kroiss.com\/en\/wp-json\/wp\/v2\/types\/product"}],"wp:featuredmedia":[{"embeddable":true,"href":"https:\/\/satmediawp.edv-kroiss.com\/en\/wp-json\/wp\/v2\/media\/1449"}],"wp:attachment":[{"href":"https:\/\/satmediawp.edv-kroiss.com\/en\/wp-json\/wp\/v2\/media?parent=1450"}],"wp:term":[{"taxonomy":"product_cat","embeddable":true,"href":"https:\/\/satmediawp.edv-kroiss.com\/en\/wp-json\/wp\/v2\/product_cat?post=1450"},{"taxonomy":"product_tag","embeddable":true,"href":"https:\/\/satmediawp.edv-kroiss.com\/en\/wp-json\/wp\/v2\/product_tag?post=1450"}],"curies":[{"name":"wp","href":"https:\/\/api.w.org\/{rel}","templated":true}]}}