{"id":1454,"date":"2018-04-19T10:35:00","date_gmt":"2018-04-19T10:35:00","guid":{"rendered":"https:\/\/satmediawp.edv-kroiss.com\/produkt\/24-fach-unicable-multischalter-4-satelliten-set-inkl-lnbs\/"},"modified":"2024-05-17T11:20:25","modified_gmt":"2024-05-17T09:20:25","slug":"24-fach-unicable-multischalter-4-satelliten-set-inkl-lnbs","status":"publish","type":"product","link":"https:\/\/satmediawp.edv-kroiss.com\/en\/product\/24-fach-unicable-multischalter-4-satelliten-set-inkl-lnbs\/","title":{"rendered":"24 fach Unicable-Multischalter (4 Satelliten SET inkl. LNBs)"},"content":{"rendered":"<p>Dieser Unicable Multischalter unterst\u00fctzt sowohl das Unicable I als auch das Unicable II Protokoll.<br \/>Somit k\u00f6nnen \u00fcber diesem Schalter bis zu 8 \u00e4ltere Sat Receiver (Unicable I) und 16 SAT-Receiver mit Unicable II Protokoll (fast alle Ger\u00e4te ab 2013) angeschlossen werden.<\/p>\n<p>Insgesamt somit 24 Receiver an nur einer Koax-Leitung. Ein 8-fach Splitter zur besseren Verteilung liegt unserem Angebot bei.<br \/>Nat\u00fcrlich k\u00f6nnen mit diesem Unicable System auch Mehrfach Tuner Receiver (Twin Tuner, 4-fach Tuner, Octo FBC Tuner) \u00fcber eine Koax Leitung betrieben werden. <\/p>\n<p>Dieses System erm\u00f6glicht den Empfang von 4 Satelliten mit nur 8 Koax Leitungen kommend von des SAT-Antenne.<br \/>Die vier ben\u00f6tigten Wideband LNBs sowie eine Multi Universal 4-fach LNB Halterung liegen dem Lieferumfang bei!<\/p>\n<p>Wichtig:<br \/>Zum Weiterschleifen der Koax-Leitung kann entweder eine  Unicable taugliche SAT-Dose mit DC-Durchlass oder ein Unicable  tauglicher SAT-Splitter verwendet werden.<br \/>Ein 8fach Splitter liegt unserem SET bereits bei.<\/p>\n<p>Scope of delivery:<br \/>2 x 24fach Unicable Multischalter inkl. Netzteil &#8211; Programmiert auf Unicable I\/II<br \/>4 x Wideband LNBs<br \/>1 x Multi Universal 4-fach LNB Halterung<br \/>1 x 2-fach Combiner<br \/>1 x 8-fach Splitter<br \/>1 x F-Verbindung Quick<\/p>","protected":false},"excerpt":{"rendered":"<p>Dieser Unicable Multischalter unterst\u00fctzt sowohl das Unicable I als auch das Unicable II Protokoll.Somit k\u00f6nnen \u00fcber diesem Schalter bis zu 8 \u00e4ltere [&hellip;]<\/p>","protected":false},"featured_media":1451,"template":"","meta":[],"product_cat":[48,123,126],"product_tag":[],"_links":{"self":[{"href":"https:\/\/satmediawp.edv-kroiss.com\/en\/wp-json\/wp\/v2\/product\/1454"}],"collection":[{"href":"https:\/\/satmediawp.edv-kroiss.com\/en\/wp-json\/wp\/v2\/product"}],"about":[{"href":"https:\/\/satmediawp.edv-kroiss.com\/en\/wp-json\/wp\/v2\/types\/product"}],"wp:featuredmedia":[{"embeddable":true,"href":"https:\/\/satmediawp.edv-kroiss.com\/en\/wp-json\/wp\/v2\/media\/1451"}],"wp:attachment":[{"href":"https:\/\/satmediawp.edv-kroiss.com\/en\/wp-json\/wp\/v2\/media?parent=1454"}],"wp:term":[{"taxonomy":"product_cat","embeddable":true,"href":"https:\/\/satmediawp.edv-kroiss.com\/en\/wp-json\/wp\/v2\/product_cat?post=1454"},{"taxonomy":"product_tag","embeddable":true,"href":"https:\/\/satmediawp.edv-kroiss.com\/en\/wp-json\/wp\/v2\/product_tag?post=1454"}],"curies":[{"name":"wp","href":"https:\/\/api.w.org\/{rel}","templated":true}]}}