{"id":1473,"date":"2018-05-25T10:55:41","date_gmt":"2018-05-25T10:55:41","guid":{"rendered":"https:\/\/satmediawp.edv-kroiss.com\/produkt\/tv-wandhalterung-vollbeweglich-32-70-zoll-35-kg-m3s\/"},"modified":"2024-05-17T11:20:24","modified_gmt":"2024-05-17T09:20:24","slug":"tv-wandhalterung-vollbeweglich-32-70-zoll-35-kg-m3s","status":"publish","type":"product","link":"https:\/\/satmediawp.edv-kroiss.com\/en\/product\/tv-wandhalterung-vollbeweglich-32-70-zoll-35-kg-m3s\/","title":{"rendered":"TV Wandhalterung Vollbeweglich 32 &#8211; 70 Zoll 35 kg M3S"},"content":{"rendered":"<p>Mit dieser TV-Wandhalterung lassen sich Fernseher neigen, schwenken und drehen.<br \/>Dadurch kommen Sie in den Genuss h\u00f6chster Flexibilit\u00e4t und k\u00f6nnen den Fernseher so ausrichten, dass stets ein optimaler Blickwinkel gegeben ist.<br \/>Einschlie\u00dflich s\u00e4mtlicher Montagematerialien und einer Anleitung zur schnellen und einfachen Montage der TV-Halterung.<\/p>\n<p><\/p>\n<ul>\n<li>Min. Bildschirmgr\u00f6\u00dfe: 32&#8243; \/ 82 cm<\/li>\n<li>Max. Bildschirmgr\u00f6\u00dfe: 70&#8243; \/178 cm<\/li>\n<li>Minimaler Abstand zur Wand: 63 mm<\/li>\n<li>Maximaler Abstand zur Wand: 427 mm<\/li>\n<li>Neigungs-, Schwenk- und Drehfunktion<\/li>\n<li>Tr\u00e4gt bis zu 35 kg<\/li>\n<li>Materialien: Stahl<\/li>\n<li>Funktionalit\u00e4t: vollbeweglich<\/li>\n<li>Drehwinkel: bis 180\u00b0 (abh\u00e4ngig von TV-Breite)<\/li>\n<li>Neigungswinkel: -15\u00b0 &#8211; +10\u00b0<\/li>\n<\/ul>\n<p>VESA Montageadapter:&nbsp; &nbsp;&nbsp;<\/p>\n<ul>\n<li>200 x 200<\/li>\n<li>300 x 300<\/li>\n<li>400 x 200<\/li>\n<li>400 x 400<\/li>\n<li>600 x 400<\/li>\n<\/ul>","protected":false},"excerpt":{"rendered":"<p>Mit dieser TV-Wandhalterung lassen sich Fernseher neigen, schwenken und drehen.Dadurch kommen Sie in den Genuss h\u00f6chster Flexibilit\u00e4t und k\u00f6nnen den Fernseher so [&hellip;]<\/p>","protected":false},"featured_media":1470,"template":"","meta":[],"product_cat":[51,83],"product_tag":[],"_links":{"self":[{"href":"https:\/\/satmediawp.edv-kroiss.com\/en\/wp-json\/wp\/v2\/product\/1473"}],"collection":[{"href":"https:\/\/satmediawp.edv-kroiss.com\/en\/wp-json\/wp\/v2\/product"}],"about":[{"href":"https:\/\/satmediawp.edv-kroiss.com\/en\/wp-json\/wp\/v2\/types\/product"}],"wp:featuredmedia":[{"embeddable":true,"href":"https:\/\/satmediawp.edv-kroiss.com\/en\/wp-json\/wp\/v2\/media\/1470"}],"wp:attachment":[{"href":"https:\/\/satmediawp.edv-kroiss.com\/en\/wp-json\/wp\/v2\/media?parent=1473"}],"wp:term":[{"taxonomy":"product_cat","embeddable":true,"href":"https:\/\/satmediawp.edv-kroiss.com\/en\/wp-json\/wp\/v2\/product_cat?post=1473"},{"taxonomy":"product_tag","embeddable":true,"href":"https:\/\/satmediawp.edv-kroiss.com\/en\/wp-json\/wp\/v2\/product_tag?post=1473"}],"curies":[{"name":"wp","href":"https:\/\/api.w.org\/{rel}","templated":true}]}}