{"id":1479,"date":"2018-05-25T13:34:58","date_gmt":"2018-05-25T13:34:58","guid":{"rendered":"https:\/\/satmediawp.edv-kroiss.com\/produkt\/tv-wandhalterung-vollbeweglich-10-32-zoll-30-kg-m21\/"},"modified":"2024-05-17T11:20:24","modified_gmt":"2024-05-17T09:20:24","slug":"tv-wandhalterung-vollbeweglich-10-32-zoll-30-kg-m21","status":"publish","type":"product","link":"https:\/\/satmediawp.edv-kroiss.com\/en\/product\/tv-wandhalterung-vollbeweglich-10-32-zoll-30-kg-m21\/","title":{"rendered":"TV Wandhalterung Vollbeweglich 10 &#8211; 32 Zoll 30 kg M21"},"content":{"rendered":"<p>Diese Halterung dient zur Wandmontage eines Fernsehers. <br \/>Sie erm\u00f6glicht das Neigen, Schwenken und Drehen des Ger\u00e4ts. <br \/>Einschlie\u00dflich s\u00e4mtlicher Materialien und Handb\u00fccher f\u00fcr eine schnelle und einfache Montage.<\/p>\n<p>\u2022 Volle Beweglichkeit f\u00fcr einen optimalen Sichtwinkel<br \/>\u2022 Bildschirmgr\u00f6\u00dfe: 10 &#8211; 32\u201d \/ 25 &#8211; 82 cm<br \/>\u2022 Abstand zur Wand: 68 &#8211; 275 mm<br \/>\u2022 H\u00f6chstgewicht: 30 kg \/ 66 lbs<br \/>\u2022 VESA (mm): 75 \/ 100 \/ 200&#215;100 \/ 200<br \/>\u2022 Neigungswinkel: 15\u00b0<br \/>\u2022 Drehwinkel: 180 \u00b0<br \/>\u2022 Schwenkwinkel: 170\u00b0<br \/>\u2022 Anzahl der Gelenke: 2<\/p>","protected":false},"excerpt":{"rendered":"<p>Diese Halterung dient zur Wandmontage eines Fernsehers. Sie erm\u00f6glicht das Neigen, Schwenken und Drehen des Ger\u00e4ts. Einschlie\u00dflich s\u00e4mtlicher Materialien und Handb\u00fccher f\u00fcr [&hellip;]<\/p>","protected":false},"featured_media":1475,"template":"","meta":[],"product_cat":[51,83],"product_tag":[],"_links":{"self":[{"href":"https:\/\/satmediawp.edv-kroiss.com\/en\/wp-json\/wp\/v2\/product\/1479"}],"collection":[{"href":"https:\/\/satmediawp.edv-kroiss.com\/en\/wp-json\/wp\/v2\/product"}],"about":[{"href":"https:\/\/satmediawp.edv-kroiss.com\/en\/wp-json\/wp\/v2\/types\/product"}],"wp:featuredmedia":[{"embeddable":true,"href":"https:\/\/satmediawp.edv-kroiss.com\/en\/wp-json\/wp\/v2\/media\/1475"}],"wp:attachment":[{"href":"https:\/\/satmediawp.edv-kroiss.com\/en\/wp-json\/wp\/v2\/media?parent=1479"}],"wp:term":[{"taxonomy":"product_cat","embeddable":true,"href":"https:\/\/satmediawp.edv-kroiss.com\/en\/wp-json\/wp\/v2\/product_cat?post=1479"},{"taxonomy":"product_tag","embeddable":true,"href":"https:\/\/satmediawp.edv-kroiss.com\/en\/wp-json\/wp\/v2\/product_tag?post=1479"}],"curies":[{"name":"wp","href":"https:\/\/api.w.org\/{rel}","templated":true}]}}