{"id":1482,"date":"2018-06-01T10:44:02","date_gmt":"2018-06-01T10:44:02","guid":{"rendered":"https:\/\/satmediawp.edv-kroiss.com\/produkt\/orf-hd-cardless-combi-cam-1-2-1-3-1-4-ci-modul-orf-karte-integriert-fuer-sat-und-dvb-t2\/"},"modified":"2024-05-17T11:20:24","modified_gmt":"2024-05-17T09:20:24","slug":"orf-hd-cardless-combi-cam-1-2-1-3-1-4-ci-modul-orf-karte-integriert-fuer-sat-und-dvb-t2","status":"publish","type":"product","link":"https:\/\/satmediawp.edv-kroiss.com\/en\/product\/orf-hd-cardless-combi-cam-1-2-1-3-1-4-ci-modul-orf-karte-integriert-fuer-sat-und-dvb-t2\/","title":{"rendered":"ORF HD Cardless Combi CAM 1.2\/1.3\/1.4 CI+ Modul (ORF Karte integriert f\u00fcr SAT und DVB-T2)"},"content":{"rendered":"<p>NEUHEIT: ORF Modul mit integrierter Smartcard f\u00fcr SAT DVB-S2 und DVB-T2.<br \/>\nErm\u00f6glicht den Empfang der ORF Kan\u00e4le (mit ATV, ServusTV, Puls4) ohne laufende Kosten.<br \/>\nZus\u00e4tzliche Freischaltung der SimpliTV Zusatzprogramme (RTL HD, SAT1 HD usw)\u00a0 \u00fcber SAT und DVB-T2 m\u00f6glich.<\/p>\n<p><b>Aktion: 6 Monate alle SimpliTV Kan\u00e4le (RTL HD, SAT1 HD usw.) kostenlos &#8211; Automatische K\u00fcndigung!<\/b><\/p>\n<p>Das Irdeto CI+ Kombi-Modul von SimpliTV f\u00fcr SAT und Antenne, geeignet f\u00fcr SimpliTV SAT, ORF DIGITAL DIREKT und SimpliTV Antenne, Irdeto CCA 4.6.1 Verschl\u00fcsselungssystem integriert, kompatibel mit allen CI+ f\u00e4higen Einsch\u00fcben von CI+ V1.2, CI+ 1.3 und CI+ 1.4.<br \/>\nUpdate-f\u00e4hig via OTA, Lieferung in einer robusten und repr\u00e4sentativen Verpackung,<br \/>\nVerpackungsabmessungen: (B x T x H) 135 x 190 x 15 mm<br \/>\nIntegriertes Entschl\u00fcsselungssystem im Modul &#8211; es ist keine separate Smartcard erforderlich!<\/p>\n<p>&#8211; cardless CI+ Modul (keine Smarttcard erforderlich!)<br \/>\n&#8211; Irdeto CCA 4.6.1 embedded<br \/>\n&#8211; CI+ 1.4, kompatibel ab CI+ V1.2 &#8211; Update-fahig via OTA Service durch ORS<br \/>\n&#8211; CI kompatibel (Jedoch nur ORF HD &#8211; kein SimpliTV)<br \/>\n&#8211; Anmeldung nur in \u00d6sterreich m\u00f6glich !!!<\/p>\n<p>Technische Voraussetzungen f\u00fcr Endger\u00e4te:<br \/>\nSAT: integr. HDTV DVB-S2 Tuner, mind. CI Schacht f\u00fcr ORF HD \/ CI+ V1.2 Schacht f\u00fcr Zusatzprogramme von SimpliTV<br \/>\nANTENNE: HDTV DVB-T2 Tuner, mind. CI+ V1.2 Schacht<\/p>","protected":false},"excerpt":{"rendered":"<p>NEUHEIT: ORF Modul mit integrierter Smartcard f\u00fcr SAT DVB-S2 und DVB-T2. Erm\u00f6glicht den Empfang der ORF Kan\u00e4le (mit ATV, ServusTV, Puls4) ohne [&hellip;]<\/p>","protected":false},"featured_media":1481,"template":"","meta":[],"product_cat":[45,90,92],"product_tag":[],"_links":{"self":[{"href":"https:\/\/satmediawp.edv-kroiss.com\/en\/wp-json\/wp\/v2\/product\/1482"}],"collection":[{"href":"https:\/\/satmediawp.edv-kroiss.com\/en\/wp-json\/wp\/v2\/product"}],"about":[{"href":"https:\/\/satmediawp.edv-kroiss.com\/en\/wp-json\/wp\/v2\/types\/product"}],"wp:featuredmedia":[{"embeddable":true,"href":"https:\/\/satmediawp.edv-kroiss.com\/en\/wp-json\/wp\/v2\/media\/1481"}],"wp:attachment":[{"href":"https:\/\/satmediawp.edv-kroiss.com\/en\/wp-json\/wp\/v2\/media?parent=1482"}],"wp:term":[{"taxonomy":"product_cat","embeddable":true,"href":"https:\/\/satmediawp.edv-kroiss.com\/en\/wp-json\/wp\/v2\/product_cat?post=1482"},{"taxonomy":"product_tag","embeddable":true,"href":"https:\/\/satmediawp.edv-kroiss.com\/en\/wp-json\/wp\/v2\/product_tag?post=1482"}],"curies":[{"name":"wp","href":"https:\/\/api.w.org\/{rel}","templated":true}]}}