{"id":1490,"date":"2018-06-12T15:33:57","date_gmt":"2018-06-12T15:33:57","guid":{"rendered":"https:\/\/satmediawp.edv-kroiss.com\/produkt\/unicable-lnb-24fach-unicable-i-ii-dhello-scr\/"},"modified":"2024-05-17T11:20:24","modified_gmt":"2024-05-17T09:20:24","slug":"unicable-lnb-24fach-unicable-i-ii-dhello-scr","status":"publish","type":"product","link":"https:\/\/satmediawp.edv-kroiss.com\/en\/product\/unicable-lnb-24fach-unicable-i-ii-dhello-scr\/","title":{"rendered":"Unicable LNB &#8211; 24fach (Unicable I\/II dhello SCR)"},"content":{"rendered":"<p>Unicable I\/II LNB f\u00fcr bis zu 24 Ger\u00e4te an nur einem Koax Anschlu\u00df.<br \/>Unser Service &#8211; Die Auslieferung erfolgt vorprogrammiert &#8211; Sie ben\u00f6tigen keinen extra dHello Programmer !!!<\/p>\n<p>1 Anschluss am LNB = 8 Teilnehmer (Unicable I \/ EN50494) oder 24 Teilnehmer (Unicable II \/ EN50607 \/ dHello)<\/p>\n<p>Der LNB ist ideal zur Verwendung in Verteilnetzen mit Baumstruktur. Und somit geeignet<\/p>\n<p>&nbsp;&nbsp;&nbsp; zur Umr\u00fcstung von Kabel-TV zu Sat-Direktempfang<br \/>&nbsp;&nbsp;&nbsp; zur Umr\u00fcstung von DVB-T zu Sat-Direktempfang<br \/>&nbsp;&nbsp;&nbsp; zur Erweiterung bestehender SCR-Systeme<br \/>&nbsp;&nbsp;&nbsp; zur Versorgung von Twintuner, Tripletuner, oder Quadtuner-Empf\u00e4ngern<\/p>\n<p><b>Hauptmerkmale:<\/b><\/p>\n<p>Frequenzb\u00e4nder (UB): 24<br \/>Eingangsfrequenzbereich SAT: 10700 &#8211; 12750MHz<br \/>Empfangspolarisation: Vertikal und Horizontal<br \/>Polarisations-Entkopplung: &gt; 22dB<br \/>Ausgangsfrequenzbereich SAT: 950 &#8211; 2150MHz<br \/>Oszillatorfrequenz (L.O.): 10,40GHz<br \/>L.O.-Genauigkeit: \u00b1 1MHz bei 25\u00b0C \u00b1 3MHz bei -35 bis +65\u00b0C<br \/>Rauschma\u00df: &lt; 1dB <br \/>Ausgangspegel der Frequenzb\u00e4nder: 76dBuV<br \/>Versorgungsspannung: 10 &#8211; 22V<br \/>Steuerung: dHello, EN50607 und EN50494<br \/>Stromaufnahme LNB bei 18\/14 V: maximal 300\/380mA<br \/>Arbeitstemperaturbereich: -35 bis +65\u00b0C<br \/>Feedaufnahme: \u00f8 40mm<br \/>Gewicht: 270g<\/p>","protected":false},"excerpt":{"rendered":"<p>Unicable I\/II LNB f\u00fcr bis zu 24 Ger\u00e4te an nur einem Koax Anschlu\u00df.Unser Service &#8211; Die Auslieferung erfolgt vorprogrammiert &#8211; Sie ben\u00f6tigen [&hellip;]<\/p>","protected":false},"featured_media":1488,"template":"","meta":[],"product_cat":[47,103],"product_tag":[],"_links":{"self":[{"href":"https:\/\/satmediawp.edv-kroiss.com\/en\/wp-json\/wp\/v2\/product\/1490"}],"collection":[{"href":"https:\/\/satmediawp.edv-kroiss.com\/en\/wp-json\/wp\/v2\/product"}],"about":[{"href":"https:\/\/satmediawp.edv-kroiss.com\/en\/wp-json\/wp\/v2\/types\/product"}],"wp:featuredmedia":[{"embeddable":true,"href":"https:\/\/satmediawp.edv-kroiss.com\/en\/wp-json\/wp\/v2\/media\/1488"}],"wp:attachment":[{"href":"https:\/\/satmediawp.edv-kroiss.com\/en\/wp-json\/wp\/v2\/media?parent=1490"}],"wp:term":[{"taxonomy":"product_cat","embeddable":true,"href":"https:\/\/satmediawp.edv-kroiss.com\/en\/wp-json\/wp\/v2\/product_cat?post=1490"},{"taxonomy":"product_tag","embeddable":true,"href":"https:\/\/satmediawp.edv-kroiss.com\/en\/wp-json\/wp\/v2\/product_tag?post=1490"}],"curies":[{"name":"wp","href":"https:\/\/api.w.org\/{rel}","templated":true}]}}