{"id":1500,"date":"2018-06-29T15:01:12","date_gmt":"2018-06-29T15:01:12","guid":{"rendered":"https:\/\/satmediawp.edv-kroiss.com\/produkt\/zaaptv-griechisch-1-jahr-verlaengerung-app-aktivierungscode-renewal\/"},"modified":"2024-05-17T11:20:29","modified_gmt":"2024-05-17T09:20:29","slug":"zaaptv-griechisch-1-jahr-verlaengerung-app-aktivierungscode-renewal","status":"publish","type":"product","link":"https:\/\/satmediawp.edv-kroiss.com\/en\/product\/zaaptv-griechisch-1-jahr-verlaengerung-app-aktivierungscode-renewal\/","title":{"rendered":"ZaapTV Griechisch 1 Jahr Verl\u00e4ngerung \/ App Aktivierungscode \/ Renewal"},"content":{"rendered":"<p>Aktivierung bzw. Verl\u00e4ngerung des ZaapTV Services f\u00fcr 1 Jahr.<\/p>\n<p>Funktioniert mit allen ZaapTV Ger\u00e4ten:<\/p>\n<ul>\n<li>ZaapTV 409N<\/li>\n<li>ZaapTV 509N<\/li>\n<li>ZaapTV 509N II<\/li>\n<li>ZaapTV CloodTV<\/li>\n<li>ZaapTV X<\/li>\n<li>ZaapTV 609N<\/li>\n<li>ZaapTV 709N<\/li>\n<li>ZaapTV 809N<\/li>\n<\/ul>\n<p>und mit der ZaapTV App auf:<\/p>\n<ul>\n<li>Android Smartphone<\/li>\n<li>Android TV<\/li>\n<li>iOS<\/li>\n<li>Apple TV<\/li>\n<li>FireTV<\/li>\n<li>FireStick<\/li>\n<li>Roku<\/li>\n<li>Web TV<\/li>\n<\/ul>\n<p>Nach der Bestellung im Shop erhalten Sie von uns den Code per E-Mail zugesandt.<br \/>Schnell und einfach mit der Fernbedienung am Ger\u00e4t eingeben!<\/p>","protected":false},"excerpt":{"rendered":"<p>Aktivierung bzw. Verl\u00e4ngerung des ZaapTV Services f\u00fcr 1 Jahr. Funktioniert mit allen ZaapTV Ger\u00e4ten: ZaapTV 409N ZaapTV 509N ZaapTV 509N II ZaapTV [&hellip;]<\/p>","protected":false},"featured_media":1499,"template":"","meta":[],"product_cat":[44,69],"product_tag":[],"_links":{"self":[{"href":"https:\/\/satmediawp.edv-kroiss.com\/en\/wp-json\/wp\/v2\/product\/1500"}],"collection":[{"href":"https:\/\/satmediawp.edv-kroiss.com\/en\/wp-json\/wp\/v2\/product"}],"about":[{"href":"https:\/\/satmediawp.edv-kroiss.com\/en\/wp-json\/wp\/v2\/types\/product"}],"wp:featuredmedia":[{"embeddable":true,"href":"https:\/\/satmediawp.edv-kroiss.com\/en\/wp-json\/wp\/v2\/media\/1499"}],"wp:attachment":[{"href":"https:\/\/satmediawp.edv-kroiss.com\/en\/wp-json\/wp\/v2\/media?parent=1500"}],"wp:term":[{"taxonomy":"product_cat","embeddable":true,"href":"https:\/\/satmediawp.edv-kroiss.com\/en\/wp-json\/wp\/v2\/product_cat?post=1500"},{"taxonomy":"product_tag","embeddable":true,"href":"https:\/\/satmediawp.edv-kroiss.com\/en\/wp-json\/wp\/v2\/product_tag?post=1500"}],"curies":[{"name":"wp","href":"https:\/\/api.w.org\/{rel}","templated":true}]}}