{"id":1510,"date":"2018-06-29T15:06:21","date_gmt":"2018-06-29T15:06:21","guid":{"rendered":"https:\/\/satmediawp.edv-kroiss.com\/produkt\/zaaptv-hd709n-2-jahre-zaaptv-greek-griechisches-fernsehen\/"},"modified":"2024-05-17T11:20:28","modified_gmt":"2024-05-17T09:20:28","slug":"zaaptv-hd709n-2-jahre-zaaptv-greek-griechisches-fernsehen","status":"publish","type":"product","link":"https:\/\/satmediawp.edv-kroiss.com\/en\/product\/zaaptv-hd709n-2-jahre-zaaptv-greek-griechisches-fernsehen\/","title":{"rendered":"ZaapTV HD709N &#8211; 2 Jahre ZaapTV Greek \/ Griechisches Fernsehen"},"content":{"rendered":"<p><font rwr=\"1\" style=\"font-family:Arial\" size=\"4\"><meta content=\"text\/html;charset=utf-8\" http-equiv=\"content-type\"> <meta content=\"Adobe GoLive\" name=\"generator\"> <title>Zaaptv 709N Arabic<\/title> <\/p>\n<table width=\"1000\" cellspacing=\"10\" cellpadding=\"0\" border=\"0\">\n<tbody>\n<tr>\n<td colspan=\"2\">\n<div align=\"center\"><span style=\"font-family:georgia,serif;\"><img decoding=\"async\" alt=\"\" src=\"http:\/\/satmediawp.edv-kroiss.com\/wp-content\/uploads\/2018\/06\/zaaptv_greek_banner1.jpg\" style=\"border-width: 0px; border-style: solid; width: 977px; height: 395px;\"><\/span> <\/p>\n<p align=\"left\"><span style=\"font-family:georgia,serif;\"><span style=\"color:#FF0000;\"><span style=\"font-size:24px;\"><strong>EXCLUSIVE&nbsp;NUR&nbsp;BEI&nbsp;UNS:<\/strong><\/span><br \/> Auslieferung fix fertig mit installiertem Softwareupdate und der Einstellungen!<br \/> Sie m\u00fcssen das Ger\u00e4t nur mehr anschlie\u00dfen &#8211; Fertig !!<\/span><\/p>\n<p> Mit dem neuen ZaapTV HD709N erhalten Sie einen leistungsstarken, einfachen und schnellen IPTV Receiver f\u00fcr den arabischen Raum.<br \/> ZaapTV&nbsp;stellt nahezu alle freien arabischen, afrikanischen, t\u00fcrkischen, usw. SAT FTA&nbsp;Sender \u00fcber das Internet zur Verf\u00fcgung.<br \/> Sie ben\u00f6tigen nur einen Internetanschluss (Kabel oder Wlan)&nbsp;mit mind. 2MBit (4MBit empfohlen) Speed.<br \/> Es wird keine der gro\u00dfen SAT-Antennen ben\u00f6tigt, um die freien Sender von Arabsat, T\u00fcrksat und co. empfangen zu k\u00f6nnen.<br \/> Mit dem Internet verbunden wird das Ger\u00e4t entweder per Ethernetkabel (liegt bei) oder per WLAN (integriert).<br \/> Das TV Ger\u00e4t wird \u00fcber HDMI&nbsp;(HDMI Kabel liegt bei) mit dem ZaapTV Ger\u00e4t verbunden. Fertig!<br \/> <strong>Die Laufzeit dieses Angebotes betr\u00e4gt: 24 Monate.<\/strong><\/p>\n<p> Nach Ablauf, kann die Laufzeit per Verl\u00e4ngerungscode f\u00fcr 12 oder 24 Monate wieder verl\u00e4ngert werden.<br \/> Den Verl\u00e4ngerungscode erhalten Sie bei Bestellung bequem per E-Mail zugesandt.<br \/> ZaapTV&nbsp;ist kein Anbieter f\u00fcr PayTV.<\/span><\/p>\n<\/p><\/div>\n<\/td>\n<\/tr>\n<tr>\n<td>\n<div align=\"center\"><span style=\"font-family:georgia,serif;\">Exclusive-Angebot direkt vom Europa Distributor.<\/p>\n<p> <strong>Nur bei uns:<\/strong><br \/> Auslieferung mit neuester Firmware installiert.<br \/> Alle Einstellungen vorinstalliert.<br \/> Verbinden Sie das Ger\u00e4t an Ihr Internet (\u00dcber Kabel oder WLAN)<br \/> und fertig!<\/span><\/div>\n<\/td>\n<td>\n<div align=\"center\"><span style=\"font-family:georgia,serif;\"><img loading=\"lazy\" decoding=\"async\" alt=\"\" src=\"http:\/\/satmediawp.edv-kroiss.com\/wp-content\/uploads\/2016\/04\/zaaptv_banner2.jpg\" width=\"480\" height=\"270\" border=\"0\"><\/span><\/div>\n<\/td>\n<\/tr>\n<tr>\n<td>\n<div align=\"center\"><span style=\"font-family:georgia,serif;\"><img decoding=\"async\" alt=\"\" src=\"http:\/\/satmediawp.edv-kroiss.com\/wp-content\/uploads\/2018\/06\/zaaptv_greek_banner3.jpg\" style=\"border-width: 0px; border-style: solid; width: 480px; height: 270px;\"><\/span><\/div>\n<\/td>\n<td>\n<div align=\"center\"><span style=\"font-family:georgia,serif;\"><strong>Jetzt Neue Bedienoberfl\u00e4che:<\/strong><br \/> Wir liefern den neuen ZaapTV&nbsp;709N mit neuer und einfacheren Bedienoberfl\u00e4che aus.<br \/> Somit ist die Kanalauswahl trotz der gro\u00dfen Anzahl an WEB-TV Sender einfach wie noch nie.<br \/> Die Bedienoberfl\u00e4che kann dabei jederzeit von der einfachen auf die anspruchsvollere gewechselt werden.<br \/> Wir empfehlen jedenfalls die neue Bedienoberfl\u00e4che zu verwenden!<\/span><\/div>\n<\/td>\n<\/tr>\n<tr>\n<td>\n<div align=\"center\"><span style=\"font-family:georgia,serif;\">Kanalliste einfach und \u00fcbersichtlich nach L\u00e4nder sortiert.<br \/> Riesige Senderauswahl von freien TV-Sendern aus verschiedensten L\u00e4ndern.<\/span><\/div>\n<\/td>\n<td>\n<div align=\"center\"><span style=\"font-family:georgia,serif;\"><img loading=\"lazy\" decoding=\"async\" alt=\"\" src=\"http:\/\/satmediawp.edv-kroiss.com\/wp-content\/uploads\/2016\/04\/zaaptv_arabic_banner4.jpg\" width=\"480\" height=\"270\" border=\"0\"><\/span><\/div>\n<\/td>\n<\/tr>\n<tr>\n<td>\n<div align=\"center\"><span style=\"font-family:georgia,serif;\"><img decoding=\"async\" alt=\"\" src=\"http:\/\/satmediawp.edv-kroiss.com\/wp-content\/uploads\/2018\/06\/zaaptv_greek_banner5.jpg\" style=\"border-width: 0px; border-style: solid; width: 480px; height: 270px;\"><\/span><\/div>\n<\/td>\n<td>\n<div align=\"center\"><span style=\"font-family:georgia,serif;\">ZaapTV&nbsp;Movie Database<br \/> Gro\u00dfe Filmauswahl jederzeit und sofort abrufbar.<\/span><\/div>\n<\/td>\n<\/tr>\n<tr>\n<td>\n<div align=\"center\"><span style=\"font-family:georgia,serif;\">Neue Android TV&nbsp;Box mit ZaapTV OS 6.0 basierend auf Android 5.1.1<br \/> FullHD&nbsp;1080p Aufl\u00f6sung \u00fcber HDMI<br \/> WLAN&nbsp;und Netzwerk integriert!<br \/> Schneller QUAD-Core Prozessor optimiert f\u00fcr IPTV-Streams.<\/p>\n<p> Gro\u00dfe Auswahl an APPs verf\u00fcgbar.<br \/> Youtube,&nbsp;<\/span><span style=\"font-family: georgia, serif;\">Amazon<\/span><span style=\"font-family:georgia,serif;\">, Netflix, und co<\/span><\/div>\n<\/td>\n<td>\n<div align=\"center\"><span style=\"font-family:georgia,serif;\"><img loading=\"lazy\" decoding=\"async\" alt=\"\" src=\"http:\/\/satmediawp.edv-kroiss.com\/wp-content\/uploads\/2016\/04\/zaaptv_banner6.jpg\" width=\"480\" height=\"270\" border=\"0\"><\/span><\/div>\n<\/td>\n<\/tr>\n<tr>\n<td>\n<div align=\"center\"><span style=\"font-family:georgia,serif;\"><img loading=\"lazy\" decoding=\"async\" alt=\"\" src=\"http:\/\/satmediawp.edv-kroiss.com\/wp-content\/uploads\/2016\/04\/zaaptv_709n_fernbedienung.jpg\" width=\"480\" height=\"270\" border=\"0\"><\/span><\/div>\n<\/td>\n<td>\n<div align=\"center\"><span style=\"font-family:georgia,serif;\">Einfache Fernbedienung mit Zahlen-Tasten f\u00fcr schnellen Kanalwechsel und Mausfunktion f\u00fcr Zusatzapps (Youtube,&nbsp;<\/span><span style=\"font-family: georgia, serif;\">Amazon,&nbsp;<\/span><span style=\"font-family:georgia,serif;\">usw)<\/span><\/div>\n<\/td>\n<\/tr>\n<tr>\n<td>\n<div align=\"center\"><span style=\"font-family:georgia,serif;\">Keine monatlichen Geb\u00fchren, Keine Vertragsbindungen und kein Abo.<br \/> Sie haben die volle Kostenkontrolle.<br \/> Nach Ablauf der Laufzeit k\u00f6nnen Sie das Ger\u00e4t einfach und schnell per Verl\u00e4ngerungscode f\u00fcr 1,2 oder 3 Jahre verl\u00e4ngern.<br \/> Den Verl\u00e4ngerungscode erhalten Sie bei Bestellung schnell und bequem per E-Mail zugesandt.<\/span><\/div>\n<\/td>\n<td>\n<div align=\"center\"><span style=\"font-family:georgia,serif;\"><img loading=\"lazy\" decoding=\"async\" alt=\"\" src=\"http:\/\/satmediawp.edv-kroiss.com\/wp-content\/uploads\/2016\/04\/zaaptv_banner7.jpg\" width=\"480\" height=\"270\" border=\"0\"><\/span><\/div>\n<\/td>\n<\/tr>\n<tr>\n<td>\n<div align=\"center\"><span style=\"font-family:georgia,serif;\"><img loading=\"lazy\" decoding=\"async\" alt=\"\" src=\"http:\/\/satmediawp.edv-kroiss.com\/wp-content\/uploads\/2016\/04\/zaaptv_banner8.jpg\" width=\"480\" height=\"270\" border=\"0\"><\/span><\/div>\n<\/td>\n<td>\n<div align=\"center\"><span style=\"font-family:georgia,serif;\"><strong>Seit 2009 der f\u00fchrende Anbieter f\u00fcr freie IPTV Sender<\/strong>.<\/p>\n<p> <strong>Ger\u00e4te\u00fcbersicht<\/strong>:<br \/> 2009:&nbsp;ZaapTV&nbsp;HD1009N<br \/> 2010: ZaapTV HD209N<br \/> 2011: ZaapTV HD309N<br \/> 2012\/2013: ZaapTV HD409N<br \/> 2013\/2014: ZaapTV HD&nbsp;509N &amp; HD509NII<br \/> 2015\/2016: ZaapTV CloodTV &amp;&nbsp;ZaapTV X<br \/> 2016-2018: ZaapTV&nbsp;HD609N<br \/> <strong>Seit 2018: ZaapTV&nbsp;HD709N<\/strong><\/span><\/div>\n<\/td>\n<\/tr>\n<tr>\n<td valign=\"top\">\n<div align=\"center\">&nbsp; <\/p>\n<div align=\"center\"> <span style=\"font-family:georgia,serif;\"><strong>Features<\/strong>:<br \/> Full HD 1080p<br \/> W-LAN<br \/> Schnelle Umschaltzeiten<br \/> Einfache Fernbedienung<br \/> Android APP Store<br \/> WIFI: Builtin 2.4G Wi-Fi 802.11. b \/ g \/ n<br \/> Betriebssystem: ZAAPTV OS 6.0 32 Bit<\/span> <\/p>\n<p><span style=\"font-family:georgia,serif;\"><strong>Anschl\u00fcsse<\/strong>:<br \/> 1x USB Anschluss (Typ A)<br \/> 1x Audio \/ Video Analog Ausgang<br \/> 1x HDMI Anschluss<br \/> 1x LAN<br \/> 1x WIFI<\/span><\/p>\n<\/p><\/div>\n<\/p><\/div>\n<\/td>\n<td valign=\"top\">\n<div align=\"center\">\n<p> <span style=\"font-family:georgia,serif;\"><strong>Kan\u00e4le \/ Sender:<\/strong><br \/> \u00dcber 100 Griechisches \/ Zypriotische Sender<br \/> \u00dcber 100 Internationale Sender<\/p>\n<p> <strong>Laufzeit:<\/strong><br \/>&nbsp; 2 Jahre (24 Monate)<\/p>\n<p> <strong>Scope of delivery:<\/strong><br \/> ZaapTV HD 709N<br \/> Fernbedienung mit Maus Funktion<br \/> 110\/220 V Netzteil mit US\/EU\/UK\/AU Adapter<br \/> HDMI Kabel<br \/> Network cable<br \/> Kurzanleitung<\/span><\/div>\n<\/td>\n<\/tr>\n<\/tbody>\n<\/table>\n<p>&nbsp;<\/p>\n<p><\/font><\/p>","protected":false},"excerpt":{"rendered":"<p>Zaaptv 709N Arabic EXCLUSIVE&nbsp;NUR&nbsp;BEI&nbsp;UNS: Auslieferung fix fertig mit installiertem Softwareupdate und der Einstellungen! Sie m\u00fcssen das Ger\u00e4t nur mehr anschlie\u00dfen &#8211; Fertig [&hellip;]<\/p>","protected":false},"featured_media":1505,"template":"","meta":[],"product_cat":[44,69],"product_tag":[],"_links":{"self":[{"href":"https:\/\/satmediawp.edv-kroiss.com\/en\/wp-json\/wp\/v2\/product\/1510"}],"collection":[{"href":"https:\/\/satmediawp.edv-kroiss.com\/en\/wp-json\/wp\/v2\/product"}],"about":[{"href":"https:\/\/satmediawp.edv-kroiss.com\/en\/wp-json\/wp\/v2\/types\/product"}],"wp:featuredmedia":[{"embeddable":true,"href":"https:\/\/satmediawp.edv-kroiss.com\/en\/wp-json\/wp\/v2\/media\/1505"}],"wp:attachment":[{"href":"https:\/\/satmediawp.edv-kroiss.com\/en\/wp-json\/wp\/v2\/media?parent=1510"}],"wp:term":[{"taxonomy":"product_cat","embeddable":true,"href":"https:\/\/satmediawp.edv-kroiss.com\/en\/wp-json\/wp\/v2\/product_cat?post=1510"},{"taxonomy":"product_tag","embeddable":true,"href":"https:\/\/satmediawp.edv-kroiss.com\/en\/wp-json\/wp\/v2\/product_tag?post=1510"}],"curies":[{"name":"wp","href":"https:\/\/api.w.org\/{rel}","templated":true}]}}