{"id":1527,"date":"2018-08-17T11:58:15","date_gmt":"2018-08-17T11:58:15","guid":{"rendered":"https:\/\/satmediawp.edv-kroiss.com\/produkt\/clarke-tech-satracer-3-sw-diseqc-motor-gebraucht\/"},"modified":"2024-05-17T11:24:37","modified_gmt":"2024-05-17T09:24:37","slug":"clarke-tech-satracer-3-sw-diseqc-motor-gebraucht","status":"publish","type":"product","link":"https:\/\/satmediawp.edv-kroiss.com\/en\/product\/clarke-tech-satracer-3-sw-diseqc-motor-gebraucht\/","title":{"rendered":"Clarke-Tech Satracer 3 SW DiseqC Motor Gebraucht"},"content":{"rendered":"<p>Gebraucht-Motor mit 6 Monaten Garantie<\/p>\n<p>Motor f\u00fcr DiseqC 1.2 \/ USALS Go To X! <br \/>Dieser Motor ben\u00f6tigt keine externe Stromversorgung und kein Steuerkabel. Strom-Speisung direkt \u00fcber das Koax Kabel! Antennen Gr\u00f6\u00dfe von 35-120 cm m\u00f6glich.<br \/>Ger\u00e4uscharm mit 99\u00b0 Schwenkbereich<br \/>Manuell Steuerbar (Ost\/West) am Motor!! <br \/>Ost \/ West Limit     Einfach zu installieren.<\/p>\n<p><b> \tTechnische Daten :<\/b><\/p>\n<p><span id=\"result_box\" class=\"short_text\" lang=\"de\"><span class=\"\"><\/span><\/span><\/p>\n<p>Arbeits-Protokoll : DiseqC 1.2\/2.2 kompatibles Nivo und &#8222;GO TO X&#8220; Funktion Horizontaler Drebereich : 95\u00b0 Normal, (99\u00b0 Maximal)<br \/>Vertikaler Drehbereich : 75\u00b0<br \/>SAT-Positionen programmierbar : 50<br \/>L\u00e4nge der Motorachse : 120 mm<br \/>Durchmeser der Motorachse : 40 mm<br \/>Dreh-Geschwindigkeit : 2,5\u00b0\/s (18V) Horizontal, 2\u00b0\/s (14V) Vertikal<br \/>Fein-Drehbereich : 0,36\u00b0<br \/>Gewicht mit Verpackung : 2,68kg<\/p>","protected":false},"excerpt":{"rendered":"<p>Gebraucht-Motor mit 6 Monaten Garantie Motor f\u00fcr DiseqC 1.2 \/ USALS Go To X! Dieser Motor ben\u00f6tigt keine externe Stromversorgung und kein [&hellip;]<\/p>","protected":false},"featured_media":1526,"template":"","meta":[],"product_cat":[46,119,144],"product_tag":[],"_links":{"self":[{"href":"https:\/\/satmediawp.edv-kroiss.com\/en\/wp-json\/wp\/v2\/product\/1527"}],"collection":[{"href":"https:\/\/satmediawp.edv-kroiss.com\/en\/wp-json\/wp\/v2\/product"}],"about":[{"href":"https:\/\/satmediawp.edv-kroiss.com\/en\/wp-json\/wp\/v2\/types\/product"}],"wp:featuredmedia":[{"embeddable":true,"href":"https:\/\/satmediawp.edv-kroiss.com\/en\/wp-json\/wp\/v2\/media\/1526"}],"wp:attachment":[{"href":"https:\/\/satmediawp.edv-kroiss.com\/en\/wp-json\/wp\/v2\/media?parent=1527"}],"wp:term":[{"taxonomy":"product_cat","embeddable":true,"href":"https:\/\/satmediawp.edv-kroiss.com\/en\/wp-json\/wp\/v2\/product_cat?post=1527"},{"taxonomy":"product_tag","embeddable":true,"href":"https:\/\/satmediawp.edv-kroiss.com\/en\/wp-json\/wp\/v2\/product_tag?post=1527"}],"curies":[{"name":"wp","href":"https:\/\/api.w.org\/{rel}","templated":true}]}}