{"id":1544,"date":"2018-10-23T14:57:15","date_gmt":"2018-10-23T14:57:15","guid":{"rendered":"https:\/\/satmediawp.edv-kroiss.com\/produkt\/redundante-stromversorgung-set-1-0-3-0-erweiterung\/"},"modified":"2024-05-17T11:20:24","modified_gmt":"2024-05-17T09:20:24","slug":"redundante-stromversorgung-set-1-0-3-0-erweiterung","status":"publish","type":"product","link":"https:\/\/satmediawp.edv-kroiss.com\/en\/product\/redundante-stromversorgung-set-1-0-3-0-erweiterung\/","title":{"rendered":"Redundante Stromversorgung (Set #1.0-3.0) (Erweiterung)"},"content":{"rendered":"<p>Mit dieser Erweiterung erhalten Sie eine redundate Stromversorgung f\u00fcr unsere Kopfstellen.<\/p>\n<p>Erkl\u00e4rung Redundant:<br \/>F\u00e4llt ein Netzteil aus, \u00fcbernimmt das 2. Netzteil die Stromversorgung der Kopfstelle!<\/p>\n<p>Passend f\u00fcr Set #1.0, #1.1, #1.2, #2.0, #2.1, #3.0<\/p>\n<p><\/p><\/p>","protected":false},"excerpt":{"rendered":"<p>Mit dieser Erweiterung erhalten Sie eine redundate Stromversorgung f\u00fcr unsere Kopfstellen. Erkl\u00e4rung Redundant:F\u00e4llt ein Netzteil aus, \u00fcbernimmt das 2. Netzteil die Stromversorgung [&hellip;]<\/p>","protected":false},"featured_media":1535,"template":"","meta":[],"product_cat":[41,39],"product_tag":[],"_links":{"self":[{"href":"https:\/\/satmediawp.edv-kroiss.com\/en\/wp-json\/wp\/v2\/product\/1544"}],"collection":[{"href":"https:\/\/satmediawp.edv-kroiss.com\/en\/wp-json\/wp\/v2\/product"}],"about":[{"href":"https:\/\/satmediawp.edv-kroiss.com\/en\/wp-json\/wp\/v2\/types\/product"}],"wp:featuredmedia":[{"embeddable":true,"href":"https:\/\/satmediawp.edv-kroiss.com\/en\/wp-json\/wp\/v2\/media\/1535"}],"wp:attachment":[{"href":"https:\/\/satmediawp.edv-kroiss.com\/en\/wp-json\/wp\/v2\/media?parent=1544"}],"wp:term":[{"taxonomy":"product_cat","embeddable":true,"href":"https:\/\/satmediawp.edv-kroiss.com\/en\/wp-json\/wp\/v2\/product_cat?post=1544"},{"taxonomy":"product_tag","embeddable":true,"href":"https:\/\/satmediawp.edv-kroiss.com\/en\/wp-json\/wp\/v2\/product_tag?post=1544"}],"curies":[{"name":"wp","href":"https:\/\/api.w.org\/{rel}","templated":true}]}}