{"id":1546,"date":"2018-10-23T15:52:56","date_gmt":"2018-10-23T15:52:56","guid":{"rendered":"https:\/\/satmediawp.edv-kroiss.com\/produkt\/hotel-sat-auf-kabel-kopfstation-set-8-0-40-sender-inkl-hd\/"},"modified":"2024-05-17T11:20:24","modified_gmt":"2024-05-17T09:20:24","slug":"hotel-sat-auf-kabel-kopfstation-set-8-0-40-sender-inkl-hd","status":"publish","type":"product","link":"https:\/\/satmediawp.edv-kroiss.com\/en\/product\/hotel-sat-auf-kabel-kopfstation-set-8-0-40-sender-inkl-hd\/","title":{"rendered":"Hotel Sat auf Kabel Kopfstation Set 8.0 (>40 Sender inkl. HD)"},"content":{"rendered":"<p>Lagernd und nach Bestelleingang innerhalb von 7-14 Werktagen fertig gestellt! <\/p>\n<p>Satmedia Komplettset f\u00fcr eine Hotel HD Kabelkopfstationen \/ Kabelkopfstelle mit \u00fcber 40 Sendern inkl. HD Programme.<\/p>\n<p>Unsere  Sets sind komplett ausgestattet inkl. aller ben\u00f6tigten Komponenten  (wie Multischalter, Anschlusskabeln) und programmiert mit den HD-Kan\u00e4len der deutschen \u00f6ffentlich rechtlichen Fernsehsender.<br \/>Die SD-Abschaltung von ARD\/ZDF und co ist derzeit mit Ende des Jahres geplant.<\/p>\n<p>Die Vorteile unserer Kopfstation kurz zusammengefasst:<\/p>\n<ul>\n<li>Komplett-Set &#8211; Auslieferung vorkonfiguriert inkl. aller notwendiger Komponenten &#8211; Individuelle Senderreihenfolge.<\/li>\n<li>Senderliste wird in Kopfstelle programmiert &#8211; TV-Ger\u00e4te \u00fcbernehmen die Senderliste beim Suchlauf.<\/li>\n<li>\u00c4nderungen der Senderliste werden im TV-Ger\u00e4t ohne Sendersuchlauf \u00fcbernommen (TV muss NIT unterst\u00fctzen. LG und Samsung getestet)<\/li>\n<li>Unbegrenzte Anzahl an TV-Ger\u00e4ten anschlie\u00dfbar &#8211; Kein Limit<\/li>\n<li>Programmierung \u00fcber Webinterface\/Netzwerk. Fernwartung \u00fcber Teamviewer m\u00f6glich.<\/li>\n<li>HD-Tauglich &#8211; Bereit f\u00fcr die SD Abschaltung von ARD\/ZDF\/Co<\/li>\n<li>Unbegrenzte Anzahl an TV-Ger\u00e4te anschlie\u00dfbar &#8211; Kein Limit<\/li>\n<li>Neue Dynamische Transponderverteilung &#8211; Keine Kabelumsteckung bei Transponderwechsel notwendig. Fernwartung dadurch \u00fcber zB. Teamviewer m\u00f6glich.<\/li>\n<li>Jederzeit erweiterbar auf \u00fcber 300 Sender<\/li>\n<li>Integrierbar in bestehende Kopfstelle<\/li>\n<li>Optional: Redundante Stromversorgung (Kein Ausfall bei einem Defekt des Netzteiles)<\/li>\n<li>Optional: Infokanal Einspielung \u00fcber Audio\/Video Input<\/li>\n<li>Optional: Optische \u00dcbertragung: Leitungsl\u00e4ngen von \u00fcber 10km m\u00f6glich<\/li>\n<li>Optional: ORF Tauglich (Siehe SET #2)\n<\/li>\n<\/ul>\n<p><b>Voraussetzungen:<\/b><\/p>\n<ul>\n<li>TV-Ger\u00e4t mit integriertem DVB-C HD Tuner (QAM 6900)<\/li>\n<li>F\u00fcr automatische Kanalsortierung TV-Ger\u00e4t mit NIT Funktion<\/li>\n<li>Astra Satelliten Antenne (Nur eine Koax-Leitung von Antenne zur Kopfstation ben\u00f6tigt)\n<\/li>\n<\/ul>\n<p><b>Liefer-\/Leistungsumfang<\/b><\/p>\n<ul>\n<li>Terra Kopfstation Komplett-Set <\/li>\n<li>Individuelle Programmierung inklusive!<\/li>\n<li>Ausmessung und Justierung aller DVB-C Kan\u00e4le!<\/li>\n<li>Modul Terra SDQ480<\/li>\n<li>Netzteil Terra SUP413<\/li>\n<li>Unicable Multischalter 24fach<\/li>\n<li>2 x WB-LNBs (Vorbereitet f\u00fcr Astra\/Hotbird)<\/li>\n<li>Plug &amp; Play: Alle notwendigen Verbindungskabel\/Stecker\/Hutschiene<\/li>\n<\/ul>\n<p><b><br \/><\/b><b>Montage\/Service Partner<\/b><\/p>\n<ul>\n<li>Finden Sie Ihren Verkaufs- und Montage\/Servicepartner in Ihrem Bundesland aus unserem<b> <a href=\"https:\/\/hotel-kopfstation.com\/haendler\/\" target=\"_blank\" rel=\"noopener\">Vertriebspartner Verzeichnis<\/a>.<br \/><\/b><\/li>\n<\/ul>\n<p><b><br \/><\/b><b>M\u00f6gliche Senderliste: <\/b><br \/>(individuell \u00e4nderbar)<\/p>\n<\/p>\n<p>1&nbsp;&nbsp;&nbsp; Das Erste <b>HD<\/b><br \/>2&nbsp;&nbsp;&nbsp; ZDF <b>HD<\/b><br \/>3&nbsp;&nbsp;&nbsp; 3sat <b>HD<\/b><br \/>4&nbsp;&nbsp;&nbsp; arte <b>HD<\/b><br \/>5&nbsp;&nbsp;&nbsp; SAT 1&nbsp;&nbsp;&nbsp; <br \/>6&nbsp;&nbsp;&nbsp; ProSieben&nbsp;&nbsp;&nbsp; <br \/>7&nbsp;&nbsp;&nbsp; Kabel eins&nbsp;&nbsp;&nbsp; <br \/>8&nbsp;&nbsp;&nbsp; RTL Television&nbsp;&nbsp;&nbsp; <br \/>9&nbsp;&nbsp;&nbsp; RTL2&nbsp;&nbsp;&nbsp; <br \/>10&nbsp;&nbsp;&nbsp; VOX&nbsp;&nbsp;&nbsp; <br \/>11&nbsp;&nbsp;&nbsp; RTLPlus&nbsp;&nbsp;&nbsp; <br \/>12&nbsp;&nbsp;&nbsp; NITRO&nbsp;&nbsp;&nbsp; <br \/>13&nbsp;&nbsp;&nbsp; Super RTL&nbsp;&nbsp;&nbsp; <br \/>14&nbsp;&nbsp;&nbsp; TOGGO plus&nbsp;&nbsp;&nbsp; <br \/>15&nbsp;&nbsp;&nbsp; KIKA <b>HD<\/b><br \/>16&nbsp;&nbsp;&nbsp; Disney Channel&nbsp;&nbsp;&nbsp; <br \/>17&nbsp;&nbsp;&nbsp; Nickelodeon&nbsp;&nbsp;&nbsp; <br \/>18&nbsp;&nbsp;&nbsp; Sat 1 Gold&nbsp;&nbsp;&nbsp; <br \/>19&nbsp;&nbsp;&nbsp; Pro7 Maxx&nbsp;&nbsp;&nbsp; <br \/>20&nbsp;&nbsp;&nbsp; kabel eins Doku&nbsp;&nbsp;&nbsp; <br \/>21&nbsp;&nbsp;&nbsp; N24 DOKU Austria&nbsp;&nbsp;&nbsp; <br \/>22&nbsp;&nbsp;&nbsp; DMAX Austria&nbsp;&nbsp;&nbsp; <br \/>23&nbsp;&nbsp;&nbsp; SIXX&nbsp;&nbsp;&nbsp; <br \/>24&nbsp;&nbsp;&nbsp; Welt&nbsp;&nbsp;&nbsp; <br \/>25&nbsp;&nbsp;&nbsp; n-tv&nbsp;&nbsp;&nbsp; <br \/>26&nbsp;&nbsp;&nbsp; ZDFinfo <b>HD<\/b><br \/>27&nbsp;&nbsp;&nbsp; zdf_neo <b>HD<\/b><br \/>28&nbsp;&nbsp;&nbsp; SWR Fernsehen BW <b>HD<\/b><br \/>29&nbsp;&nbsp;&nbsp; TLC&nbsp;&nbsp;&nbsp; <br \/>30&nbsp;&nbsp;&nbsp; Anixe SD&nbsp;&nbsp;&nbsp; <br \/>31&nbsp;&nbsp;&nbsp; France 24 ENG<br \/>32&nbsp;&nbsp;&nbsp; Russia Today&nbsp;&nbsp;&nbsp; <br \/>33&nbsp;&nbsp;&nbsp; CGTN Documentary&nbsp;&nbsp;&nbsp; <br \/>34&nbsp;&nbsp;&nbsp; CGTN&nbsp;&nbsp;&nbsp; <br \/>35&nbsp;&nbsp;&nbsp; TRT World <b>HD<\/b><br \/>36&nbsp;&nbsp;&nbsp; France 24 FRA<br \/>37&nbsp;&nbsp;&nbsp; CGTN F&nbsp;&nbsp;&nbsp; <br \/>38&nbsp;&nbsp;&nbsp; TV5MONDE EUROPE&nbsp;&nbsp;&nbsp; <br \/>39&nbsp;&nbsp;&nbsp; France 24 ARA<br \/>40&nbsp;&nbsp;&nbsp; Deluxe Music&nbsp;&nbsp;&nbsp; <br \/>41&nbsp;&nbsp;&nbsp; Comedy Central&nbsp;&nbsp;&nbsp; <\/p>\n<p><\/p>","protected":false},"excerpt":{"rendered":"<p>Lagernd und nach Bestelleingang innerhalb von 7-14 Werktagen fertig gestellt! Satmedia Komplettset f\u00fcr eine Hotel HD Kabelkopfstationen \/ Kabelkopfstelle mit \u00fcber 40 [&hellip;]<\/p>","protected":false},"featured_media":1545,"template":"","meta":[],"product_cat":[41,39],"product_tag":[],"_links":{"self":[{"href":"https:\/\/satmediawp.edv-kroiss.com\/en\/wp-json\/wp\/v2\/product\/1546"}],"collection":[{"href":"https:\/\/satmediawp.edv-kroiss.com\/en\/wp-json\/wp\/v2\/product"}],"about":[{"href":"https:\/\/satmediawp.edv-kroiss.com\/en\/wp-json\/wp\/v2\/types\/product"}],"wp:featuredmedia":[{"embeddable":true,"href":"https:\/\/satmediawp.edv-kroiss.com\/en\/wp-json\/wp\/v2\/media\/1545"}],"wp:attachment":[{"href":"https:\/\/satmediawp.edv-kroiss.com\/en\/wp-json\/wp\/v2\/media?parent=1546"}],"wp:term":[{"taxonomy":"product_cat","embeddable":true,"href":"https:\/\/satmediawp.edv-kroiss.com\/en\/wp-json\/wp\/v2\/product_cat?post=1546"},{"taxonomy":"product_tag","embeddable":true,"href":"https:\/\/satmediawp.edv-kroiss.com\/en\/wp-json\/wp\/v2\/product_tag?post=1546"}],"curies":[{"name":"wp","href":"https:\/\/api.w.org\/{rel}","templated":true}]}}