{"id":1548,"date":"2018-10-25T14:34:24","date_gmt":"2018-10-25T14:34:24","guid":{"rendered":"https:\/\/satmediawp.edv-kroiss.com\/produkt\/hotel-sat-auf-kabel-kopfstation-set-16-0-70-sender-inkl-hd\/"},"modified":"2024-05-17T11:20:24","modified_gmt":"2024-05-17T09:20:24","slug":"hotel-sat-auf-kabel-kopfstation-set-16-0-70-sender-inkl-hd","status":"publish","type":"product","link":"https:\/\/satmediawp.edv-kroiss.com\/en\/product\/hotel-sat-auf-kabel-kopfstation-set-16-0-70-sender-inkl-hd\/","title":{"rendered":"Hotel Sat auf Kabel Kopfstation Set 16.0 (>70 Sender inkl. HD)"},"content":{"rendered":"<\/p>\n<p>Lagernd und nach Bestelleingang innerhalb von 7-14 Werktagen fertig gestellt! <\/p>\n<p>Satmedia Komplettset f\u00fcr eine Hotel HD Kabelkopfstation \/ Kabelkopfstelle mit \u00fcber 70 Sendern inkl. HD Programme.<br \/>Unsere  Sets sind komplett ausgestattet inkl. aller ben\u00f6tigten Komponenten  (wie Multischalter, Anschlusskabeln) und programmiert mit den HD-Kan\u00e4len der deutschen \u00f6ffentlich rechtlichen Fernsehsender.<br \/>Die SD-Abschaltung von ARD\/ZDF und co ist derzeit mit Ende des Jahres geplant.<\/p>\n<p>Die Vorteile unserer Kopfstation kurz zusammengefasst:<\/p>\n<ul>\n<li>Komplett-Set &#8211; Auslieferung vorkonfiguriert inkl. aller notwendiger Komponenten &#8211; Individuelle Senderreihenfolge.<\/li>\n<li>Senderliste wird in Kopfstelle programmiert &#8211; TV-Ger\u00e4te \u00fcbernehmen die Senderliste beim Suchlauf.<\/li>\n<li>\u00c4nderungen der Senderliste werden im TV-Ger\u00e4t ohne Sendersuchlauf \u00fcbernommen (TV muss NIT unterst\u00fctzen. LG und Samsung getestet)<\/li>\n<li>Unbegrenzte Anzahl an TV-Ger\u00e4ten anschlie\u00dfbar &#8211; Kein Limit<\/li>\n<li>Programmierung \u00fcber Webinterface\/Netzwerk. Fernwartung \u00fcber Teamviewer m\u00f6glich.<\/li>\n<li>HD-Tauglich &#8211; Bereit f\u00fcr die SD Abschaltung von ARD\/ZDF\/Co<\/li>\n<li>Unbegrenzte Anzahl an Teilnehmer (TV-Ger\u00e4te)<\/li>\n<li>Neue Dynamische Transponderverteilung &#8211; Keine Kabelumsteckung bei Transponderwechsel notwendig. Fernwartung dadurch \u00fcber zB. Teamviewer m\u00f6glich.<\/li>\n<li>Jederzeit erweiterbar auf \u00fcber 300 Sender<\/li>\n<li>Integrierbar in bestehende Kopfstelle<\/li>\n<li>Optional: Redundante Stromversorgung (Kein Ausfall bei einem Defekt des Netzteiles)<\/li>\n<li>Optional: Infokanal Einspielung \u00fcber Audio\/Video Input<\/li>\n<li>Optional: Optische \u00dcbertragung: Leitungsl\u00e4ngen von \u00fcber 10km m\u00f6glich<\/li>\n<li>Optional: ORF Tauglich (Siehe ORF SETs)\n<\/li>\n<\/ul>\n<p><b>Voraussetzungen:<\/b><\/p>\n<ul>\n<li>TV-Ger\u00e4t mit integriertem DVB-C HD Tuner (QAM 6900)<\/li>\n<li>F\u00fcr automatische Kanalsortierung TV-Ger\u00e4t mit NIT Funktion<\/li>\n<li>Astra Satelliten Antenne (Nur eine Koax-Leitung von Antenne zur Kopfstation ben\u00f6tigt)\n<\/li>\n<\/ul>\n<p><b><b><b> <b>Liefer-\/Leistungsumfang<\/b><\/b><\/b><\/b><\/p>\n<ul>\n<li>Terra Kopfstation Komplett-Set <\/li>\n<li>Individuelle Programmierung inklusive!<\/li>\n<li>Ausmessung und Justierung aller DVB-C Kan\u00e4le!<\/li>\n<li>2 x Modul Terra SDQ480<\/li>\n<li>Netzteil Terra SUP413<\/li>\n<li>4 Satelliten Unicable Multischalteranlage f\u00fcr 32 Teilnehmer (F\u00fcr Kopfstelle f\u00fcr bis zu 150 TV-Sender vorbereitet)!<\/li>\n<li>4 x WB-LNBs (Vorbereitet f\u00fcr Astra\/Hotbird\/Astra 23\/Eutelsat 9)<\/li>\n<li>107dBuV Profi CATV Verst\u00e4rker<\/li>\n<li>Plug &amp; Play: Alle notwendigen Verbindungskabel\/Stecker\/Hutschiene<\/li>\n<\/ul>\n<p><b>Montage\/Service Partner<\/b><\/p>\n<ul>\n<li>Finden Sie Ihren Verkaufs- und Montage\/Servicepartner in Ihrem Bundesland aus unserem<b> <a href=\"https:\/\/hotel-kopfstation.com\/haendler\/\" target=\"_blank\" rel=\"noopener\">Vertriebspartner Verzeichnis<\/a>.<br \/><\/b><\/li>\n<\/ul>\n<p><b><br \/><\/b><b>Vorgeschlagene Senderliste: <\/b><br \/>(individuell \u00e4nderbar)<\/p>\n<p>Deutsch:<\/p>\n<\/p>\n<p>01&nbsp;&nbsp;&nbsp; Das Erste <b>HD<\/b><br \/>02&nbsp;&nbsp;&nbsp; ZDF <b>HD<\/b><br \/>03&nbsp;&nbsp;&nbsp; 3sat <b>HD<\/b><br \/>04&nbsp;&nbsp;&nbsp; arte <b>HD<\/b><br \/>05&nbsp;&nbsp;&nbsp; SAT 1<br \/>06&nbsp;&nbsp;&nbsp; ProSieben<br \/>07&nbsp;&nbsp;&nbsp; Kabel eins<br \/>08&nbsp;&nbsp;&nbsp; RTL Television<br \/>09&nbsp;&nbsp;&nbsp; RTL2<br \/>10&nbsp;&nbsp;&nbsp; VOX<br \/>11&nbsp;&nbsp;&nbsp; RTLPlus<br \/>12&nbsp;&nbsp;&nbsp; NITRO<br \/>13&nbsp;&nbsp;&nbsp; Super RTL<br \/>14&nbsp;&nbsp;&nbsp; TOGGO plus<br \/>15&nbsp;&nbsp;&nbsp; KIKA <b>HD<\/b><br \/>16&nbsp;&nbsp;&nbsp; Disney Channel<br \/>17&nbsp;&nbsp;&nbsp; Nickelodeon<br \/>18&nbsp;&nbsp;&nbsp; Sat 1 Gold<br \/>19&nbsp;&nbsp;&nbsp; Pro7 Maxx<br \/>20&nbsp;&nbsp;&nbsp; kabel eins Doku<br \/>21&nbsp;&nbsp;&nbsp; N24 DOKU Austria<br \/>22&nbsp;&nbsp;&nbsp; DMAX Austria<br \/>23&nbsp;&nbsp;&nbsp; SIXX<br \/>24&nbsp;&nbsp;&nbsp; Welt<br \/>25&nbsp;&nbsp;&nbsp; n-tv<br \/>26&nbsp;&nbsp;&nbsp; ZDFinfo <b>HD<\/b><br \/>27&nbsp;&nbsp;&nbsp; zdf_neo <b>HD<\/b><br \/>28&nbsp;&nbsp;&nbsp; SWR Fernsehen <b>HD<\/b><br \/>29&nbsp;&nbsp;&nbsp; BR Fernsehen <b>HD<\/b><br \/>30&nbsp;&nbsp;&nbsp; NDR Fernsehen <b>HD<\/b><br \/>31&nbsp;&nbsp;&nbsp; Phoenix <b>HD<\/b><br \/>32&nbsp;&nbsp;&nbsp; ServusTV DE <b>HD<\/b><br \/>33&nbsp;&nbsp;&nbsp; WDR <b>HD<\/b><br \/>34&nbsp;&nbsp;&nbsp; rbb <b>HD<\/b><br \/>35&nbsp;&nbsp;&nbsp; MDR <b>HD<\/b><br \/>36&nbsp;&nbsp;&nbsp; hr-fernsehen <b>HD<\/b><br \/>37&nbsp;&nbsp;&nbsp; tagesschau24 <b>HD<\/b><br \/>38&nbsp;&nbsp;&nbsp; ONE <b>HD<\/b><br \/>39&nbsp;&nbsp;&nbsp; SR Fernsehen <b>HD<\/b><br \/>40&nbsp;&nbsp;&nbsp; Anixe<br \/>41&nbsp;&nbsp;&nbsp; TLC<br \/>42&nbsp;&nbsp;&nbsp; ComedyCentral\/Viva<br \/>43&nbsp;&nbsp;&nbsp; Deluxe Music<br \/>44&nbsp;&nbsp;&nbsp; StarParadies<\/p>\n<p>Englisch:<\/p>\n<p>45&nbsp;&nbsp;&nbsp; BBC World News <b>HD<\/b><br \/>46&nbsp;&nbsp;&nbsp; NHK World <b>HD<\/b><br \/>47&nbsp;&nbsp;&nbsp; Al Jazerra <b>HD<\/b><br \/>48&nbsp;&nbsp;&nbsp; Sky News Int.<br \/>49&nbsp;&nbsp;&nbsp; Cnn Int<br \/>50&nbsp;&nbsp;&nbsp; DW English<br \/>51&nbsp;&nbsp;&nbsp; Russia Today<br \/>52&nbsp;&nbsp;&nbsp; TRT World <b>HD<\/b><br \/>53&nbsp;&nbsp;&nbsp; CGTN<br \/>54&nbsp;&nbsp;&nbsp; CGTN Documentary<br \/>55&nbsp;&nbsp;&nbsp; France 24 English<\/p>\n<p>Franz\u00f6sich:<\/p>\n<p>56&nbsp;&nbsp;&nbsp; France 24<br \/>57&nbsp;&nbsp;&nbsp; CGTN F<br \/>58&nbsp;&nbsp;&nbsp; TV5Monde<br \/>59&nbsp;&nbsp;&nbsp; MB Live <b>HD<\/b><br \/>60&nbsp;&nbsp;&nbsp; TVE Int. Europa<br \/>61&nbsp;&nbsp;&nbsp; Canal 24 Horas<\/p>\n<p>Arabisch:<\/p>\n<p>62&nbsp;&nbsp;&nbsp; France 24 Ara &nbsp;&nbsp; &nbsp;&nbsp;&nbsp; <\/p>\n<p>T\u00fcrkisch:<\/p>\n<p>63&nbsp;&nbsp;&nbsp; TRT Turk<br \/>64&nbsp;&nbsp;&nbsp; Yol TV<\/p>\n<p>Russisch:<\/p>\n<p>65&nbsp;&nbsp;&nbsp; NTV Mir<br \/>66&nbsp;&nbsp;&nbsp; REN int<br \/>67&nbsp;&nbsp;&nbsp; Russkji R1<br \/>68&nbsp;&nbsp;&nbsp; TV Rus<br \/>69&nbsp;&nbsp;&nbsp; Peretz Int<br \/>70&nbsp;&nbsp;&nbsp; Domashniy Int<br \/>71&nbsp;&nbsp;&nbsp; 5 Int<br \/>72&nbsp;&nbsp;&nbsp; TVCI<br \/>73&nbsp;&nbsp;&nbsp; STS Int<br \/>74&nbsp;&nbsp;&nbsp; 8 TV RU<\/p>\n<p><\/p>\n<p><\/p><\/p>","protected":false},"excerpt":{"rendered":"<p>Lagernd und nach Bestelleingang innerhalb von 7-14 Werktagen fertig gestellt! Satmedia Komplettset f\u00fcr eine Hotel HD Kabelkopfstation \/ Kabelkopfstelle mit \u00fcber 70 [&hellip;]<\/p>","protected":false},"featured_media":1534,"template":"","meta":[],"product_cat":[41,39],"product_tag":[],"_links":{"self":[{"href":"https:\/\/satmediawp.edv-kroiss.com\/en\/wp-json\/wp\/v2\/product\/1548"}],"collection":[{"href":"https:\/\/satmediawp.edv-kroiss.com\/en\/wp-json\/wp\/v2\/product"}],"about":[{"href":"https:\/\/satmediawp.edv-kroiss.com\/en\/wp-json\/wp\/v2\/types\/product"}],"wp:featuredmedia":[{"embeddable":true,"href":"https:\/\/satmediawp.edv-kroiss.com\/en\/wp-json\/wp\/v2\/media\/1534"}],"wp:attachment":[{"href":"https:\/\/satmediawp.edv-kroiss.com\/en\/wp-json\/wp\/v2\/media?parent=1548"}],"wp:term":[{"taxonomy":"product_cat","embeddable":true,"href":"https:\/\/satmediawp.edv-kroiss.com\/en\/wp-json\/wp\/v2\/product_cat?post=1548"},{"taxonomy":"product_tag","embeddable":true,"href":"https:\/\/satmediawp.edv-kroiss.com\/en\/wp-json\/wp\/v2\/product_tag?post=1548"}],"curies":[{"name":"wp","href":"https:\/\/api.w.org\/{rel}","templated":true}]}}