{"id":1549,"date":"2018-10-25T15:36:26","date_gmt":"2018-10-25T15:36:26","guid":{"rendered":"https:\/\/satmediawp.edv-kroiss.com\/produkt\/hotel-sat-auf-kabel-kopfstation-set-16-2-ci-90-sender-inkl-orf-hd-komplett\/"},"modified":"2024-05-17T11:20:23","modified_gmt":"2024-05-17T09:20:23","slug":"hotel-sat-auf-kabel-kopfstation-set-16-2-ci-90-sender-inkl-orf-hd-komplett","status":"publish","type":"product","link":"https:\/\/satmediawp.edv-kroiss.com\/en\/product\/hotel-sat-auf-kabel-kopfstation-set-16-2-ci-90-sender-inkl-orf-hd-komplett\/","title":{"rendered":"Hotel Sat auf Kabel Kopfstation Set 16.2 CI (>90 Sender inkl. ORF HD Komplett)"},"content":{"rendered":"<\/p>\n<p>Lagernd und nach Bestelleingang innerhalb von 10-20 Werktagen fertig gestellt! <\/p>\n<p>Satmedia Komplettset f\u00fcr eine Hotel HD Kabelkopfstation \/ Kabelkopfstelle mit \u00fcber 90 Sendern inkl. der ORF Programme in HD.<br \/>Unsere  Sets sind komplett ausgestattet inkl. aller ben\u00f6tigten Komponenten  (Professional CAMs f\u00fcr die Entschl\u00fcsselung der ORF-Programme,  Multischalter) und programmiert mit den HD-Kan\u00e4len von ORF und den  HD-Kan\u00e4len der deutschen \u00f6ffentlich rechtlichen Fernsehsender.<br \/>Die SD-Abschaltung von ARD\/ZDF und co ist derzeit mit Ende des Jahres geplant.<br \/>Dieses Set ben\u00f6tigt nur zwei ORF-Smartcards zur Entschl\u00fcsselung der Programme. Senderliste siehe weiter unten.<\/p>\n<p>Die Vorteile unserer Kopfstation kurz zusammengefasst:<\/p>\n<ul>\n<li>Komplett-Set &#8211; Auslieferung vorkonfiguriert inkl. aller notwendiger Komponenten &#8211; Individuelle Senderreihenfolge.<\/li>\n<li>Senderliste wird in Kopfstelle programmiert &#8211; TV-Ger\u00e4te \u00fcbernehmen die Senderliste beim Suchlauf.<\/li>\n<li>\u00c4nderungen der Senderliste werden im TV-Ger\u00e4t ohne Sendersuchlauf \u00fcbernommen (TV muss NIT unterst\u00fctzen. LG und Samsung getestet)<\/li>\n<li>Unbegrenzte Anzahl an TV-Ger\u00e4te anschlie\u00dfbar &#8211; Kein Limit<\/li>\n<li>Programmierung \u00fcber Webinterface\/Netzwerk. Fernwartung \u00fcber Teamviewer m\u00f6glich.<\/li>\n<li>ORF tauglich &#8211; ORF Modul im Lieferumfang enthalten. Es wird nur die ORF-Smartcard ben\u00f6tigt.<\/li>\n<li>HD-Tauglich &#8211; Bereit f\u00fcr die SD Abschaltung von ARD\/ZDF\/Co<\/li>\n<li>Unbegrenzte Anzahl an Teilnehmer (TV-Ger\u00e4te)<\/li>\n<li>Neue Dynamische Transponderverteilung &#8211; Keine Kabelumsteckung bei Transponderwechsel notwendig. Fernwartung dadurch \u00fcber zB. Teamviewer m\u00f6glich.<\/li>\n<li>Jederzeit erweiterbar f\u00fcr bis \u00fcber 300 Sender<\/li>\n<li>Integrierbar in bestehende Kopfstelle<\/li>\n<li>Optional: Redundante Stromversorgung (Kein Ausfall bei einem Defekt des Netzteiles)<\/li>\n<li>Optional: Infokanal Einspielung \u00fcber Audio\/Video Input<\/li>\n<li>Optional: Optische \u00dcbertragung: Leitungsl\u00e4ngen von \u00fcber 10km m\u00f6glich\n<\/li>\n<\/ul>\n<p><b>Voraussetzungen:<\/b><\/p>\n<ul>\n<li>TV-Ger\u00e4t mit integriertem DVB-C HD Tuner (QAM 6900)<\/li>\n<li>F\u00fcr automatische Kanalsortierung TV-Ger\u00e4t mit NIT Funktion<\/li>\n<li>minimum Astra Satelliten Antenne (Nur eine Koax-Leitung von Antenne zur Kopfstation ben\u00f6tigt)<\/li>\n<li>Bei Einsatz aller 4 Satelliten (LNBs im Lieferumfang) werden 2 Leitungen von der SAT-Antenne zur Kopfstelle empfohlen.<\/li>\n<li>2 x ORF-Smartcards &#8211; Kann \u00fcber uns bezogen werden.\n<\/li>\n<\/ul>\n<p><b><b><b><b><b>Liefer-\/Leistungsumfang<\/b><\/b><\/b><\/b><\/b><\/p>\n<ul>\n<li>Terra Kopfstation Komplett-Set <\/li>\n<li>Individuelle Programmierung inklusive!<\/li>\n<li>Ausmessung und Justierung aller DVB-C Kan\u00e4le!<\/li>\n<li>2 x Modul Terra SDQ480<\/li>\n<li>1 x Modul Terra SDQ420 CI<\/li>\n<li>2 x Irdeto CI+ CAM PRO<\/li>\n<li>Netzteil Terra SUP413<\/li>\n<li>Unicable Multischalter Anlage f\u00fcr 4 Satelliten und 32 Teilnehmer (Vorbereitet f\u00fcr Kopfstelle f\u00fcr bis zu 150 TV-Sender)!<\/li>\n<li>107dBuV Profi CATV Verst\u00e4rker<\/li>\n<li>Ethernet Switch Metallgeh\u00e4use<\/li>\n<li>4 x WB-LNBs (Vorbereitet f\u00fcr Astra\/Hotbird\/Astra 23,5\u00b0O\/Eutelsat 9\u00b0O)<\/li>\n<li>Plug &amp; Play: Alle notwendigen Verbindungskabel\/Stecker\/Hutschiene<\/li>\n<\/ul>\n<p><b><b>Montage\/Service Partner<\/b><\/b><\/p>\n<ul>\n<li>Finden Sie Ihren Verkaufs- und Montage\/Servicepartner in Ihrem Bundesland aus unserem<b> <a href=\"https:\/\/hotel-kopfstation.com\/haendler\/\" target=\"_blank\" rel=\"noopener\">Vertriebspartner Verzeichnis<\/a>.<br \/><\/b><\/li>\n<\/ul>\n<p><b><br \/><\/b><b>Vorgeschlagene Senderliste: <\/b><br \/>(individuell \u00e4nderbar)<\/p>\n<table width=\"605\" cellspacing=\"0\" cellpadding=\"0\" border=\"0\">\n<colgroup>\n<col>\n<col>\n<col>\n<col>\n<col>\n<col> <\/colgroup>\n<tbody>\n<tr>\n<td style=\"height: 20px; width: 45px;\" height=\"20\">1<\/td>\n<td style=\"width: 191px;\">ORF 1 HD<\/td>\n<td style=\"width: 28px;\">HD<\/td>\n<td style=\"width: 88px;\">\u00d6sterreich<\/td>\n<td style=\"width: 132px;\">Allgemein<\/td>\n<td style=\"width: 121px;\">Deutsch<\/td>\n<\/tr>\n<tr>\n<td style=\"height: 20px;\" height=\"20\">2<\/td>\n<td>ORF 2 HD<\/td>\n<td>HD<\/td>\n<td>\u00d6sterreich<\/td>\n<td>Allgemein<\/td>\n<td>Deutsch<\/td>\n<\/tr>\n<tr>\n<td style=\"height: 20px;\" height=\"20\">3<\/td>\n<td>ORF III HD<\/td>\n<td>HD<\/td>\n<td>\u00d6sterreich<\/td>\n<td>Allgemein<\/td>\n<td>Deutsch<\/td>\n<\/tr>\n<tr>\n<td style=\"height: 20px;\" height=\"20\">4<\/td>\n<td>ORF Sport+ HD<\/td>\n<td>HD<\/td>\n<td>\u00d6sterreich<\/td>\n<td>Allgemein<\/td>\n<td>Deutsch<\/td>\n<\/tr>\n<tr>\n<td style=\"height: 20px;\" height=\"20\">5<\/td>\n<td>Das Erste HD<\/td>\n<td>HD<\/td>\n<td>Deutschland<\/td>\n<td>Allgemein<\/td>\n<td>Deutsch<\/td>\n<\/tr>\n<tr>\n<td style=\"height: 20px;\" height=\"20\">6<\/td>\n<td>ZDF HD<\/td>\n<td>HD<\/td>\n<td>Deutschland<\/td>\n<td>Allgemein<\/td>\n<td>Deutsch<\/td>\n<\/tr>\n<tr>\n<td style=\"height: 20px;\" height=\"20\">7<\/td>\n<td>3sat HD<\/td>\n<td>HD<\/td>\n<td>Deutschland<\/td>\n<td>Kultur<\/td>\n<td>Deutsch<\/td>\n<\/tr>\n<tr>\n<td style=\"height: 20px;\" height=\"20\">8<\/td>\n<td>arte HD<\/td>\n<td>HD<\/td>\n<td>Deutschland<\/td>\n<td>Kultur<\/td>\n<td>Deutsch<\/td>\n<\/tr>\n<tr>\n<td style=\"height: 20px;\" height=\"20\">9<\/td>\n<td>SAT 1<\/td>\n<td><\/td>\n<td>Deutschland<\/td>\n<td>Allgemein<\/td>\n<td>Deutsch<\/td>\n<\/tr>\n<tr>\n<td style=\"height: 20px;\" height=\"20\">10<\/td>\n<td>ProSieben<\/td>\n<td><\/td>\n<td>Deutschland<\/td>\n<td>Allgemein<\/td>\n<td>Deutsch<\/td>\n<\/tr>\n<tr>\n<td style=\"height: 20px;\" height=\"20\">11<\/td>\n<td>Kabel eins<\/td>\n<td><\/td>\n<td>Deutschland<\/td>\n<td>Allgemein<\/td>\n<td>Deutsch<\/td>\n<\/tr>\n<tr>\n<td style=\"height: 20px;\" height=\"20\">12<\/td>\n<td>RTL Austria<\/td>\n<td><\/td>\n<td>Deutschland<\/td>\n<td>Allgemein<\/td>\n<td>Deutsch<\/td>\n<\/tr>\n<tr>\n<td style=\"height: 20px;\" height=\"20\">13<\/td>\n<td>RTL2 Austria<\/td>\n<td><\/td>\n<td>Deutschland<\/td>\n<td>Allgemein<\/td>\n<td>Deutsch<\/td>\n<\/tr>\n<tr>\n<td style=\"height: 20px;\" height=\"20\">14<\/td>\n<td>VOX Austria<\/td>\n<td><\/td>\n<td>Deutschland<\/td>\n<td>Allgemein<\/td>\n<td>Deutsch<\/td>\n<\/tr>\n<tr>\n<td style=\"height: 20px;\" height=\"20\">15<\/td>\n<td>Super RTL Austria<\/td>\n<td><\/td>\n<td>Deutschland<\/td>\n<td>Kinderprogramm<\/td>\n<td>Deutsch<\/td>\n<\/tr>\n<tr>\n<td style=\"height: 20px;\" height=\"20\">16<\/td>\n<td>KIKA HD<\/td>\n<td>HD<\/td>\n<td>Deutschland<\/td>\n<td>Kinderprogramm<\/td>\n<td>Deutsch<\/td>\n<\/tr>\n<tr>\n<td style=\"height: 20px;\" height=\"20\">17<\/td>\n<td>Nickelodeon<\/td>\n<td><\/td>\n<td>Deutschland<\/td>\n<td>Kinderprogramm<\/td>\n<td>Deutsch<\/td>\n<\/tr>\n<tr>\n<td style=\"height: 20px;\" height=\"20\">18<\/td>\n<td>Sat 1 Gold<\/td>\n<td><\/td>\n<td>Deutschland<\/td>\n<td>Allgemein<\/td>\n<td>Deutsch<\/td>\n<\/tr>\n<tr>\n<td style=\"height: 20px;\" height=\"20\">19<\/td>\n<td>Pro7 Maxx<\/td>\n<td><\/td>\n<td>Deutschland<\/td>\n<td>Allgemein<\/td>\n<td>Deutsch<\/td>\n<\/tr>\n<tr>\n<td style=\"height: 20px;\" height=\"20\">20<\/td>\n<td>kabel eins Doku<\/td>\n<td><\/td>\n<td>Deutschland<\/td>\n<td>Dokus\/Reportagen<\/td>\n<td>Deutsch<\/td>\n<\/tr>\n<tr>\n<td style=\"height: 20px;\" height=\"20\">21<\/td>\n<td>N24 Doku Austria<\/td>\n<td><\/td>\n<td>Deutschland<\/td>\n<td>Dokus\/Reportagen<\/td>\n<td>Deutsch<\/td>\n<\/tr>\n<tr>\n<td style=\"height: 20px;\" height=\"20\">22<\/td>\n<td>DMAX Austria<\/td>\n<td><\/td>\n<td>Deutschland<\/td>\n<td>Dokus\/Reportagen<\/td>\n<td>Deutsch<\/td>\n<\/tr>\n<tr>\n<td style=\"height: 20px;\" height=\"20\">23<\/td>\n<td>Eurosport<\/td>\n<td><\/td>\n<td>Deutschland<\/td>\n<td>Sport<\/td>\n<td>Deutsch<\/td>\n<\/tr>\n<tr>\n<td style=\"height: 20px;\" height=\"20\">24<\/td>\n<td>oe24.TV HD<\/td>\n<td>HD<\/td>\n<td>\u00d6sterreich<\/td>\n<td>Nachrichten<\/td>\n<td>Deutsch<\/td>\n<\/tr>\n<tr>\n<td style=\"height: 20px;\" height=\"20\">25<\/td>\n<td>Welt<\/td>\n<td><\/td>\n<td>Deutschland<\/td>\n<td>Nachrichten<\/td>\n<td>Deutsch<\/td>\n<\/tr>\n<tr>\n<td style=\"height: 20px;\" height=\"20\">26<\/td>\n<td>Euronews<\/td>\n<td><\/td>\n<td>Deutschland<\/td>\n<td>Nachrichten<\/td>\n<td>Deutsch<\/td>\n<\/tr>\n<tr>\n<td style=\"height: 20px;\" height=\"20\">27<\/td>\n<td>Servus TV HD<\/td>\n<td>HD<\/td>\n<td>Deutschland<\/td>\n<td>Allgemein<\/td>\n<td>Deutsch<\/td>\n<\/tr>\n<tr>\n<td style=\"height: 20px;\" height=\"20\">28<\/td>\n<td>ZDFinfo HD<\/td>\n<td>HD<\/td>\n<td>Deutschland<\/td>\n<td>Dokus\/Reportagen<\/td>\n<td>Deutsch<\/td>\n<\/tr>\n<tr>\n<td style=\"height: 20px;\" height=\"20\">29<\/td>\n<td>zdf_neo HD<\/td>\n<td>HD<\/td>\n<td>Deutschland<\/td>\n<td>Allgemein<\/td>\n<td>Deutsch<\/td>\n<\/tr>\n<tr>\n<td style=\"height: 20px;\" height=\"20\">30<\/td>\n<td>SWR Fernsehen HD<\/td>\n<td>HD<\/td>\n<td>Deutschland<\/td>\n<td>Allgemein<\/td>\n<td>Deutsch<\/td>\n<\/tr>\n<tr>\n<td style=\"height: 20px;\" height=\"20\">31<\/td>\n<td>ComedyCentral<\/td>\n<td><\/td>\n<td>Deutschland<\/td>\n<td>Verschiedenes<\/td>\n<td>Deutsch<\/td>\n<\/tr>\n<tr>\n<td style=\"height: 20px;\" height=\"20\">32<\/td>\n<td>Deluxe Music<\/td>\n<td><\/td>\n<td>Deutschland<\/td>\n<td>Musik<\/td>\n<td>Deutsch<\/td>\n<\/tr>\n<tr>\n<td style=\"height: 20px;\" height=\"20\">33<\/td>\n<td>GoTV neu<\/td>\n<td><\/td>\n<td>\u00d6sterreich<\/td>\n<td>Musik<\/td>\n<td>Deutsch<\/td>\n<\/tr>\n<tr>\n<td style=\"height: 20px;\" height=\"20\">34<\/td>\n<td>Starparadies AT<\/td>\n<td><\/td>\n<td>\u00d6sterreich<\/td>\n<td>Musik<\/td>\n<td>Deutsch<\/td>\n<\/tr>\n<tr>\n<td style=\"height: 20px;\" height=\"20\">35<\/td>\n<td>Melodie TV<\/td>\n<td><\/td>\n<td>\u00d6sterreich<\/td>\n<td>Musik<\/td>\n<td>Deutsch<\/td>\n<\/tr>\n<tr>\n<td style=\"height: 20px;\" height=\"20\">36<\/td>\n<td>Schlager TV<\/td>\n<td><\/td>\n<td>Deutschland<\/td>\n<td>Musik<\/td>\n<td>Deutsch<\/td>\n<\/tr>\n<tr>\n<td style=\"height: 20px;\" height=\"20\">37<\/td>\n<td>R9 \u00d6sterreich HD<\/td>\n<td>HD<\/td>\n<td>\u00d6sterreich<\/td>\n<td>Regional Programm<\/td>\n<td>Deutsch<\/td>\n<\/tr>\n<tr>\n<td style=\"height: 20px;\" height=\"20\">38<\/td>\n<td>RTL Schweiz<\/td>\n<td><\/td>\n<td>Schweiz<\/td>\n<td>Allgemein<\/td>\n<td>Deutsch<\/td>\n<\/tr>\n<tr>\n<td style=\"height: 20px;\" height=\"20\">39<\/td>\n<td>Vox Schweiz<\/td>\n<td><\/td>\n<td>Schweiz<\/td>\n<td>Allgemein<\/td>\n<td>Deutsch<\/td>\n<\/tr>\n<tr>\n<td style=\"height: 20px;\" height=\"20\">40<\/td>\n<td>Schweiz 5<\/td>\n<td><\/td>\n<td>Schweiz<\/td>\n<td>Allgemein<\/td>\n<td>Deutsch<\/td>\n<\/tr>\n<tr>\n<td style=\"height: 20px;\" height=\"20\">41<\/td>\n<td>M6 Suisse<\/td>\n<td>HD<\/td>\n<td>Schweiz<\/td>\n<td>Allgemein<\/td>\n<td>Franz\u00f6sich<\/td>\n<\/tr>\n<tr>\n<td style=\"height: 20px;\" height=\"20\">42<\/td>\n<td>6ter Suisse<\/td>\n<td><\/td>\n<td>Schweiz<\/td>\n<td>Allgemein<\/td>\n<td>Franz\u00f6sich<\/td>\n<\/tr>\n<tr>\n<td style=\"height: 20px;\" height=\"20\">43<\/td>\n<td>W9 Suisse<\/td>\n<td><\/td>\n<td>Schweiz<\/td>\n<td>Allgemein<\/td>\n<td>Franz\u00f6sich<\/td>\n<\/tr>\n<tr>\n<td style=\"height: 20px;\" height=\"20\">44<\/td>\n<td>France 24<\/td>\n<td><\/td>\n<td>Frankreich<\/td>\n<td>Nachrichten<\/td>\n<td>Franz\u00f6sich<\/td>\n<\/tr>\n<tr>\n<td style=\"height: 20px;\" height=\"20\">45<\/td>\n<td>TV5Monde<\/td>\n<td><\/td>\n<td>Frankreich<\/td>\n<td>Allgemein<\/td>\n<td>Franz\u00f6sich<\/td>\n<\/tr>\n<tr>\n<td style=\"height: 20px;\" height=\"20\">46<\/td>\n<td>Euronews Fr<\/td>\n<td><\/td>\n<td>Frankreich<\/td>\n<td>Nachrichten<\/td>\n<td>Franz\u00f6sich<\/td>\n<\/tr>\n<tr>\n<td style=\"height: 20px;\" height=\"20\">47<\/td>\n<td>MB Live HD<\/td>\n<td>HD<\/td>\n<td>Frankreich<\/td>\n<td>Verschiedenes<\/td>\n<td>Franz\u00f6sich<\/td>\n<\/tr>\n<tr>\n<td style=\"height: 20px;\" height=\"20\">48<\/td>\n<td>BVN<\/td>\n<td><\/td>\n<td>Holland<\/td>\n<td>Allgemein<\/td>\n<td>Niederl\u00e4ndisch<\/td>\n<\/tr>\n<tr>\n<td style=\"height: 20px;\" height=\"20\">49<\/td>\n<td>NL Regio 1 (Noord, Ost..)<\/td>\n<td><\/td>\n<td>Holland<\/td>\n<td>Regional Programm<\/td>\n<td>Niederl\u00e4ndisch<\/td>\n<\/tr>\n<tr>\n<td style=\"height: 20px;\" height=\"20\">50<\/td>\n<td>NL Regio 2 (RTV, L1,..)<\/td>\n<td><\/td>\n<td>Holland<\/td>\n<td>Regional Programm<\/td>\n<td>Niederl\u00e4ndisch<\/td>\n<\/tr>\n<tr>\n<td style=\"height: 20px;\" height=\"20\">51<\/td>\n<td>TV Oranje<\/td>\n<td><\/td>\n<td>Holland<\/td>\n<td>Allgemein<\/td>\n<td>Niederl\u00e4ndisch<\/td>\n<\/tr>\n<tr>\n<td style=\"height: 20px;\" height=\"20\">52<\/td>\n<td>EnjoyTV<\/td>\n<td>HD<\/td>\n<td>Holland<\/td>\n<td>Kultur<\/td>\n<td>Niederl\u00e4ndisch<\/td>\n<\/tr>\n<tr>\n<td style=\"height: 20px;\" height=\"20\">53<\/td>\n<td>Nashville TV<\/td>\n<td><\/td>\n<td>Holland<\/td>\n<td>Musik<\/td>\n<td>NL\/Eng<\/td>\n<\/tr>\n<tr>\n<td style=\"height: 20px;\" height=\"20\">54<\/td>\n<td>BBC World News HD<\/td>\n<td>HD<\/td>\n<td>England<\/td>\n<td>Nachrichten<\/td>\n<td>Englisch<\/td>\n<\/tr>\n<tr>\n<td style=\"height: 20px;\" height=\"20\">55<\/td>\n<td>Cnn Int<\/td>\n<td><\/td>\n<td>USA<\/td>\n<td>Nachrichten<\/td>\n<td>Englisch<\/td>\n<\/tr>\n<tr>\n<td style=\"height: 20px;\" height=\"20\">56<\/td>\n<td>CNBC<\/td>\n<td><\/td>\n<td>England<\/td>\n<td>Nachrichten<\/td>\n<td>Englisch<\/td>\n<\/tr>\n<tr>\n<td style=\"height: 20px;\" height=\"20\">57<\/td>\n<td>Bloomberg<\/td>\n<td><\/td>\n<td>England<\/td>\n<td>Wirtschaft<\/td>\n<td>Englisch<\/td>\n<\/tr>\n<tr>\n<td style=\"height: 20px;\" height=\"20\">58<\/td>\n<td>Fashion One<\/td>\n<td><\/td>\n<td>England<\/td>\n<td>Verschiedenes<\/td>\n<td>Englisch<\/td>\n<\/tr>\n<tr>\n<td style=\"height: 20px;\" height=\"20\">59<\/td>\n<td>DW English<\/td>\n<td><\/td>\n<td>Deutschland<\/td>\n<td>Nachrichten<\/td>\n<td>Englisch<\/td>\n<\/tr>\n<tr>\n<td style=\"height: 20px;\" height=\"20\">60<\/td>\n<td>France 24 Eng<\/td>\n<td><\/td>\n<td>Frankreich<\/td>\n<td>Nachrichten<\/td>\n<td>Englisch<\/td>\n<\/tr>\n<tr>\n<td style=\"height: 20px;\" height=\"20\">61<\/td>\n<td>Russia Today Eng<\/td>\n<td><\/td>\n<td>Russland<\/td>\n<td>Nachrichten<\/td>\n<td>Englisch<\/td>\n<\/tr>\n<tr>\n<td style=\"height: 20px;\" height=\"20\">62<\/td>\n<td>TRT World HD<\/td>\n<td>HD<\/td>\n<td>T\u00fcrkei<\/td>\n<td>Nachrichten<\/td>\n<td>Englisch<\/td>\n<\/tr>\n<tr>\n<td style=\"height: 20px;\" height=\"20\">63<\/td>\n<td>Al Jazerra English HD<\/td>\n<td>HD<\/td>\n<td>Katar<\/td>\n<td>Nachrichten<\/td>\n<td>Englisch<\/td>\n<\/tr>\n<tr>\n<td style=\"height: 20px;\" height=\"20\">64<\/td>\n<td>NHK World HD<\/td>\n<td>HD<\/td>\n<td>Japan<\/td>\n<td>Nachrichten<\/td>\n<td>Englisch<\/td>\n<\/tr>\n<tr>\n<td style=\"height: 20px;\" height=\"20\">65<\/td>\n<td>CGTN<\/td>\n<td>HD<\/td>\n<td>China<\/td>\n<td>Nachrichten<\/td>\n<td>Englisch<\/td>\n<\/tr>\n<tr>\n<td style=\"height: 20px;\" height=\"20\">66<\/td>\n<td>CGTN Documentary<\/td>\n<td><\/td>\n<td>China<\/td>\n<td>Dokus\/Reportagen<\/td>\n<td>Englisch<\/td>\n<\/tr>\n<tr>\n<td style=\"height: 20px;\" height=\"20\">67<\/td>\n<td>CT 24 HD<\/td>\n<td>HD<\/td>\n<td>Tschechien<\/td>\n<td>Nachrichten<\/td>\n<td>Tschechisch<\/td>\n<\/tr>\n<tr>\n<td style=\"height: 20px;\" height=\"20\">68<\/td>\n<td>Rai 1<\/td>\n<td><\/td>\n<td>Italien<\/td>\n<td>Allgemein<\/td>\n<td>Italienisch<\/td>\n<\/tr>\n<tr>\n<td style=\"height: 20px;\" height=\"20\">69<\/td>\n<td>Rai 2<\/td>\n<td><\/td>\n<td>Italien<\/td>\n<td>Allgemein<\/td>\n<td>Italienisch<\/td>\n<\/tr>\n<tr>\n<td style=\"height: 20px;\" height=\"20\">70<\/td>\n<td>Rai 3<\/td>\n<td><\/td>\n<td>Italien<\/td>\n<td>Allgemein<\/td>\n<td>Italienisch<\/td>\n<\/tr>\n<tr>\n<td style=\"height: 20px;\" height=\"20\">71<\/td>\n<td>Rai News 24<\/td>\n<td><\/td>\n<td>Italien<\/td>\n<td>Nachrichten<\/td>\n<td>Italienisch<\/td>\n<\/tr>\n<tr>\n<td style=\"height: 20px;\" height=\"20\">72<\/td>\n<td>CGTN F<\/td>\n<td><\/td>\n<td>China<\/td>\n<td>Allgemein<\/td>\n<td>Franz\u00f6sich<\/td>\n<\/tr>\n<tr>\n<td style=\"height: 20px;\" height=\"20\">73<\/td>\n<td>TVE Int. Europa<\/td>\n<td><\/td>\n<td>Spanien<\/td>\n<td>Nachrichten<\/td>\n<td>Spanisch<\/td>\n<\/tr>\n<tr>\n<td style=\"height: 20px;\" height=\"20\">74<\/td>\n<td>Canal 24 Horas<\/td>\n<td><\/td>\n<td>Spanien<\/td>\n<td>Nachrichten<\/td>\n<td>Spanisch<\/td>\n<\/tr>\n<tr>\n<td style=\"height: 20px;\" height=\"20\">75<\/td>\n<td>Phoenix Infonews<\/td>\n<td><\/td>\n<td>China<\/td>\n<td>Nachrichten<\/td>\n<td>Chinesisch<\/td>\n<\/tr>\n<tr>\n<td style=\"height: 20px;\" height=\"20\">76<\/td>\n<td>NetViet<\/td>\n<td><\/td>\n<td>Vietnam<\/td>\n<td>Verschiedenes<\/td>\n<td>Vietnamesisch<\/td>\n<\/tr>\n<tr>\n<td style=\"height: 20px;\" height=\"20\">77<\/td>\n<td>Thai Global Network<\/td>\n<td><\/td>\n<td>Thailand<\/td>\n<td>Allgemein<\/td>\n<td>Thail\u00e4ndisch<\/td>\n<\/tr>\n<tr>\n<td style=\"height: 20px;\" height=\"20\">78<\/td>\n<td>TVK<\/td>\n<td><\/td>\n<td>Kambodscha<\/td>\n<td>Allgemein<\/td>\n<td>Kambodschanisch<\/td>\n<\/tr>\n<tr>\n<td style=\"height: 20px;\" height=\"20\">79<\/td>\n<td>ROSSIYA24<\/td>\n<td><\/td>\n<td>Russland<\/td>\n<td>Nachrichten<\/td>\n<td>Russisch<\/td>\n<\/tr>\n<tr>\n<td style=\"height: 20px;\" height=\"20\">80<\/td>\n<td>NTV MIR<\/td>\n<td><\/td>\n<td>Russland<\/td>\n<td>Allgemein<\/td>\n<td>Russisch<\/td>\n<\/tr>\n<tr>\n<td style=\"height: 20px;\" height=\"20\">81<\/td>\n<td>RTR<\/td>\n<td><\/td>\n<td>Russland<\/td>\n<td>Allgemein<\/td>\n<td>Russisch<\/td>\n<\/tr>\n<tr>\n<td style=\"height: 20px;\" height=\"20\">82<\/td>\n<td>STS International<\/td>\n<td><\/td>\n<td>Russland<\/td>\n<td>Allgemein<\/td>\n<td>Russisch<\/td>\n<\/tr>\n<tr>\n<td style=\"height: 20px;\" height=\"20\">83<\/td>\n<td>THT<\/td>\n<td><\/td>\n<td>Russland<\/td>\n<td>Allgemein<\/td>\n<td>Russisch<\/td>\n<\/tr>\n<tr>\n<td style=\"height: 20px;\" height=\"20\">84<\/td>\n<td>Music Box Russia<\/td>\n<td><\/td>\n<td>Russland<\/td>\n<td>Musik<\/td>\n<td>Russisch<\/td>\n<\/tr>\n<tr>\n<td style=\"height: 20px;\" height=\"20\">85<\/td>\n<td>8 TV RU<\/td>\n<td><\/td>\n<td>Russland<\/td>\n<td>Allgemein<\/td>\n<td>Russisch<\/td>\n<\/tr>\n<tr>\n<td style=\"height: 20px;\" height=\"20\">86<\/td>\n<td>Vozrojdenie.tv<\/td>\n<td><\/td>\n<td>Russland<\/td>\n<td>Kultur<\/td>\n<td>Russisch<\/td>\n<\/tr>\n<tr>\n<td style=\"height: 20px;\" height=\"20\">87<\/td>\n<td>Shanson TV<\/td>\n<td><\/td>\n<td>Russland<\/td>\n<td>Musik<\/td>\n<td>Russisch<\/td>\n<\/tr>\n<tr>\n<td style=\"height: 20px;\" height=\"20\">88<\/td>\n<td>Karusel TV<\/td>\n<td><\/td>\n<td>Russland<\/td>\n<td>Kinderprogramm<\/td>\n<td>Russisch<\/td>\n<\/tr>\n<tr>\n<td style=\"height: 20px;\" height=\"20\">89<\/td>\n<td>RTG International<\/td>\n<td><\/td>\n<td>Russland<\/td>\n<td>Nachrichten<\/td>\n<td>Russisch<\/td>\n<\/tr>\n<tr>\n<td style=\"height: 20px;\" height=\"20\">90<\/td>\n<td>France 24 Arabic<\/td>\n<td><\/td>\n<td>Frankreich<\/td>\n<td>Nachrichten<\/td>\n<td>Arabisch<\/td>\n<\/tr>\n<tr>\n<td style=\"height: 20px;\" height=\"20\">91<\/td>\n<td>Canal Algerie<\/td>\n<td><\/td>\n<td>Algerien<\/td>\n<td>Allgemein<\/td>\n<td>Arabisch<\/td>\n<\/tr>\n<tr>\n<td style=\"height: 20px;\" height=\"20\">92<\/td>\n<td>Algerie 3<\/td>\n<td><\/td>\n<td>Algerien<\/td>\n<td>Kultur<\/td>\n<td>Arabisch<\/td>\n<\/tr>\n<tr>\n<td style=\"height: 20px;\" height=\"20\">93<\/td>\n<td>2M Monde<\/td>\n<td><\/td>\n<td>Marokko<\/td>\n<td>Allgemein<\/td>\n<td>Arabisch<\/td>\n<\/tr>\n<tr>\n<td style=\"height: 20px;\" height=\"20\">94<\/td>\n<td>TV TAMAZIGHT<\/td>\n<td><\/td>\n<td>Algerien<\/td>\n<td>Allgemein<\/td>\n<td>Arabisch<\/td>\n<\/tr>\n<tr>\n<td style=\"height: 20px;\" height=\"20\">95<\/td>\n<td>Suryoyo Sat<\/td>\n<td><\/td>\n<td>Syrien<\/td>\n<td>Verschiedenes<\/td>\n<td>Arabisch<\/td>\n<\/tr>\n<\/tbody>\n<\/table>","protected":false},"excerpt":{"rendered":"<p>Lagernd und nach Bestelleingang innerhalb von 10-20 Werktagen fertig gestellt! Satmedia Komplettset f\u00fcr eine Hotel HD Kabelkopfstation \/ Kabelkopfstelle mit \u00fcber 90 [&hellip;]<\/p>","protected":false},"featured_media":1534,"template":"","meta":[],"product_cat":[41,39],"product_tag":[],"_links":{"self":[{"href":"https:\/\/satmediawp.edv-kroiss.com\/en\/wp-json\/wp\/v2\/product\/1549"}],"collection":[{"href":"https:\/\/satmediawp.edv-kroiss.com\/en\/wp-json\/wp\/v2\/product"}],"about":[{"href":"https:\/\/satmediawp.edv-kroiss.com\/en\/wp-json\/wp\/v2\/types\/product"}],"wp:featuredmedia":[{"embeddable":true,"href":"https:\/\/satmediawp.edv-kroiss.com\/en\/wp-json\/wp\/v2\/media\/1534"}],"wp:attachment":[{"href":"https:\/\/satmediawp.edv-kroiss.com\/en\/wp-json\/wp\/v2\/media?parent=1549"}],"wp:term":[{"taxonomy":"product_cat","embeddable":true,"href":"https:\/\/satmediawp.edv-kroiss.com\/en\/wp-json\/wp\/v2\/product_cat?post=1549"},{"taxonomy":"product_tag","embeddable":true,"href":"https:\/\/satmediawp.edv-kroiss.com\/en\/wp-json\/wp\/v2\/product_tag?post=1549"}],"curies":[{"name":"wp","href":"https:\/\/api.w.org\/{rel}","templated":true}]}}