{"id":1550,"date":"2018-10-29T11:02:01","date_gmt":"2018-10-29T11:02:01","guid":{"rendered":"https:\/\/satmediawp.edv-kroiss.com\/produkt\/hotel-sat-auf-kabel-kopfstation-set-8-4-ci-60-sender-inkl-orf-hd-komplett-atv-hd-atv2\/"},"modified":"2024-05-17T11:20:23","modified_gmt":"2024-05-17T09:20:23","slug":"hotel-sat-auf-kabel-kopfstation-set-8-4-ci-60-sender-inkl-orf-hd-komplett-atv-hd-atv2","status":"publish","type":"product","link":"https:\/\/satmediawp.edv-kroiss.com\/en\/product\/hotel-sat-auf-kabel-kopfstation-set-8-4-ci-60-sender-inkl-orf-hd-komplett-atv-hd-atv2\/","title":{"rendered":"Hotel Sat auf Kabel Kopfstation Set 8.4 CI (60 Sender inkl. ORF HD Komplett + ATV HD\/ATV2)"},"content":{"rendered":"<p>Lagernd und nach Bestelleingang innerhalb von 7-14 Werktagen fertig gestellt! <\/p>\n<p>Satmedia Komplettset f\u00fcr eine Hotel HD Kabelkopfstation \/ Kabelkopfstelle mit \u00fcber 60 Sendern inkl. aller ORF HD Programme und ATV HD + ATV2<br \/>Unsere  Sets sind komplett ausgestattet inkl. aller ben\u00f6tigten Komponenten  (Professional CAMs f\u00fcr die Entschl\u00fcsselung der ORF-Programme,  Multischalter) und programmiert mit den HD-Kan\u00e4len von ORF und den  HD-Kan\u00e4len der deutschen \u00f6ffentlich rechtlichen Fernsehsender.<br \/>Die SD-Abschaltung von ARD\/ZDF und co ist derzeit mit Ende des Jahres geplant.<br \/>Dieses Set ben\u00f6tigt 3 ORF-Smartcards zur Entschl\u00fcsselung der Programme. Senderliste siehe weiter unten.<\/p>\n<p>Die Vorteile unserer Kopfstation kurz zusammengefasst:<\/p>\n<ul>\n<li>Komplett-Set &#8211; Auslieferung vorkonfiguriert inkl. aller notwendiger Komponenten &#8211; Individuelle Senderreihenfolge.<\/li>\n<li>Senderliste wird in Kopfstelle programmiert &#8211; TV-Ger\u00e4te \u00fcbernehmen die Senderliste beim Suchlauf.<\/li>\n<li>\u00c4nderungen der Senderliste werden im TV-Ger\u00e4t ohne Sendersuchlauf \u00fcbernommen (TV muss NIT unterst\u00fctzen. LG und Samsung getestet)<\/li>\n<li>Unbegrenzte Anzahl an TV-Ger\u00e4te anschlie\u00dfbar &#8211; Kein Limit<\/li>\n<li>Programmierung \u00fcber Webinterface\/Netzwerk. Fernwartung \u00fcber Teamviewer m\u00f6glich.<\/li>\n<li>ORF tauglich &#8211; ORF Module im Lieferumfang enthalten. Es werden nur die ORF-Smartcards ben\u00f6tigt.<\/li>\n<li>HD-Tauglich &#8211; Bereit f\u00fcr die SD Abschaltung von ARD\/ZDF\/Co<\/li>\n<li>Unbegrenzte Anzahl an Teilnehmer (TV-Ger\u00e4te)<\/li>\n<li>Neue Dynamische Transponderverteilung &#8211; Keine Kabelumsteckung bei Transponderwechsel notwendig. Fernwartung dadurch \u00fcber zB. Teamviewer m\u00f6glich.<\/li>\n<li>Jederzeit erweiterbar f\u00fcr bis \u00fcber 300 Sender<\/li>\n<li>Integrierbar in bestehende Kopfstelle<\/li>\n<li>Optional: Redundante Stromversorgung (Kein Ausfall bei einem Defekt des Netzteiles)<\/li>\n<li>Optional: Infokanal Einspielung \u00fcber Audio\/Video Input<\/li>\n<li>Optional: Optische \u00dcbertragung: Leitungsl\u00e4ngen von \u00fcber 10km m\u00f6glich\n<\/li>\n<\/ul>\n<p><b>Voraussetzungen:<\/b><\/p>\n<ul>\n<li>TV-Ger\u00e4t mit integriertem DVB-C HD Tuner (QAM 6900)<\/li>\n<li>F\u00fcr automatische Kanalsortierung TV-Ger\u00e4t mit NIT Funktion<\/li>\n<li>Astra Satelliten Antenne (Nur eine Koax-Leitung von Antenne zur Kopfstation ben\u00f6tigt)<\/li>\n<li>3 x ORF-Smartcards &#8211; Kann \u00fcber uns bezogen werden.\n<\/li>\n<\/ul>\n<p><b><b><b>Liefer-\/Leistungsumfang<\/b><\/b><\/b><\/p>\n<ul>\n<li>Terra Kopfstation Komplett-Set <\/li>\n<li>Individuelle Programmierung inklusive!<\/li>\n<li>Ausmessung und Justierung aller DVB-C Kan\u00e4le!<\/li>\n<li>Modul Terra SDQ480<\/li>\n<li>2 x Modul Terra SDQ420 CI<\/li>\n<li>3 x Irdeto CI+ CAM PRO<\/li>\n<li>Netzteil Terra SUP413<\/li>\n<li>Unicable Multischalter Anlage f\u00fcr 2 Satelliten und 32 Transponder (Vorbereitet f\u00fcr Kopfstelle bis ca. 150 Sender)<\/li>\n<li>2 x WB-LNBs (Vorbereitet f\u00fcr Astra\/Hotbird)<\/li>\n<li>Plug &amp; Play: Alle notwendigen Verbindungskabel\/Stecker\/Hutschiene<\/li>\n<\/ul>\n<p><b><br \/><\/b><\/p>\n<p><b>Montage\/Service Partner<\/b><\/p>\n<ul>\n<li>Finden Sie Ihren Verkaufs- und Montage\/Servicepartner in Ihrem Bundesland aus unserem<b> <a href=\"https:\/\/hotel-kopfstation.com\/haendler\/\" target=\"_blank\" rel=\"noopener\">Vertriebspartner Verzeichnis<\/a>.<br \/><\/b><\/li>\n<\/ul>\n<p><b><br \/><\/b><b>Vorgeschlagene Senderliste: <\/b><br \/>(individuell \u00e4nderbar)<\/p>\n<p>01&nbsp;&nbsp;&nbsp; ORF1 <b>HD<\/b><br \/>02&nbsp;&nbsp;&nbsp; ORF2 W <b>HD<\/b><br \/>03&nbsp;&nbsp;&nbsp; ORF III <b>HD<\/b><br \/>04&nbsp;&nbsp;&nbsp; ORF Sport+ <b>HD<br \/><\/b>05&nbsp;&nbsp;&nbsp; ATV <b>HD<\/b><br \/>06&nbsp;&nbsp;&nbsp; ATV2<br \/>07 &nbsp;&nbsp; ServusTV <b>HD&nbsp;&nbsp;&nbsp; <\/b><br \/>08 &nbsp;&nbsp; Das Erste <b>HD<\/b><br \/>09 &nbsp;&nbsp; ZDF <b>HD<\/b><br \/>10 &nbsp;&nbsp; 3sat <b>HD<\/b><br \/>11 &nbsp;&nbsp; arte <b>HD<\/b><br \/>12 &nbsp;&nbsp; SAT 1&nbsp;&nbsp;&nbsp; <br \/>13 &nbsp;&nbsp; ProSieben&nbsp;&nbsp;&nbsp; <br \/>14 &nbsp;&nbsp; Kabel eins&nbsp;&nbsp;&nbsp; <br \/>15 &nbsp;&nbsp; RTL Television&nbsp;&nbsp;&nbsp; <br \/>16 &nbsp;&nbsp; RTL2&nbsp;&nbsp;&nbsp; <br \/>17 &nbsp;&nbsp; VOX&nbsp;&nbsp;&nbsp; <br \/>18 &nbsp;&nbsp; RTLPlus&nbsp;&nbsp;&nbsp; <br \/>19 &nbsp;&nbsp; NITRO&nbsp;&nbsp;&nbsp; <br \/>20 &nbsp;&nbsp; Super RTL&nbsp;&nbsp;&nbsp; <br \/>21 &nbsp;&nbsp; TOGGO plus&nbsp;&nbsp;&nbsp; <br \/>22 &nbsp;&nbsp; KIKA <b>HD<\/b><br \/>23 &nbsp;&nbsp; Disney Channel&nbsp;&nbsp;&nbsp; <br \/>24 &nbsp;&nbsp; Nickelodeon&nbsp;&nbsp;&nbsp; <br \/>25 &nbsp;&nbsp; Sat 1 Gold&nbsp;&nbsp;&nbsp; <br \/>26 &nbsp;&nbsp; Pro7 Maxx&nbsp;&nbsp;&nbsp; <br \/>27 &nbsp;&nbsp; kabel eins Doku&nbsp;&nbsp;&nbsp; <br \/>28 &nbsp;&nbsp; N24 DOKU Austria&nbsp;&nbsp;&nbsp; <br \/>29&nbsp;&nbsp; DMAX Austria&nbsp;&nbsp;&nbsp; <br \/>30 &nbsp;&nbsp; SIXX&nbsp;&nbsp;&nbsp; <br \/>31 &nbsp;&nbsp; Welt&nbsp;&nbsp;&nbsp; <br \/>32 &nbsp;&nbsp; n-tv&nbsp;&nbsp;&nbsp; <br \/>33 &nbsp;&nbsp; oe24.TV <b>HD<\/b><br \/>34 &nbsp;&nbsp; ZDFinfo <b>HD<\/b><br \/>35 &nbsp;&nbsp; zdf_neo <b>HD<\/b><br \/>36 &nbsp;&nbsp; SWR Fernsehen BW <b>HD<\/b><br \/>37 &nbsp;&nbsp; TLC&nbsp;&nbsp;&nbsp; <br \/>38 &nbsp;&nbsp; Anixe SD&nbsp;&nbsp;&nbsp; <br \/>39 &nbsp;&nbsp; France 24 ENG<br \/>40 &nbsp;&nbsp; Russia Today&nbsp;&nbsp;&nbsp; <br \/>41 &nbsp;&nbsp; CGTN Documentary&nbsp;&nbsp;&nbsp; <br \/>42 &nbsp;&nbsp; CGTN&nbsp;&nbsp;&nbsp; <br \/>43 &nbsp;&nbsp; TRT World <b>HD<\/b><br \/>44 &nbsp;&nbsp; France 24 FRA<br \/>45 &nbsp;&nbsp; CGTN F&nbsp;&nbsp;&nbsp; <br \/>46 &nbsp;&nbsp; TV5MONDE EUROPE&nbsp;&nbsp;&nbsp; <br \/>47 &nbsp;&nbsp; France 24 ARA<br \/>48 &nbsp;&nbsp; Deluxe Music&nbsp;&nbsp;&nbsp; <br \/>49 &nbsp;&nbsp; Comedy Central&nbsp;&nbsp;&nbsp; <br \/>50 &nbsp;&nbsp; Gotv neu&nbsp;&nbsp;&nbsp; <br \/>51 &nbsp;&nbsp; Melodie TV Neu&nbsp;&nbsp;&nbsp; <br \/>52 &nbsp;&nbsp; Starparadies A&nbsp;&nbsp;&nbsp; <br \/>53 &nbsp;&nbsp; R9 Oesterreich <b>HD<br \/><\/b>54 &nbsp;&nbsp; Schweiz 5<br \/>55 &nbsp;&nbsp; Aristo.TV<br \/>56&nbsp;&nbsp;&nbsp;&nbsp;Volksmusik<br \/>57&nbsp;&nbsp;&nbsp;&nbsp;BibelTV <b>HD<\/b><br \/>58&nbsp;&nbsp;&nbsp;&nbsp;Schau TV <b>HD<\/b><br \/>59&nbsp;&nbsp;&nbsp;&nbsp;Starparadies AT<br \/>60&nbsp;&nbsp;&nbsp;&nbsp;HOPE Channel HD<\/p>","protected":false},"excerpt":{"rendered":"<p>Lagernd und nach Bestelleingang innerhalb von 7-14 Werktagen fertig gestellt! Satmedia Komplettset f\u00fcr eine Hotel HD Kabelkopfstation \/ Kabelkopfstelle mit \u00fcber 60 [&hellip;]<\/p>","protected":false},"featured_media":1534,"template":"","meta":[],"product_cat":[41,39],"product_tag":[],"_links":{"self":[{"href":"https:\/\/satmediawp.edv-kroiss.com\/en\/wp-json\/wp\/v2\/product\/1550"}],"collection":[{"href":"https:\/\/satmediawp.edv-kroiss.com\/en\/wp-json\/wp\/v2\/product"}],"about":[{"href":"https:\/\/satmediawp.edv-kroiss.com\/en\/wp-json\/wp\/v2\/types\/product"}],"wp:featuredmedia":[{"embeddable":true,"href":"https:\/\/satmediawp.edv-kroiss.com\/en\/wp-json\/wp\/v2\/media\/1534"}],"wp:attachment":[{"href":"https:\/\/satmediawp.edv-kroiss.com\/en\/wp-json\/wp\/v2\/media?parent=1550"}],"wp:term":[{"taxonomy":"product_cat","embeddable":true,"href":"https:\/\/satmediawp.edv-kroiss.com\/en\/wp-json\/wp\/v2\/product_cat?post=1550"},{"taxonomy":"product_tag","embeddable":true,"href":"https:\/\/satmediawp.edv-kroiss.com\/en\/wp-json\/wp\/v2\/product_tag?post=1550"}],"curies":[{"name":"wp","href":"https:\/\/api.w.org\/{rel}","templated":true}]}}