{"id":1565,"date":"2018-11-12T14:27:36","date_gmt":"2018-11-12T14:27:36","guid":{"rendered":"https:\/\/satmediawp.edv-kroiss.com\/produkt\/selfsat-megasat-profi-line-ii-twin-flachantenne-uhd-staerkster-empfang\/"},"modified":"2024-05-17T11:20:23","modified_gmt":"2024-05-17T09:20:23","slug":"selfsat-megasat-profi-line-ii-twin-flachantenne-uhd-staerkster-empfang","status":"publish","type":"product","link":"https:\/\/satmediawp.edv-kroiss.com\/en\/product\/selfsat-megasat-profi-line-ii-twin-flachantenne-uhd-staerkster-empfang\/","title":{"rendered":"Selfsat Megasat Profi Line II Twin Flachantenne UHD (St\u00e4rkster Empfang)"},"content":{"rendered":"<p>Die Satelliten-Antenne die nicht als solche zu erkennen ist.<br \/>Kompatibel zu Selfsat Montagehalterungen!<\/p>\n<p>Satelliten-Flachantenne mit bester Empfangsleistung. Gleichwertig mit einer herk\u00f6mmlichen 65 cm Parabolantenne.<br \/>  Einfachste Installation an Balkon, Wand, Mast oder am Fenster inkl. Fensterkralle!   <\/p>\n<p>Twin LNB inklusive- Direkter Anschluss f\u00fcr 2 Receiver<br \/>   Kleine Bauweise &#8211; 52,5 cm x 29,0 cm x 6,8 cm   <br \/>Leistung entspricht 65cm Offset\/Parabol Antenne.<\/p>\n<p>Bester Empfang \u2013 flexibel einsetzbar<\/p>\n<p>Die Flachantenne ist die ideale L\u00f6sung um platzsparend und unauff\u00e4llig Satellitenfernsehen zu empfangen. Ihre flache, kompakte und leicht zu montierende Bauweise macht die Antenne (fast) unsichtbar. Das robuste und stabile Geh\u00e4use sch\u00fctzt die hochwertige Elektronik im Inneren vor Witterungseinfl\u00fcssen. Die Empfangsleistung ist gleichwertig mit einem herk\u00f6mmlichen 65 cm Parabolspiegel und eignet sich perfekt f\u00fcr die Montage auf dem Balkon oder direkt an der Hauswand.<\/p>\n<p>Verschiedene Montagem\u00f6glichkeiten f\u00fcr Wand, Mast und Fenstermontage!<\/p>\n<ul>\n<li>Frequenzbereich: 10,7 GHz bis 12,75 GHz<\/li>\n<li>Polarisation: linear (V\/H)<\/li>\n<li>Antennenverst\u00e4rkung: 33,7 dBi @ 12,75 GHz<\/li>\n<li>LNB-Ausgang: 1, 2 oder 4<\/li>\n<li>LNB-Ausgangsfrequenz: 950 \u2013 1,950 MHz \/ 1,100 \u2013 2,150 MHz<\/li>\n<li>L.O.-Frequenz: 9,75 GHz \/ 10,6 GHz<\/li>\n<li>LNB-Verst\u00e4rkung: 60 dB<\/li>\n<li>Gain-Flatness: \u00b10,5 dB \/ 26 MHz<\/li>\n<li>Spannungsversorgung:<\/li>\n<li>12\u201314 V DC (V) \/ 16\u201319 V DC (H)<\/li>\n<li>Stromverbrauch: max. 130 mA<\/li>\n<li>Betriebstemperatur: -20\u00b0 C bis +60\u00b0 C<\/li>\n<li>Lagertemperatur: -40\u00b0 C bis +80\u00b0 C<\/li>\n<\/ul>\n<p><b><br \/>Lieferumfang<\/b><\/p>\n<ul>\n<li>Flachantenne<\/li>\n<li>Twin 2-fach LNB<\/li>\n<li>Wandhalterung<\/li>\n<li>Mast-\/ Balkonhalterung<\/li>\n<li>Fensterhalterung<\/li>\n<li>Werkzeug<\/li>\n<li>Schraubenset<\/li>\n<li>Kompass<\/li>\n<li>Bedienungsanleitung<\/li>\n<\/ul>","protected":false},"excerpt":{"rendered":"<p>Die Satelliten-Antenne die nicht als solche zu erkennen ist.Kompatibel zu Selfsat Montagehalterungen! Satelliten-Flachantenne mit bester Empfangsleistung. Gleichwertig mit einer herk\u00f6mmlichen 65 cm [&hellip;]<\/p>","protected":false},"featured_media":1561,"template":"","meta":[],"product_cat":[46,113],"product_tag":[],"_links":{"self":[{"href":"https:\/\/satmediawp.edv-kroiss.com\/en\/wp-json\/wp\/v2\/product\/1565"}],"collection":[{"href":"https:\/\/satmediawp.edv-kroiss.com\/en\/wp-json\/wp\/v2\/product"}],"about":[{"href":"https:\/\/satmediawp.edv-kroiss.com\/en\/wp-json\/wp\/v2\/types\/product"}],"wp:featuredmedia":[{"embeddable":true,"href":"https:\/\/satmediawp.edv-kroiss.com\/en\/wp-json\/wp\/v2\/media\/1561"}],"wp:attachment":[{"href":"https:\/\/satmediawp.edv-kroiss.com\/en\/wp-json\/wp\/v2\/media?parent=1565"}],"wp:term":[{"taxonomy":"product_cat","embeddable":true,"href":"https:\/\/satmediawp.edv-kroiss.com\/en\/wp-json\/wp\/v2\/product_cat?post=1565"},{"taxonomy":"product_tag","embeddable":true,"href":"https:\/\/satmediawp.edv-kroiss.com\/en\/wp-json\/wp\/v2\/product_tag?post=1565"}],"curies":[{"name":"wp","href":"https:\/\/api.w.org\/{rel}","templated":true}]}}