{"id":1581,"date":"2019-01-16T16:00:49","date_gmt":"2019-01-16T16:00:49","guid":{"rendered":"https:\/\/satmediawp.edv-kroiss.com\/produkt\/hotel-sat-auf-kabel-kopfstation-set-16-4-ci-90-sender-inkl-orf-hd-komplett-atv-hd-puls4\/"},"modified":"2024-05-17T11:20:23","modified_gmt":"2024-05-17T09:20:23","slug":"hotel-sat-auf-kabel-kopfstation-set-16-4-ci-90-sender-inkl-orf-hd-komplett-atv-hd-puls4","status":"publish","type":"product","link":"https:\/\/satmediawp.edv-kroiss.com\/en\/product\/hotel-sat-auf-kabel-kopfstation-set-16-4-ci-90-sender-inkl-orf-hd-komplett-atv-hd-puls4\/","title":{"rendered":"Hotel Sat auf Kabel Kopfstation Set 16.4 CI (>90 Sender inkl. ORF HD Komplett\/ATV HD\/Puls4)"},"content":{"rendered":"<p>Lagernd und nach Bestelleingang innerhalb von 10-20 Werktagen fertig gestellt! <\/p>\n<p>Satmedia Komplettset f\u00fcr eine Hotel HD Kabelkopfstation \/ Kabelkopfstelle mit \u00fcber 90 Sendern inkl. ORF Programme.<br \/>Unsere  Sets sind komplett ausgestattet inkl. aller ben\u00f6tigten Komponenten  (Professional CAMs f\u00fcr die Entschl\u00fcsselung der ORF-Programme,  Multischalter) und programmiert mit den HD-Kan\u00e4len von ORF und den  HD-Kan\u00e4len der deutschen \u00f6ffentlich rechtlichen Fernsehsender.<br \/>Die SD-Abschaltung von ARD\/ZDF und co ist derzeit mit Ende des Jahres geplant.<br \/>Dieses Set ben\u00f6tigt 4 ORF-Smartcards zur Entschl\u00fcsselung aller Programme. Senderliste siehe weiter unten.<\/p>\n<p>Die Vorteile unserer Kopfstation kurz zusammengefasst:<\/p>\n<ul>\n<li>Komplett-Set &#8211; Auslieferung vorkonfiguriert inkl. aller notwendiger Komponenten &#8211; Individuelle Senderreihenfolge.<\/li>\n<li>Senderliste wird in Kopfstelle programmiert &#8211; TV-Ger\u00e4te \u00fcbernehmen die Senderliste beim Suchlauf.<\/li>\n<li>\u00c4nderungen der Senderliste werden im TV-Ger\u00e4t ohne Sendersuchlauf \u00fcbernommen (TV muss NIT unterst\u00fctzen. LG und Samsung getestet)<\/li>\n<li>Unbegrenzte Anzahl an TV-Ger\u00e4te anschlie\u00dfbar &#8211; Kein Limit<\/li>\n<li>Programmierung \u00fcber Webinterface\/Netzwerk. Fernwartung \u00fcber Teamviewer m\u00f6glich.<\/li>\n<li>ORF tauglich &#8211; ORF Module im Lieferumfang enthalten. Es werden nur die ORF-Smartcards ben\u00f6tigt.<\/li>\n<li>HD-Tauglich &#8211; Bereit f\u00fcr die SD Abschaltung von ARD\/ZDF\/Co<\/li>\n<li>Unbegrenzte Anzahl an Teilnehmer (TV-Ger\u00e4te)<\/li>\n<li>Neue Dynamische Transponderverteilung &#8211; Keine Kabelumsteckung bei Transponderwechsel notwendig. Fernwartung dadurch \u00fcber zB. Teamviewer m\u00f6glich.<\/li>\n<li>Jederzeit erweiterbar f\u00fcr bis \u00fcber 300 Sender<\/li>\n<li>Integrierbar in bestehende Kopfstelle<\/li>\n<li>Optional: Redundante Stromversorgung (Kein Ausfall bei einem Defekt des Netzteiles)<\/li>\n<li>Optional: Infokanal Einspielung \u00fcber Audio\/Video Input<\/li>\n<li>Optional: Optische \u00dcbertragung: Leitungsl\u00e4ngen von \u00fcber 10km m\u00f6glich\n<\/li>\n<\/ul>\n<p><b>Voraussetzungen:<\/b><\/p>\n<ul>\n<li>TV-Ger\u00e4t mit integriertem DVB-C HD Tuner (QAM 6900)<\/li>\n<li>F\u00fcr automatische Kanalsortierung TV-Ger\u00e4t mit NIT Funktion<\/li>\n<li>minimum Astra Satelliten Antenne (Nur eine Koax-Leitung von Antenne zur Kopfstation ben\u00f6tigt)<\/li>\n<li>Bei Einsatz aller 4 Satelliten (LNBs im Lieferumfang) werden 2 Leitungen von der SAT-Antenne zur Kopfstelle empfohlen.<\/li>\n<li>4 x ORF-Smartcards &#8211; K\u00f6nnen \u00fcber uns bestellt werden.\n<\/li>\n<\/ul>\n<p><b><b><b><b><b>Liefer-\/Leistungsumfang<\/b><\/b><\/b><\/b><\/b><\/p>\n<ul>\n<li>Terra Kopfstation Komplett-Set <\/li>\n<li>Individuelle Programmierung inklusive!<\/li>\n<li>Ausmessung und Justierung aller DVB-C Kan\u00e4le!<\/li>\n<li>2 x Modul Terra SDQ480<\/li>\n<li>2 x Modul Terra SDQ420 CI<\/li>\n<li>4 x Irdeto CI+ CAM PRO<\/li>\n<li>2 x Netzteil Terra SUP413<\/li>\n<li>Unicable Multischalter Anlage f\u00fcr 4 Satelliten und 32 Teilnehmer (Vorbereitet f\u00fcr Kopfstelle f\u00fcr bis zu 150 TV-Sender\/Erweiterbar)!<\/li>\n<li>107dBuV Profi CATV Verst\u00e4rker<\/li>\n<li>Ethernet Switch Metallgeh\u00e4use<\/li>\n<li>4 x WB-LNBs (Vorbereitet f\u00fcr Astra\/Hotbird\/Astra 23,5\u00b0O\/Eutelsat 9\u00b0O)<\/li>\n<li>Plug &amp; Play: Alle notwendigen Verbindungskabel\/Stecker\/Hutschiene<\/li>\n<\/ul>\n<p><b><br \/><b>Montage\/Service Partner<\/b><\/b><\/p>\n<ul>\n<li>Finden Sie Ihren Verkaufs- und Montage\/Servicepartner in Ihrem Bundesland aus unserem<b> <a href=\"https:\/\/hotel-kopfstation.com\/haendler\/\" target=\"_blank\" rel=\"noopener\">Vertriebspartner Verzeichnis<\/a>.<br \/><\/b><\/li>\n<\/ul>\n<p><b><br \/><\/b><b>Vorgeschlagene Senderliste: <\/b><br \/>(individuell \u00e4nderbar)<\/p>\n<table width=\"606\" cellspacing=\"0\" cellpadding=\"0\" border=\"0\">\n<colgroup>\n<col>\n<col>\n<col>\n<col>\n<col>\n<col>\n<col> \t<\/colgroup>\n<tbody>\n<tr height=\"20\">\n<td style=\"height:20px;width:31px;\" height=\"20\" align=\"right\">1<\/td>\n<td style=\"width:16px;\">&nbsp;<\/td>\n<td style=\"width:152px;\">ORF 1 HD<\/td>\n<td style=\"width:35px;\">HD<\/td>\n<td style=\"width:120px;\">\u00d6sterreich<\/td>\n<td style=\"width:132px;\">Allgemein&nbsp;<\/td>\n<td style=\"width:121px;\">Deutsch<\/td>\n<\/tr>\n<tr height=\"20\">\n<td style=\"height:20px;\" height=\"20\" align=\"right\">2<\/td>\n<td>&nbsp;<\/td>\n<td>ORF 2 HD (Bundesland)<\/td>\n<td>HD<\/td>\n<td>\u00d6sterreich<\/td>\n<td>Allgemein&nbsp;<\/td>\n<td>Deutsch<\/td>\n<\/tr>\n<tr height=\"20\">\n<td style=\"height:20px;\" height=\"20\" align=\"right\">3<\/td>\n<td>&nbsp;<\/td>\n<td>ORF III HD<\/td>\n<td>HD<\/td>\n<td>\u00d6sterreich<\/td>\n<td>Allgemein&nbsp;<\/td>\n<td>Deutsch<\/td>\n<\/tr>\n<tr height=\"20\">\n<td style=\"height:20px;\" height=\"20\" align=\"right\">4<\/td>\n<td>&nbsp;<\/td>\n<td>Puls4<\/td>\n<td><\/td>\n<td>\u00d6sterreich<\/td>\n<td>Allgemein&nbsp;<\/td>\n<td>Deutsch<\/td>\n<\/tr>\n<tr height=\"20\">\n<td style=\"height:20px;\" height=\"20\" align=\"right\">5<\/td>\n<td>&nbsp;<\/td>\n<td>ATV HD<\/td>\n<td>HD <\/td>\n<td>\u00d6sterreich<\/td>\n<td>Allgemein&nbsp;<\/td>\n<td>Deutsch<\/td>\n<\/tr>\n<tr height=\"20\">\n<td style=\"height:20px;\" height=\"20\" align=\"right\">6<\/td>\n<td>&nbsp;<\/td>\n<td>ATV 2<\/td>\n<td>&nbsp;<\/td>\n<td>\u00d6sterreich<\/td>\n<td>Allgemein&nbsp;<\/td>\n<td>Deutsch<\/td>\n<\/tr>\n<tr height=\"20\">\n<td style=\"height:20px;\" height=\"20\" align=\"right\">7<\/td>\n<td>&nbsp;<\/td>\n<td>Das Erste HD<\/td>\n<td>HD<\/td>\n<td>Deutschland<\/td>\n<td>Allgemein&nbsp;<\/td>\n<td>Deutsch<\/td>\n<\/tr>\n<tr height=\"20\">\n<td style=\"height:20px;\" height=\"20\" align=\"right\">8<\/td>\n<td>&nbsp;<\/td>\n<td>ZDF HD<\/td>\n<td>HD<\/td>\n<td>Deutschland<\/td>\n<td>Allgemein&nbsp;<\/td>\n<td>Deutsch<\/td>\n<\/tr>\n<tr height=\"20\">\n<td style=\"height:20px;\" height=\"20\" align=\"right\">9<\/td>\n<td>&nbsp;<\/td>\n<td>3sat HD<\/td>\n<td>HD<\/td>\n<td>Deutschland<\/td>\n<td>Kultur<\/td>\n<td>Deutsch<\/td>\n<\/tr>\n<tr height=\"20\">\n<td style=\"height:20px;\" height=\"20\" align=\"right\">10<\/td>\n<td>&nbsp;<\/td>\n<td>arte HD<\/td>\n<td>HD<\/td>\n<td>Deutschland<\/td>\n<td>Kultur<\/td>\n<td>Deutsch<\/td>\n<\/tr>\n<tr height=\"20\">\n<td style=\"height:20px;\" height=\"20\" align=\"right\">11<\/td>\n<td>&nbsp;<\/td>\n<td>Servus TV HD<\/td>\n<td>HD<\/td>\n<td>\u00d6sterreich<\/td>\n<td>Allgemein&nbsp;<\/td>\n<td>Deutsch<\/td>\n<\/tr>\n<tr height=\"20\">\n<td style=\"height:20px;\" height=\"20\" align=\"right\">12<\/td>\n<td>&nbsp;<\/td>\n<td>SAT 1 Austria<\/td>\n<td>&nbsp;<\/td>\n<td>\u00d6sterreich<\/td>\n<td>Allgemein&nbsp;<\/td>\n<td>Deutsch<\/td>\n<\/tr>\n<tr height=\"20\">\n<td style=\"height:20px;\" height=\"20\" align=\"right\">13<\/td>\n<td>&nbsp;<\/td>\n<td>ProSieben Austria<\/td>\n<td>&nbsp;<\/td>\n<td>\u00d6sterreich<\/td>\n<td>Allgemein&nbsp;<\/td>\n<td>Deutsch<\/td>\n<\/tr>\n<tr height=\"20\">\n<td style=\"height:20px;\" height=\"20\" align=\"right\">14<\/td>\n<td>&nbsp;<\/td>\n<td>Kabel eins Austria<\/td>\n<td>&nbsp;<\/td>\n<td>\u00d6sterreich<\/td>\n<td>Allgemein&nbsp;<\/td>\n<td>Deutsch<\/td>\n<\/tr>\n<tr height=\"20\">\n<td style=\"height:20px;\" height=\"20\" align=\"right\">15<\/td>\n<td>&nbsp;<\/td>\n<td>RTL Austria<\/td>\n<td>&nbsp;<\/td>\n<td>\u00d6sterreich<\/td>\n<td>Allgemein&nbsp;<\/td>\n<td>Deutsch<\/td>\n<\/tr>\n<tr height=\"20\">\n<td style=\"height:20px;\" height=\"20\" align=\"right\">16<\/td>\n<td>&nbsp;<\/td>\n<td>RTL2 Austria<\/td>\n<td>&nbsp;<\/td>\n<td>\u00d6sterreich<\/td>\n<td>Allgemein&nbsp;<\/td>\n<td>Deutsch<\/td>\n<\/tr>\n<tr height=\"20\">\n<td style=\"height:20px;\" height=\"20\" align=\"right\">17<\/td>\n<td>&nbsp;<\/td>\n<td>RTL Plus Austria<\/td>\n<td>&nbsp;<\/td>\n<td>\u00d6sterreich<\/td>\n<td>Allgemein&nbsp;<\/td>\n<td>Deutsch<\/td>\n<\/tr>\n<tr height=\"20\">\n<td style=\"height:20px;\" height=\"20\" align=\"right\">18<\/td>\n<td>&nbsp;<\/td>\n<td>VOX Austria<\/td>\n<td>&nbsp;<\/td>\n<td>\u00d6sterreich<\/td>\n<td>Allgemein&nbsp;<\/td>\n<td>Deutsch<\/td>\n<\/tr>\n<tr height=\"20\">\n<td style=\"height:20px;\" height=\"20\" align=\"right\">19<\/td>\n<td>&nbsp;<\/td>\n<td>ORF Sport + HD<\/td>\n<td>HD <\/td>\n<td>\u00d6sterreich<\/td>\n<td>Sport<\/td>\n<td>Deutsch<\/td>\n<\/tr>\n<tr height=\"20\">\n<td style=\"height:20px;\" height=\"20\" align=\"right\">20<\/td>\n<td>&nbsp;<\/td>\n<td>Eurosport 1 DE<\/td>\n<td>&nbsp;<\/td>\n<td>Deutschland<\/td>\n<td>Sport<\/td>\n<td>Deutsch<\/td>\n<\/tr>\n<tr height=\"20\">\n<td style=\"height:20px;\" height=\"20\" align=\"right\">21<\/td>\n<td>&nbsp;<\/td>\n<td>DMAX Austria<\/td>\n<td>&nbsp;<\/td>\n<td>Deutschland<\/td>\n<td>Dokus\/Reportagen<\/td>\n<td>Deutsch<\/td>\n<\/tr>\n<tr height=\"20\">\n<td style=\"height:20px;\" height=\"20\" align=\"right\">22<\/td>\n<td>&nbsp;<\/td>\n<td>N24 DOKU Austria<\/td>\n<td>&nbsp;<\/td>\n<td>Deutschland<\/td>\n<td>Dokus\/Reportagen<\/td>\n<td>Deutsch<\/td>\n<\/tr>\n<tr height=\"20\">\n<td style=\"height:20px;\" height=\"20\" align=\"right\">23<\/td>\n<td>&nbsp;<\/td>\n<td>ComedyCentral<\/td>\n<td>&nbsp;<\/td>\n<td>Deutschland<\/td>\n<td>Verschiedenes&nbsp;<\/td>\n<td>Deutsch<\/td>\n<\/tr>\n<tr height=\"20\">\n<td style=\"height:20px;\" height=\"20\" align=\"right\">24<\/td>\n<td>&nbsp;<\/td>\n<td>KIKA HD<\/td>\n<td>HD<\/td>\n<td>Deutschland<\/td>\n<td>Kinderprogramm&nbsp;<\/td>\n<td>Deutsch<\/td>\n<\/tr>\n<tr height=\"20\">\n<td style=\"height:20px;\" height=\"20\" align=\"right\">25<\/td>\n<td>&nbsp;<\/td>\n<td>Super RTL Austria<\/td>\n<td>&nbsp;<\/td>\n<td>\u00d6sterreich<\/td>\n<td>Kinderprogramm<\/td>\n<td>Deutsch<\/td>\n<\/tr>\n<tr height=\"20\">\n<td style=\"height:20px;\" height=\"20\" align=\"right\">26<\/td>\n<td>&nbsp;<\/td>\n<td>Nickelodeon<\/td>\n<td>&nbsp;<\/td>\n<td>Deutschland<\/td>\n<td>Kinderprogramm&nbsp;<\/td>\n<td>Deutsch<\/td>\n<\/tr>\n<tr height=\"20\">\n<td style=\"height:20px;\" height=\"20\" align=\"right\">27<\/td>\n<td>&nbsp;<\/td>\n<td>Euronews DE<\/td>\n<td>&nbsp;<\/td>\n<td>Deutschland<\/td>\n<td>Nachrichten&nbsp;<\/td>\n<td>Deutsch<\/td>\n<\/tr>\n<tr height=\"20\">\n<td style=\"height:20px;\" height=\"20\" align=\"right\">28<\/td>\n<td>&nbsp;<\/td>\n<td>Tagesschau 24 HD<\/td>\n<td>HD<\/td>\n<td>Deutschland<\/td>\n<td>Nachrichten&nbsp;<\/td>\n<td>Deutsch<\/td>\n<\/tr>\n<tr height=\"20\">\n<td style=\"height:20px;\" height=\"20\" align=\"right\">29<\/td>\n<td>&nbsp;<\/td>\n<td>Oe24 TV<\/td>\n<td>HD<\/td>\n<td>\u00d6sterreich<\/td>\n<td>Nachrichten<\/td>\n<td>Deutsch<\/td>\n<\/tr>\n<tr height=\"20\">\n<td style=\"height:20px;\" height=\"20\" align=\"right\">30<\/td>\n<td>&nbsp;<\/td>\n<td>ZDFinfo HD<\/td>\n<td>HD<\/td>\n<td>Deutschland<\/td>\n<td>Dokus\/Reportagen<\/td>\n<td>Deutsch<\/td>\n<\/tr>\n<tr height=\"20\">\n<td style=\"height:20px;\" height=\"20\" align=\"right\">31<\/td>\n<td>&nbsp;<\/td>\n<td>zdf_neo HD<\/td>\n<td>HD<\/td>\n<td>Deutschland<\/td>\n<td>Allgemein&nbsp;<\/td>\n<td>Deutsch<\/td>\n<\/tr>\n<tr height=\"20\">\n<td style=\"height:20px;\" height=\"20\" align=\"right\">32<\/td>\n<td>&nbsp;<\/td>\n<td>SWR Fernsehen HD<\/td>\n<td>HD<\/td>\n<td>Deutschland<\/td>\n<td>Allgemein&nbsp;<\/td>\n<td>Deutsch<\/td>\n<\/tr>\n<tr height=\"20\">\n<td style=\"height:20px;\" height=\"20\" align=\"right\">33<\/td>\n<td>&nbsp;<\/td>\n<td>Phoenix HD<\/td>\n<td>HD<\/td>\n<td>Deutschland<\/td>\n<td>Dokus\/Reportagen<\/td>\n<td>Deutsch<\/td>\n<\/tr>\n<tr height=\"20\">\n<td style=\"height:20px;\" height=\"20\" align=\"right\">34<\/td>\n<td>&nbsp;<\/td>\n<td>BR Fernsehen HD<\/td>\n<td>HD<\/td>\n<td>Deutschland<\/td>\n<td>Allgemein&nbsp;<\/td>\n<td>Deutsch<\/td>\n<\/tr>\n<tr height=\"20\">\n<td style=\"height:20px;\" height=\"20\" align=\"right\">35<\/td>\n<td>&nbsp;<\/td>\n<td>NDR Fernsehen HD<\/td>\n<td>HD<\/td>\n<td>Deutschland<\/td>\n<td>Allgemein&nbsp;<\/td>\n<td>Deutsch<\/td>\n<\/tr>\n<tr height=\"20\">\n<td style=\"height:20px;\" height=\"20\" align=\"right\">36<\/td>\n<td>&nbsp;<\/td>\n<td>RBB Berlin HD<\/td>\n<td>HD<\/td>\n<td>Deutschland<\/td>\n<td>Allgemein&nbsp;<\/td>\n<td>Deutsch<\/td>\n<\/tr>\n<tr height=\"20\">\n<td style=\"height:20px;\" height=\"20\" align=\"right\">37<\/td>\n<td>&nbsp;<\/td>\n<td>MDR Fernsehen HD<\/td>\n<td>HD<\/td>\n<td>Deutschland<\/td>\n<td>Allgemein&nbsp;<\/td>\n<td>Deutsch<\/td>\n<\/tr>\n<tr height=\"20\">\n<td style=\"height:20px;\" height=\"20\" align=\"right\">38<\/td>\n<td>&nbsp;<\/td>\n<td>HR Fernsehen HD<\/td>\n<td>HD<\/td>\n<td>Deutschland<\/td>\n<td>Allgemein&nbsp;<\/td>\n<td>Deutsch<\/td>\n<\/tr>\n<tr height=\"20\">\n<td style=\"height:20px;\" height=\"20\" align=\"right\">39<\/td>\n<td>&nbsp;<\/td>\n<td>WDR HD<\/td>\n<td>HD<\/td>\n<td>Deutschland<\/td>\n<td>Allgemein&nbsp;<\/td>\n<td>Deutsch<\/td>\n<\/tr>\n<tr height=\"20\">\n<td style=\"height:20px;\" height=\"20\" align=\"right\">40<\/td>\n<td>&nbsp;<\/td>\n<td>SR Fernsehen HD<\/td>\n<td>HD<\/td>\n<td>Deutschland<\/td>\n<td>Allgemein&nbsp;<\/td>\n<td>Deutsch<\/td>\n<\/tr>\n<tr height=\"20\">\n<td style=\"height:20px;\" height=\"20\" align=\"right\">41<\/td>\n<td>&nbsp;<\/td>\n<td>One HD<\/td>\n<td>HD<\/td>\n<td>Deutschland<\/td>\n<td>Allgemein&nbsp;<\/td>\n<td>Deutsch<\/td>\n<\/tr>\n<tr height=\"20\">\n<td style=\"height:20px;\" height=\"20\" align=\"right\">42<\/td>\n<td>&nbsp;<\/td>\n<td>ARD Alpha HD<\/td>\n<td>HD<\/td>\n<td>Deutschland<\/td>\n<td>Dokus\/Reportagen<\/td>\n<td>Deutsch<\/td>\n<\/tr>\n<tr height=\"20\">\n<td style=\"height:20px;\" height=\"20\" align=\"right\">43<\/td>\n<td>&nbsp;<\/td>\n<td>Deluxe Music<\/td>\n<td>&nbsp;<\/td>\n<td>Deutschland<\/td>\n<td>Musik&nbsp;<\/td>\n<td>Deutsch<\/td>\n<\/tr>\n<tr height=\"20\">\n<td style=\"height:20px;\" height=\"20\" align=\"right\">44<\/td>\n<td>&nbsp;<\/td>\n<td>GoTV<\/td>\n<td>&nbsp;<\/td>\n<td>\u00d6sterreich<\/td>\n<td>Musik<\/td>\n<td>Deutsch<\/td>\n<\/tr>\n<tr height=\"20\">\n<td style=\"height:20px;\" height=\"20\" align=\"right\">45<\/td>\n<td>&nbsp;<\/td>\n<td>Melodie TV<\/td>\n<td>&nbsp;<\/td>\n<td>\u00d6sterreich<\/td>\n<td>Musik<\/td>\n<td>Deutsch<\/td>\n<\/tr>\n<tr height=\"20\">\n<td style=\"height:20px;\" height=\"20\" align=\"right\">46<\/td>\n<td>&nbsp;<\/td>\n<td>R9 \u00d6sterreich<\/td>\n<td>HD<\/td>\n<td>\u00d6sterreich<\/td>\n<td>Regional Programm<\/td>\n<td>Deutsch<\/td>\n<\/tr>\n<tr height=\"20\">\n<td style=\"height:20px;\" height=\"20\" align=\"right\">47<\/td>\n<td>&nbsp;<\/td>\n<td>SchauTV HD<\/td>\n<td>HD<\/td>\n<td>\u00d6sterreich<\/td>\n<td>Regional Programm<\/td>\n<td>Deutsch<\/td>\n<\/tr>\n<tr height=\"20\">\n<td style=\"height:20px;\" height=\"20\" align=\"right\">48<\/td>\n<td>&nbsp;<\/td>\n<td>Bibel TV HD<\/td>\n<td>HD<\/td>\n<td>\u00d6sterreich<\/td>\n<td>Religion<\/td>\n<td>Deutsch<\/td>\n<\/tr>\n<tr height=\"20\">\n<td style=\"height:20px;\" height=\"20\" align=\"right\">49<\/td>\n<td>&nbsp;<\/td>\n<td>Hope Channel<\/td>\n<td>HD<\/td>\n<td>Deutschland<\/td>\n<td>Religion<\/td>\n<td>Deutsch<\/td>\n<\/tr>\n<tr height=\"20\">\n<td style=\"height:20px;\" height=\"20\" align=\"right\">50<\/td>\n<td>&nbsp;<\/td>\n<td colspan=\"2\">SRF Info (teilweise verschl.)<\/td>\n<td>Schweiz<\/td>\n<td>Allgemein&nbsp;<\/td>\n<td>Deutsch<\/td>\n<\/tr>\n<tr height=\"22\">\n<td style=\"height:22px;\" height=\"22\" align=\"right\">51<\/td>\n<td>&nbsp;<\/td>\n<td>Schweiz 5<\/td>\n<td>&nbsp;<\/td>\n<td>Schweiz<\/td>\n<td>Allgemein&nbsp;<\/td>\n<td>Deutsch<\/td>\n<\/tr>\n<tr height=\"20\">\n<td style=\"height:20px;\" height=\"20\" align=\"right\">52<\/td>\n<td>&nbsp;<\/td>\n<td>SAT 1 Schweiz<\/td>\n<td>&nbsp;<\/td>\n<td>Schweiz<\/td>\n<td>Allgemein&nbsp;<\/td>\n<td>Deutsch<\/td>\n<\/tr>\n<tr height=\"20\">\n<td style=\"height:20px;\" height=\"20\" align=\"right\">53<\/td>\n<td>&nbsp;<\/td>\n<td>ProSieben Schweiz<\/td>\n<td>&nbsp;<\/td>\n<td>Schweiz<\/td>\n<td>Allgemein&nbsp;<\/td>\n<td>Deutsch<\/td>\n<\/tr>\n<tr height=\"20\">\n<td style=\"height:20px;\" height=\"20\" align=\"right\">54<\/td>\n<td>&nbsp;<\/td>\n<td>Kabel eins Schweiz<\/td>\n<td>&nbsp;<\/td>\n<td>Schweiz<\/td>\n<td>Allgemein&nbsp;<\/td>\n<td>Deutsch<\/td>\n<\/tr>\n<tr height=\"20\">\n<td style=\"height:20px;\" height=\"20\" align=\"right\">55<\/td>\n<td>&nbsp;<\/td>\n<td>RTL Schweiz<\/td>\n<td>&nbsp;<\/td>\n<td>Schweiz<\/td>\n<td>Allgemein&nbsp;<\/td>\n<td>Deutsch<\/td>\n<\/tr>\n<tr height=\"20\">\n<td style=\"height:20px;\" height=\"20\" align=\"right\">56<\/td>\n<td>&nbsp;<\/td>\n<td>VOX Schweiz<\/td>\n<td>&nbsp;<\/td>\n<td>Schweiz<\/td>\n<td>Allgemein&nbsp;<\/td>\n<td>Deutsch<\/td>\n<\/tr>\n<tr height=\"20\">\n<td style=\"height:20px;\" height=\"20\" align=\"right\">57<\/td>\n<td>&nbsp;<\/td>\n<td>Sky News Int.<\/td>\n<td>&nbsp;<\/td>\n<td>England&nbsp;<\/td>\n<td>Nachrichten&nbsp;<\/td>\n<td>Englisch<\/td>\n<\/tr>\n<tr height=\"20\">\n<td style=\"height:20px;\" height=\"20\" align=\"right\">58<\/td>\n<td>&nbsp;<\/td>\n<td>Cnn Int<\/td>\n<td>&nbsp;<\/td>\n<td>USA\/GB<\/td>\n<td>Nachrichten&nbsp;<\/td>\n<td>Englisch<\/td>\n<\/tr>\n<tr height=\"20\">\n<td style=\"height:20px;\" height=\"20\" align=\"right\">59<\/td>\n<td>&nbsp;<\/td>\n<td>DW English<\/td>\n<td>&nbsp;<\/td>\n<td>Deutschland<\/td>\n<td>Nachrichten&nbsp;<\/td>\n<td>Englisch<\/td>\n<\/tr>\n<tr height=\"20\">\n<td style=\"height:20px;\" height=\"20\" align=\"right\">60<\/td>\n<td>&nbsp;<\/td>\n<td>France 24 Eng<\/td>\n<td>&nbsp;<\/td>\n<td>Frankreich<\/td>\n<td>Nachrichten&nbsp;<\/td>\n<td>Englisch<\/td>\n<\/tr>\n<tr height=\"20\">\n<td style=\"height:20px;\" height=\"20\" align=\"right\">61<\/td>\n<td>&nbsp;<\/td>\n<td>Russia Today Eng<\/td>\n<td>&nbsp;<\/td>\n<td>Russland&nbsp;<\/td>\n<td>Nachrichten&nbsp;<\/td>\n<td>Englisch<\/td>\n<\/tr>\n<tr height=\"20\">\n<td style=\"height:20px;\" height=\"20\" align=\"right\">62<\/td>\n<td>&nbsp;<\/td>\n<td>TRT World HD<\/td>\n<td>HD<\/td>\n<td>T\u00fcrkei<\/td>\n<td>Nachrichten&nbsp;<\/td>\n<td>Englisch<\/td>\n<\/tr>\n<tr height=\"20\">\n<td style=\"height:20px;\" height=\"20\" align=\"right\">63<\/td>\n<td>&nbsp;<\/td>\n<td>Fashion One&nbsp;<\/td>\n<td>&nbsp;<\/td>\n<td>England&nbsp;<\/td>\n<td>Verschiedenes&nbsp;<\/td>\n<td>Englisch<\/td>\n<\/tr>\n<tr height=\"20\">\n<td style=\"height:20px;\" height=\"20\" align=\"right\">64<\/td>\n<td>&nbsp;<\/td>\n<td>CGTN<\/td>\n<td>HD<\/td>\n<td>China&nbsp;<\/td>\n<td>Nachrichten&nbsp;<\/td>\n<td>Englisch<\/td>\n<\/tr>\n<tr height=\"20\">\n<td style=\"height:20px;\" height=\"20\" align=\"right\">65<\/td>\n<td>&nbsp;<\/td>\n<td>CGTN Documentary<\/td>\n<td>&nbsp;<\/td>\n<td>China&nbsp;<\/td>\n<td>Dokus\/Reportagen<\/td>\n<td>Englisch<\/td>\n<\/tr>\n<tr height=\"20\">\n<td style=\"height:20px;\" height=\"20\" align=\"right\">66<\/td>\n<td>&nbsp;<\/td>\n<td>Rai 1&nbsp;<\/td>\n<td>&nbsp;<\/td>\n<td>Italien&nbsp;<\/td>\n<td>Allgemein&nbsp;<\/td>\n<td>Italienisch<\/td>\n<\/tr>\n<tr height=\"20\">\n<td style=\"height:20px;\" height=\"20\" align=\"right\">67<\/td>\n<td>&nbsp;<\/td>\n<td>Rai 2&nbsp;<\/td>\n<td>&nbsp;<\/td>\n<td>Italien&nbsp;<\/td>\n<td>Allgemein&nbsp;<\/td>\n<td>Italienisch<\/td>\n<\/tr>\n<tr height=\"20\">\n<td style=\"height:20px;\" height=\"20\" align=\"right\">68<\/td>\n<td>&nbsp;<\/td>\n<td>Rai 3&nbsp;<\/td>\n<td>&nbsp;<\/td>\n<td>Italien&nbsp;<\/td>\n<td>Allgemein&nbsp;<\/td>\n<td>Italienisch<\/td>\n<\/tr>\n<tr height=\"20\">\n<td style=\"height:20px;\" height=\"20\" align=\"right\">69<\/td>\n<td>&nbsp;<\/td>\n<td>Rai News 24&nbsp;<\/td>\n<td>&nbsp;<\/td>\n<td>Italien&nbsp;<\/td>\n<td>Nachrichten&nbsp;<\/td>\n<td>Italienisch<\/td>\n<\/tr>\n<tr height=\"20\">\n<td style=\"height:20px;\" height=\"20\" align=\"right\">70<\/td>\n<td>&nbsp;<\/td>\n<td>TV5Monde<\/td>\n<td>&nbsp;<\/td>\n<td>Frankreich<\/td>\n<td>Allgemein&nbsp;<\/td>\n<td>Franz\u00f6sich<\/td>\n<\/tr>\n<tr height=\"20\">\n<td style=\"height:20px;\" height=\"20\" align=\"right\">71<\/td>\n<td>&nbsp;<\/td>\n<td>France 24<\/td>\n<td>&nbsp;<\/td>\n<td>Frankreich<\/td>\n<td>Nachrichten&nbsp;<\/td>\n<td>Franz\u00f6sich<\/td>\n<\/tr>\n<tr height=\"20\">\n<td style=\"height:20px;\" height=\"20\" align=\"right\">72<\/td>\n<td>&nbsp;<\/td>\n<td>Euronews FR<\/td>\n<td>&nbsp;<\/td>\n<td>Frankreich<\/td>\n<td>Nachrichten&nbsp;<\/td>\n<td>Franz\u00f6sich<\/td>\n<\/tr>\n<tr height=\"20\">\n<td style=\"height:20px;\" height=\"20\" align=\"right\">73<\/td>\n<td>&nbsp;<\/td>\n<td>CGTN F<\/td>\n<td>&nbsp;<\/td>\n<td>China<\/td>\n<td>Allgemein&nbsp;<\/td>\n<td>Franz\u00f6sich<\/td>\n<\/tr>\n<tr height=\"20\">\n<td style=\"height:20px;\" height=\"20\" align=\"right\">74<\/td>\n<td>&nbsp;<\/td>\n<td>BVN&nbsp;<\/td>\n<td>&nbsp;<\/td>\n<td>Holland&nbsp;<\/td>\n<td>Allgemein&nbsp;<\/td>\n<td>Niederl\u00e4ndisch<\/td>\n<\/tr>\n<tr height=\"20\">\n<td style=\"height:20px;\" height=\"20\" align=\"right\">75<\/td>\n<td>&nbsp;<\/td>\n<td>TVE Int. Europa<\/td>\n<td>&nbsp;<\/td>\n<td>Spanien<\/td>\n<td>Nachrichten&nbsp;<\/td>\n<td>Spanisch<\/td>\n<\/tr>\n<tr height=\"20\">\n<td style=\"height:20px;\" height=\"20\" align=\"right\">76<\/td>\n<td>&nbsp;<\/td>\n<td>Canal 24 Horas<\/td>\n<td>&nbsp;<\/td>\n<td>Spanien<\/td>\n<td>Nachrichten&nbsp;<\/td>\n<td>Spanisch<\/td>\n<\/tr>\n<tr height=\"20\">\n<td style=\"height:20px;\" height=\"20\" align=\"right\">77<\/td>\n<td>&nbsp;<\/td>\n<td>CGTN E&nbsp;<\/td>\n<td>HD<\/td>\n<td>China&nbsp;<\/td>\n<td>Allgemein&nbsp;<\/td>\n<td>Spanisch<\/td>\n<\/tr>\n<tr height=\"20\">\n<td style=\"height:20px;\" height=\"20\" align=\"right\">78<\/td>\n<td>&nbsp;<\/td>\n<td>CCTV 4E&nbsp;<\/td>\n<td>HD<\/td>\n<td>China&nbsp;<\/td>\n<td>Allgemein&nbsp;<\/td>\n<td>Chinesisch<\/td>\n<\/tr>\n<tr height=\"20\">\n<td style=\"height:20px;\" height=\"20\" align=\"right\">79<\/td>\n<td>&nbsp;<\/td>\n<td>Sky News Arabia<\/td>\n<td>&nbsp;<\/td>\n<td>England<\/td>\n<td>Nachrichten<\/td>\n<td>Arabisch<\/td>\n<\/tr>\n<tr height=\"20\">\n<td style=\"height:20px;\" height=\"20\" align=\"right\">80<\/td>\n<td>&nbsp;<\/td>\n<td>Orient News<\/td>\n<td>&nbsp;<\/td>\n<td>Arabische Emirate<\/td>\n<td>Nachrichten<\/td>\n<td>Arabisch<\/td>\n<\/tr>\n<tr height=\"20\">\n<td style=\"height:20px;\" height=\"20\" align=\"right\">81<\/td>\n<td>&nbsp;<\/td>\n<td>France 24 Arabic<\/td>\n<td>&nbsp;<\/td>\n<td>Frankreich<\/td>\n<td>Nachrichten&nbsp;<\/td>\n<td>Arabisch<\/td>\n<\/tr>\n<tr height=\"20\">\n<td style=\"height:20px;\" height=\"20\" align=\"right\">82<\/td>\n<td>&nbsp;<\/td>\n<td>AL Arabia HD<\/td>\n<td>HD<\/td>\n<td>Arabische Emirate<\/td>\n<td>Nachrichten<\/td>\n<td>Arabisch<\/td>\n<\/tr>\n<tr height=\"20\">\n<td style=\"height:20px;\" height=\"20\" align=\"right\">83<\/td>\n<td>&nbsp;<\/td>\n<td>AD Sport1 HD<\/td>\n<td>HD<\/td>\n<td>Arabische Emirate<\/td>\n<td>Sport<\/td>\n<td>Arabisch<\/td>\n<\/tr>\n<tr height=\"20\">\n<td style=\"height:20px;\" height=\"20\" align=\"right\">84<\/td>\n<td>&nbsp;<\/td>\n<td>YAS Sports HD<\/td>\n<td>HD<\/td>\n<td>Arabische Emirate<\/td>\n<td>Sport<\/td>\n<td>Arabisch<\/td>\n<\/tr>\n<tr height=\"20\">\n<td style=\"height:20px;\" height=\"20\" align=\"right\">85<\/td>\n<td>&nbsp;<\/td>\n<td>Abu Dhabi TV HD<\/td>\n<td>HD<\/td>\n<td>Arabische Emirate<\/td>\n<td>Allgemein<\/td>\n<td>Arabisch<\/td>\n<\/tr>\n<tr height=\"20\">\n<td style=\"height:20px;\" height=\"20\" align=\"right\">86<\/td>\n<td>&nbsp;<\/td>\n<td>Al Sharjah HD<\/td>\n<td>HD<\/td>\n<td>Arabische Emirate<\/td>\n<td>Allgemein<\/td>\n<td>Arabisch<\/td>\n<\/tr>\n<tr height=\"20\">\n<td style=\"height:20px;\" height=\"20\" align=\"right\">87<\/td>\n<td>&nbsp;<\/td>\n<td>Al Sharqiay HD<\/td>\n<td>HD<\/td>\n<td>Arabische Emirate<\/td>\n<td>Allgemein<\/td>\n<td>Arabisch<\/td>\n<\/tr>\n<tr height=\"20\">\n<td style=\"height:20px;\" height=\"20\" align=\"right\">88<\/td>\n<td>&nbsp;<\/td>\n<td>Suryoyo Sat&nbsp;<\/td>\n<td>&nbsp;<\/td>\n<td>Syrien<\/td>\n<td>Verschiedenes&nbsp;<\/td>\n<td>Arabisch<\/td>\n<\/tr>\n<tr height=\"20\">\n<td style=\"height:20px;\" height=\"20\" align=\"right\">89<\/td>\n<td>&nbsp;<\/td>\n<td>Vozrojdenie.tv<\/td>\n<td>&nbsp;<\/td>\n<td>Russland&nbsp;<\/td>\n<td>Kultur<\/td>\n<td>Russisch<\/td>\n<\/tr>\n<tr height=\"20\">\n<td style=\"height:20px;\" height=\"20\" align=\"right\">90<\/td>\n<td>&nbsp;<\/td>\n<td>TVK&nbsp;<\/td>\n<td>&nbsp;<\/td>\n<td>Kambodscha&nbsp;<\/td>\n<td>Allgemein&nbsp;<\/td>\n<td>Kambodschanisch&nbsp;<\/td>\n<\/tr>\n<tr height=\"20\">\n<td style=\"height:20px;\" height=\"20\" align=\"right\">91<\/td>\n<td>&nbsp;<\/td>\n<td>Thai Global Network&nbsp;<\/td>\n<td>&nbsp;<\/td>\n<td>Thailand&nbsp;<\/td>\n<td>Allgemein&nbsp;<\/td>\n<td>Thail\u00e4ndisch<\/td>\n<\/tr>\n<tr height=\"20\">\n<td style=\"height:20px;\" height=\"20\" align=\"right\">92<\/td>\n<td>&nbsp;<\/td>\n<td>NetViet&nbsp;<\/td>\n<td>&nbsp;<\/td>\n<td>Vietnam&nbsp;<\/td>\n<td>Verschiedenes&nbsp;<\/td>\n<td>Vietnamesisch<\/td>\n<\/tr>\n<\/tbody>\n<\/table>","protected":false},"excerpt":{"rendered":"<p>Lagernd und nach Bestelleingang innerhalb von 10-20 Werktagen fertig gestellt! Satmedia Komplettset f\u00fcr eine Hotel HD Kabelkopfstation \/ Kabelkopfstelle mit \u00fcber 90 [&hellip;]<\/p>","protected":false},"featured_media":1580,"template":"","meta":[],"product_cat":[41,39],"product_tag":[],"_links":{"self":[{"href":"https:\/\/satmediawp.edv-kroiss.com\/en\/wp-json\/wp\/v2\/product\/1581"}],"collection":[{"href":"https:\/\/satmediawp.edv-kroiss.com\/en\/wp-json\/wp\/v2\/product"}],"about":[{"href":"https:\/\/satmediawp.edv-kroiss.com\/en\/wp-json\/wp\/v2\/types\/product"}],"wp:featuredmedia":[{"embeddable":true,"href":"https:\/\/satmediawp.edv-kroiss.com\/en\/wp-json\/wp\/v2\/media\/1580"}],"wp:attachment":[{"href":"https:\/\/satmediawp.edv-kroiss.com\/en\/wp-json\/wp\/v2\/media?parent=1581"}],"wp:term":[{"taxonomy":"product_cat","embeddable":true,"href":"https:\/\/satmediawp.edv-kroiss.com\/en\/wp-json\/wp\/v2\/product_cat?post=1581"},{"taxonomy":"product_tag","embeddable":true,"href":"https:\/\/satmediawp.edv-kroiss.com\/en\/wp-json\/wp\/v2\/product_tag?post=1581"}],"curies":[{"name":"wp","href":"https:\/\/api.w.org\/{rel}","templated":true}]}}