{"id":1600,"date":"2019-03-01T14:16:16","date_gmt":"2019-03-01T14:16:16","guid":{"rendered":"https:\/\/satmediawp.edv-kroiss.com\/produkt\/amiko-x-finder-3-pro-triple-dvb-s2-c-t2-sat-kabel-terrestrisch-messgeraet\/"},"modified":"2024-05-17T11:20:23","modified_gmt":"2024-05-17T09:20:23","slug":"amiko-x-finder-3-pro-triple-dvb-s2-c-t2-sat-kabel-terrestrisch-messgeraet","status":"publish","type":"product","link":"https:\/\/satmediawp.edv-kroiss.com\/en\/product\/amiko-x-finder-3-pro-triple-dvb-s2-c-t2-sat-kabel-terrestrisch-messgeraet\/","title":{"rendered":"Amiko X-Finder 3 Pro Triple DVB-S2\/C\/T(2) SAT\/Kabel\/Terrestrisch Messger\u00e4t"},"content":{"rendered":"<p><b>Pro-Edition mit Transport-Koffer<\/b><\/p>\n<p>Der Amiko X-Finder 3 ist unser Profi-Messger\u00e4t f\u00fcr Satellit DVB-S(+2), Kabel DVB-C und DVB-T(+2).<br \/>   Dank des eingebauten CI-Slots (und Kartenlesers) lassen sich auch verschl\u00fcsselte Signale darstellen!<\/p>\n<p>   Dieses All-in-one Messger\u00e4t unterst\u00fctzt neben der Messung von DVB-S, DVB-S2, DVB-T (+2) und DVB-C Signalen auch die neuen HEVC H.265 \u00dcbertragungsstandards!   <br \/>Ein weiteres Feature ist der zus\u00e4tzliche analoge BNC Video Eingang zur Signalkontrolle von zB. CCTV Kameras.<\/p>\n<p>Das gro\u00dfe 7&#8220; LCD Display zeigt den Signallevel und\/oder den Inhalt der TV Sendern direkt am Bildschirm an.<\/p>\n<p>Der Lithium Ionen Akku hat mit 7.4V und 6300mAh genug Power f\u00fcr mehrere Projekte. Die Laufzeit betr\u00e4gt durchschnittlich 6-7 Stunden.   <br \/>Der USB-Anschluss ist geeignet f\u00fcr Probeaufnahmen und zum Einspielen von Firmware und Senderparametern.<br \/>   Das Ger\u00e4t verf\u00fcgt neben dem Standard Audio\/Video Ausgang auch \u00fcber eine HDMI Schnittstelle.<br \/>   Mit der Fernbedienung l\u00e4sst sich das Messger\u00e4t sogar als Receiver bedienen.<br \/>   Im Lieferumfang weiteres enthalten sind nebem dem Transportkoffer, ein Trageriemen, ein Autoadapter und das Lade-Netzteil.<\/p>\n<p>   <b><br \/>Features<\/b><br \/>Satellite, Terrestrial and Cable Signal Measurement<br \/>Full feature portable set-top box<br \/>7\u201d color display<br \/>One Conax Embedded card reader<br \/>One Common Interface Slot<br \/>BNC for analogue camera input<br \/>Satellite Blind Scanning support<br \/>Spectrum Analyzer<br \/>Satellite Dish Angle calculation<br \/>Constellation measurement<br \/>Dynamic Error Rate Calculation &amp; Display<br \/>High Speed USB 2.0 connection<br \/>Multimedia playback (MP3, MP4, MKV, AVI, MPG, etc&#8230;)<br \/>Ethernet Connection<br \/>USB WiFi support (Ralink RT5370 chipset)<br \/>Full HD (1080p) video output via HDMI<br \/>DC 12V output connection<br \/>Unicable &amp; DiSEqC 1.0, 1.1, 1.2 &amp; USALS support<br \/>Remote Controller included<br \/>Car Charger included<br \/>Two handles for both left and right handed use<br \/>Built-in kickstand<br \/>Easy Database Management and Transfer via USB<br \/>Easy Software Upgrades through USB &amp; Internet<\/p>\n<p><b>System Resources<\/b><br \/>Main Processor: 800 MHz based CPU<br \/>Flash Memory: 64 Mbits<br \/>DDR RAM: 2048 Mbits<\/p>\n<p><b>Satellite Tuner<\/b><br \/>Tuner Type: DVB-S \/ DVB-S2<br \/>Input Connector: F-Type connector, female<br \/>Frequency Range: 950MHz &#8211; 2150MHz<br \/>Signal level: -65 to -25dBm<br \/>LNB Power &amp; Polarization: Vertical: +13V<br \/>Horizontal: +18V<br \/>Current: 300mA max<br \/>Overload protection<br \/>22KHz Tone: 22\u00b11KHz<br \/>DiSEqC Control: Amplitude: 0.6\u00b1.02V<br \/>Version 1.0, 1.1, 1.2, USALS<br \/>Demodulation: QPSK, 8PSK<br \/>Input Symbol Rate: 2-45Mbps, Convolution Code Rate<br \/>FEC: 1\/2, 2\/3, 3\/4, 5\/6, 7\/8, 1\/4, 1\/3, 2\/5, 3\/5, 4\/5, 8\/9,9\/10<\/p>\n<p><b>Terrestrial Tuner<\/b><br \/>Tuner Type: DVB-T (2)<br \/>Input Connector: IEC-Type connector, female<br \/>Signal Level: Nordig Compliant, DBOOK Compliant<br \/>FEC: DVB-T: Viterbi + Reed Solomon 1\/2, 2\/3, 3\/4, 5\/6,7\/8<br \/>DVB-T: LPDC + BCH 1\/2, 3\/5, 2\/3, 3\/4, 5\/6<br \/>Frequency Range: 47-862MHz<br \/>Demodulation: QPSK, 16QAM, 64QAM, 256QAM (both rotated and non-rotated)<br \/>Guard Interval: 1\/4, 19\/256, 1\/8, 19\/128, 1\/16, 1\/32, 1\/128<br \/>FFT Mode: 1k, 2k, 4k, 8k, 16k, 32k normal and extended<br \/>Channel Bandwidth: 6 \/ 7 \/ 8MHz<br \/>Antenna Output Power: 5V 50mA max<br \/>Demodulation: COFDM 2K\/8K<\/p>\n<p><b>Cable Tuner<\/b><br \/>Tuner Type: DVB-C<br \/>Input Connector: IEC-Type connector, female<br \/>Frequency Range: 47-862MHz<br \/>Signal Level: -20dBmV &#8211; +20dBmV<br \/>Bandwidth: 8MHz<br \/>Demodulation: 16QAM, 32QAM, 64QAM, 128QAM, 256QAM<br \/>Input Symbol Rate: 1.5 &#8211; 7Ms\/s<\/p>\n<p><b>MPEG TS A\/V Decoding<\/b><br \/>Transport Stream: MPEG-2, H.265<br \/>Input Rate: Max 120Mbit\/s<br \/>Aspect Ratio: 4:3, 16:9<br \/>Video Decoding: MPEG-2, MP@ML, MPEG-4 part10\/H.264, H.265<br \/>Audio Decoding: MPEG-1 layer I\/II, MPEG2 layer II, Dolby Digital,AAC<br \/>Audio Mode: Left, Right, Stereo, Mono<br \/>Sampling Rate: 32, 44.1, 48KHz<\/p>\n<p><b>A\/V &amp; Data Input \/ Output<\/b><br \/>Video In: BNC type, analogue video input<br \/>USB: High Speed USB2.0 connection (Type A)<br \/>HD OUT: HDMI Ver 1.3, Type A<br \/>Ethernet: RJ45 10\/100M<\/p>\n<p><b>Power Supply<\/b><br \/>Input Voltage: AC 100-240V 50\/60Hz<br \/>Output Voltage: DC 12V 4.5A max<br \/>Power Consumption: 48W max<br \/>Battery: 7.4V 6.3Ah<br \/>Battery Charging Time: 3.5 hours<br \/>Battery Discharging Time: up to 6-7 hours<\/p>\n<p><b>Physical Specifications<\/b><br \/>LCD Display: 7 inch<br \/>Size: 275mm x 175mm x 50mm (WxHxD)<br \/>Net Weight: &lt;2.0Kg<br \/>Operation Temperature: 0 &#8211; +45\u00b0C<br \/>Storage Temperature: -10 &#8211; +70\u00b0C<br \/>Storage Humidity: 5%-95% RH (Non-Condensing)<\/p>","protected":false},"excerpt":{"rendered":"<p>Pro-Edition mit Transport-Koffer Der Amiko X-Finder 3 ist unser Profi-Messger\u00e4t f\u00fcr Satellit DVB-S(+2), Kabel DVB-C und DVB-T(+2). Dank des eingebauten CI-Slots (und [&hellip;]<\/p>","protected":false},"featured_media":1597,"template":"","meta":[],"product_cat":[78,49,136],"product_tag":[],"_links":{"self":[{"href":"https:\/\/satmediawp.edv-kroiss.com\/en\/wp-json\/wp\/v2\/product\/1600"}],"collection":[{"href":"https:\/\/satmediawp.edv-kroiss.com\/en\/wp-json\/wp\/v2\/product"}],"about":[{"href":"https:\/\/satmediawp.edv-kroiss.com\/en\/wp-json\/wp\/v2\/types\/product"}],"wp:featuredmedia":[{"embeddable":true,"href":"https:\/\/satmediawp.edv-kroiss.com\/en\/wp-json\/wp\/v2\/media\/1597"}],"wp:attachment":[{"href":"https:\/\/satmediawp.edv-kroiss.com\/en\/wp-json\/wp\/v2\/media?parent=1600"}],"wp:term":[{"taxonomy":"product_cat","embeddable":true,"href":"https:\/\/satmediawp.edv-kroiss.com\/en\/wp-json\/wp\/v2\/product_cat?post=1600"},{"taxonomy":"product_tag","embeddable":true,"href":"https:\/\/satmediawp.edv-kroiss.com\/en\/wp-json\/wp\/v2\/product_tag?post=1600"}],"curies":[{"name":"wp","href":"https:\/\/api.w.org\/{rel}","templated":true}]}}